{"id":22739,"date":"2022-03-10T04:52:39","date_gmt":"2022-03-10T04:52:39","guid":{"rendered":"https:\/\/gocuisivin.com\/product\/ensemble-de-sous-verres-carres-en-liege-cuisivin-5-pieces\/"},"modified":"2023-01-19T16:15:23","modified_gmt":"2023-01-19T16:15:23","slug":"ensemble-de-sous-verres-carres-en-liege-cuisivin-5-pieces","status":"publish","type":"product","link":"https:\/\/gocuisivin.com\/fr\/product\/ensemble-de-sous-verres-carres-en-liege-cuisivin-5-pieces\/","title":{"rendered":"Ensemble de sous-verres carr\u00e9s en li\u00e8ge Cuisivin &#8211; 5 pi\u00e8ces"},"content":{"rendered":"<p>L&#8217;ensemble de sous-verres Corky comprend quatre sous-verres \u00e9pais de forme carr\u00e9e en li\u00e8ge portugais solide. Isolant naturel, les sous-bocks en li\u00e8ge sont parfaits pour les boissons chaudes ou froides. Le porte-bouchon assorti offre une option attrayante et pratique pour le stockage. Le support peut \u00e9galement \u00eatre utilis\u00e9 comme sous-bouteille.<\/p>\n","protected":false},"excerpt":{"rendered":"<p>&nbsp;<\/p>\n<ul>\n<li>Dessous de verre \u00e9pais en li\u00e8ge 100 % portugais<\/li>\n<li>L&#8217;ensemble comprend 4 sous-verres et 1 porte-verres<\/li>\n<li>Bon pour les boissons chaudes ou froides<\/li>\n<li>5 mm d&#8217;\u00e9paisseur<\/li>\n<li>Le porte-bouchon peut \u00eatre utilis\u00e9 comme sous-bouteille<\/li>\n<\/ul>\n","protected":false},"featured_media":16960,"comment_status":"open","ping_status":"closed","template":"","meta":[],"pwb-brand":[1664],"product_brand":[],"product_cat":[102,1565],"product_tag":[1031,1003,1002,281,1036,1035],"class_list":{"0":"post-22739","1":"product","2":"type-product","3":"status-publish","4":"has-post-thumbnail","6":"pwb-brand-cuisivin-fr","7":"product_cat-accessoires","8":"product_cat-accessoires-pour-le-vin-et-le-bar","9":"product_tag-5-pieces","10":"product_tag-accessoires","11":"product_tag-accessoires-pour-le-vin-et-le-bar","12":"product_tag-cuisivin-fr","13":"product_tag-ensemble-de-sous-verres","14":"product_tag-place-liege","16":"first","17":"instock","18":"taxable","19":"shipping-taxable","20":"purchasable","21":"product-type-simple"},"brands":[{"id":1664,"name":"Cuisivin","slug":"cuisivin-fr"}],"_links":{"self":[{"href":"https:\/\/gocuisivin.com\/fr\/wp-json\/wp\/v2\/product\/22739","targetHints":{"allow":["GET"]}}],"collection":[{"href":"https:\/\/gocuisivin.com\/fr\/wp-json\/wp\/v2\/product"}],"about":[{"href":"https:\/\/gocuisivin.com\/fr\/wp-json\/wp\/v2\/types\/product"}],"replies":[{"embeddable":true,"href":"https:\/\/gocuisivin.com\/fr\/wp-json\/wp\/v2\/comments?post=22739"}],"version-history":[{"count":1,"href":"https:\/\/gocuisivin.com\/fr\/wp-json\/wp\/v2\/product\/22739\/revisions"}],"predecessor-version":[{"id":24410,"href":"https:\/\/gocuisivin.com\/fr\/wp-json\/wp\/v2\/product\/22739\/revisions\/24410"}],"wp:featuredmedia":[{"embeddable":true,"href":"https:\/\/gocuisivin.com\/fr\/wp-json\/wp\/v2\/media\/16960"}],"wp:attachment":[{"href":"https:\/\/gocuisivin.com\/fr\/wp-json\/wp\/v2\/media?parent=22739"}],"wp:term":[{"taxonomy":"pwb-brand","embeddable":true,"href":"https:\/\/gocuisivin.com\/fr\/wp-json\/wp\/v2\/pwb-brand?post=22739"},{"taxonomy":"product_brand","embeddable":true,"href":"https:\/\/gocuisivin.com\/fr\/wp-json\/wp\/v2\/product_brand?post=22739"},{"taxonomy":"product_cat","embeddable":true,"href":"https:\/\/gocuisivin.com\/fr\/wp-json\/wp\/v2\/product_cat?post=22739"},{"taxonomy":"product_tag","embeddable":true,"href":"https:\/\/gocuisivin.com\/fr\/wp-json\/wp\/v2\/product_tag?post=22739"}],"curies":[{"name":"wp","href":"https:\/\/api.w.org\/{rel}","templated":true}]}}