{"id":22737,"date":"2022-03-10T05:31:55","date_gmt":"2022-03-10T05:31:55","guid":{"rendered":"https:\/\/gocuisivin.com\/product\/batonnets-de-recettes-de-cocktails-cuisivin-paquet-de-6\/"},"modified":"2023-01-19T16:05:25","modified_gmt":"2023-01-19T16:05:25","slug":"batonnets-de-recettes-de-cocktails-cuisivin-paquet-de-6","status":"publish","type":"product","link":"https:\/\/gocuisivin.com\/fr\/product\/batonnets-de-recettes-de-cocktails-cuisivin-paquet-de-6\/","title":{"rendered":"B\u00e2tonnets de recettes de cocktails Cuisivin \u2013 paquet de 6"},"content":{"rendered":"<p>Les b\u00e2tonnets de recette de cocktail Cuisivin offrent une nouvelle tournure \u00e0 un b\u00e2tonnet traditionnel. Ces b\u00e2tonnets r\u00e9utilisables comportent des recettes de cocktails int\u00e9gr\u00e9es. Chaque ingr\u00e9dient est parfaitement mesur\u00e9 sur toute sa longueur. L&#8217;ensemble comprend 6 b\u00e2tonnets avec 6 recettes de cocktails diff\u00e9rentes : Cosmopolitan, Tequila Sunrise, Manhattan, Mint Julep, Margarita, Mojito. Placez l&#8217;agitateur dans un grand verre vide, ajoutez les ingr\u00e9dients au niveau sp\u00e9cifi\u00e9, puis utilisez l&#8217;agitateur pour m\u00e9langer et savourer votre boisson pr\u00e9f\u00e9r\u00e9e.<\/p>\n","protected":false},"excerpt":{"rendered":"<p>&nbsp;<\/p>\n<ul>\n<li>Swizzle sticks avec des recettes de mesures pour 6 cocktails diff\u00e9rents<\/li>\n<li>Crochet int\u00e9gr\u00e9 pour attacher au verre haut<\/li>\n<li>Placez l&#8217;agitateur dans un grand verre vide, ajoutez les ingr\u00e9dients au niveau sp\u00e9cifi\u00e9, puis utilisez l&#8217;agitateur pour m\u00e9langer et savourer votre boisson pr\u00e9f\u00e9r\u00e9e<\/li>\n<li>6 recettes de cocktails diff\u00e9rentes : Cosmopolitan, Tequila Sunrise, Manhattan, Mint Julep, Margarita, Mojito<\/li>\n<li>R\u00e9utilisable<\/li>\n<\/ul>\n<p><img decoding=\"async\" src=\"https:\/\/gocuisivin.com\/gleengag\/2022\/03\/Icon-w_-Text_Dishwasher-Safe_1-scaled-e1647696229552.jpg\" alt=\"\" width=\"100\" height=\"100\" \/><\/p>\n","protected":false},"featured_media":16920,"comment_status":"open","ping_status":"closed","template":"","meta":[],"pwb-brand":[1664],"product_brand":[],"product_cat":[1565,968],"product_tag":[1037,1003,1002,1045,1049,291,281],"class_list":{"0":"post-22737","1":"product","2":"type-product","3":"status-publish","4":"has-post-thumbnail","6":"pwb-brand-cuisivin-fr","7":"product_cat-accessoires-pour-le-vin-et-le-bar","8":"product_cat-barware-fr","9":"product_tag-6-paquets-fr","10":"product_tag-accessoires","11":"product_tag-accessoires-pour-le-vin-et-le-bar","12":"product_tag-barware-fr","13":"product_tag-batonnets-de-recette","14":"product_tag-cocktail-fr","15":"product_tag-cuisivin-fr","17":"first","18":"instock","19":"taxable","20":"shipping-taxable","21":"purchasable","22":"product-type-simple"},"brands":[{"id":1664,"name":"Cuisivin","slug":"cuisivin-fr"}],"_links":{"self":[{"href":"https:\/\/gocuisivin.com\/fr\/wp-json\/wp\/v2\/product\/22737","targetHints":{"allow":["GET"]}}],"collection":[{"href":"https:\/\/gocuisivin.com\/fr\/wp-json\/wp\/v2\/product"}],"about":[{"href":"https:\/\/gocuisivin.com\/fr\/wp-json\/wp\/v2\/types\/product"}],"replies":[{"embeddable":true,"href":"https:\/\/gocuisivin.com\/fr\/wp-json\/wp\/v2\/comments?post=22737"}],"version-history":[{"count":1,"href":"https:\/\/gocuisivin.com\/fr\/wp-json\/wp\/v2\/product\/22737\/revisions"}],"predecessor-version":[{"id":24400,"href":"https:\/\/gocuisivin.com\/fr\/wp-json\/wp\/v2\/product\/22737\/revisions\/24400"}],"wp:featuredmedia":[{"embeddable":true,"href":"https:\/\/gocuisivin.com\/fr\/wp-json\/wp\/v2\/media\/16920"}],"wp:attachment":[{"href":"https:\/\/gocuisivin.com\/fr\/wp-json\/wp\/v2\/media?parent=22737"}],"wp:term":[{"taxonomy":"pwb-brand","embeddable":true,"href":"https:\/\/gocuisivin.com\/fr\/wp-json\/wp\/v2\/pwb-brand?post=22737"},{"taxonomy":"product_brand","embeddable":true,"href":"https:\/\/gocuisivin.com\/fr\/wp-json\/wp\/v2\/product_brand?post=22737"},{"taxonomy":"product_cat","embeddable":true,"href":"https:\/\/gocuisivin.com\/fr\/wp-json\/wp\/v2\/product_cat?post=22737"},{"taxonomy":"product_tag","embeddable":true,"href":"https:\/\/gocuisivin.com\/fr\/wp-json\/wp\/v2\/product_tag?post=22737"}],"curies":[{"name":"wp","href":"https:\/\/api.w.org\/{rel}","templated":true}]}}