{"id":22736,"date":"2022-03-10T05:16:07","date_gmt":"2022-03-10T05:16:07","guid":{"rendered":"https:\/\/gocuisivin.com\/product\/clips-pour-assiettes-pour-verres-a-pied-cuisivin-paquet-de-6\/"},"modified":"2023-01-19T16:09:56","modified_gmt":"2023-01-19T16:09:56","slug":"clips-pour-assiettes-pour-verres-a-pied-cuisivin-paquet-de-6","status":"publish","type":"product","link":"https:\/\/gocuisivin.com\/fr\/product\/clips-pour-assiettes-pour-verres-a-pied-cuisivin-paquet-de-6\/","title":{"rendered":"Clips pour assiettes pour verres \u00e0 pied Cuisivin &#8211; paquet de 6"},"content":{"rendered":"<p>Pinces \u00e0 assiette pour verres \u00e0 pied Cuisivin &#8211; un must pour les f\u00eates! Lib\u00e9rez une main et gardez une trace de votre boisson avec ces porte-verres \u00e0 vin pratiques. Se clipse sur le bord de la plaque et peut m\u00eame garder une trace de votre plaque par sa couleur\u00a0; l&#8217;ensemble comprend un ensemble de 6 clips de couleurs assorties. Convient \u00e0 la plupart des plaques. R\u00e9utilisable. Plus besoin de jongler avec votre assiette et votre verre \u00e0 vin, profitez de la commodit\u00e9 de tenir votre boisson et votre assiette dans une main.<\/p>\n","protected":false},"excerpt":{"rendered":"<p>&nbsp;<\/p>\n<ul>\n<li>Plus besoin de jongler avec votre assiette et votre verre \u00e0 vin, profitez de la commodit\u00e9 de tenir votre boisson et votre assiette dans une main<\/li>\n<li>Six porte-gobelets \u00e0 clipser color\u00e9s<\/li>\n<li>Gardez une trace de votre boisson<\/li>\n<li>R\u00e9utilisable<\/li>\n<li>Convient \u00e0 la plupart des plaques<\/li>\n<\/ul>\n<p><img decoding=\"async\" src=\"https:\/\/gocuisivin.com\/gleengag\/2022\/03\/Icon-w_-Text_Handwash_1.jpg\" alt=\"\" width=\"100\" height=\"100\" \/><\/p>\n","protected":false},"featured_media":16949,"comment_status":"open","ping_status":"closed","template":"","meta":[],"pwb-brand":[1664],"product_brand":[],"product_cat":[102,1565],"product_tag":[1037,1003,1002,1038,281],"class_list":{"0":"post-22736","1":"product","2":"type-product","3":"status-publish","4":"has-post-thumbnail","6":"pwb-brand-cuisivin-fr","7":"product_cat-accessoires","8":"product_cat-accessoires-pour-le-vin-et-le-bar","9":"product_tag-6-paquets-fr","10":"product_tag-accessoires","11":"product_tag-accessoires-pour-le-vin-et-le-bar","12":"product_tag-clips-de-plaque-de-verres-a-pied","13":"product_tag-cuisivin-fr","15":"first","16":"outofstock","17":"taxable","18":"shipping-taxable","19":"purchasable","20":"product-type-simple"},"brands":[{"id":1664,"name":"Cuisivin","slug":"cuisivin-fr"}],"_links":{"self":[{"href":"https:\/\/gocuisivin.com\/fr\/wp-json\/wp\/v2\/product\/22736","targetHints":{"allow":["GET"]}}],"collection":[{"href":"https:\/\/gocuisivin.com\/fr\/wp-json\/wp\/v2\/product"}],"about":[{"href":"https:\/\/gocuisivin.com\/fr\/wp-json\/wp\/v2\/types\/product"}],"replies":[{"embeddable":true,"href":"https:\/\/gocuisivin.com\/fr\/wp-json\/wp\/v2\/comments?post=22736"}],"version-history":[{"count":1,"href":"https:\/\/gocuisivin.com\/fr\/wp-json\/wp\/v2\/product\/22736\/revisions"}],"predecessor-version":[{"id":24404,"href":"https:\/\/gocuisivin.com\/fr\/wp-json\/wp\/v2\/product\/22736\/revisions\/24404"}],"wp:featuredmedia":[{"embeddable":true,"href":"https:\/\/gocuisivin.com\/fr\/wp-json\/wp\/v2\/media\/16949"}],"wp:attachment":[{"href":"https:\/\/gocuisivin.com\/fr\/wp-json\/wp\/v2\/media?parent=22736"}],"wp:term":[{"taxonomy":"pwb-brand","embeddable":true,"href":"https:\/\/gocuisivin.com\/fr\/wp-json\/wp\/v2\/pwb-brand?post=22736"},{"taxonomy":"product_brand","embeddable":true,"href":"https:\/\/gocuisivin.com\/fr\/wp-json\/wp\/v2\/product_brand?post=22736"},{"taxonomy":"product_cat","embeddable":true,"href":"https:\/\/gocuisivin.com\/fr\/wp-json\/wp\/v2\/product_cat?post=22736"},{"taxonomy":"product_tag","embeddable":true,"href":"https:\/\/gocuisivin.com\/fr\/wp-json\/wp\/v2\/product_tag?post=22736"}],"curies":[{"name":"wp","href":"https:\/\/api.w.org\/{rel}","templated":true}]}}