{"id":22730,"date":"2022-03-10T05:19:46","date_gmt":"2022-03-10T05:19:46","guid":{"rendered":"https:\/\/gocuisivin.com\/product\/marqueurs-metalliques-pour-verre-a-vin-cuisivin-paquet-de-3\/"},"modified":"2023-01-19T16:08:43","modified_gmt":"2023-01-19T16:08:43","slug":"marqueurs-metalliques-pour-verre-a-vin-cuisivin-paquet-de-3","status":"publish","type":"product","link":"https:\/\/gocuisivin.com\/fr\/product\/marqueurs-metalliques-pour-verre-a-vin-cuisivin-paquet-de-3\/","title":{"rendered":"Marqueurs m\u00e9talliques pour verre \u00e0 vin Cuisivin \u2013 paquet de 3"},"content":{"rendered":"<p>Id\u00e9al pour les r\u00e9ceptions et les cadeaux &#8211; personnalisez les verres \u00e0 vin et les bouteilles avec des noms, des motifs, des messages et d&#8217;autres d\u00e9corations cr\u00e9atives avec ces marqueurs m\u00e9talliques color\u00e9s. Ensemble de 3 stylos m\u00e9talliques \u2013 rouge, or et argent. Ils ne s&#8217;effaceront pas lorsque vous tenez votre boisson, mais ils se nettoient facilement \u00e0 l&#8217;eau et au savon. Un cadeau amusant pour l&#8217;h\u00f4te ou l&#8217;h\u00f4tesse!<\/p>\n","protected":false},"excerpt":{"rendered":"<p>&nbsp;<\/p>\n<ul>\n<li>Pack de 3 marqueurs m\u00e9talliques lavables pour personnaliser verres ou bouteilles<\/li>\n<li>Personnalisez avec des noms, des dessins, des messages et d&#8217;autres d\u00e9corations cr\u00e9atives<\/li>\n<li>N&#8217;\u00e9garez plus jamais votre verre lors d&#8217;une f\u00eate !<\/li>\n<li>Utiliser sur le verre, le m\u00e9tal, le plastique et la c\u00e9ramique<\/li>\n<li>Non toxique, s\u00e9chage instantan\u00e9<\/li>\n<li>Se nettoie avec un chiffon savonneux<\/li>\n<\/ul>\n","protected":false},"featured_media":16939,"comment_status":"open","ping_status":"closed","template":"","meta":[],"pwb-brand":[1664],"product_brand":[],"product_cat":[102,1565],"product_tag":[1040,1003,1002,281,1039,115,116],"class_list":{"0":"post-22730","1":"product","2":"type-product","3":"status-publish","4":"has-post-thumbnail","6":"pwb-brand-cuisivin-fr","7":"product_cat-accessoires","8":"product_cat-accessoires-pour-le-vin-et-le-bar","9":"product_tag-3-paquet","10":"product_tag-accessoires","11":"product_tag-accessoires-pour-le-vin-et-le-bar","12":"product_tag-cuisivin-fr","13":"product_tag-marqueurs-metalliques-pour-verre-a-vin","14":"product_tag-verre-de-vin","15":"product_tag-vin","17":"first","18":"outofstock","19":"taxable","20":"shipping-taxable","21":"purchasable","22":"product-type-simple"},"brands":[{"id":1664,"name":"Cuisivin","slug":"cuisivin-fr"}],"_links":{"self":[{"href":"https:\/\/gocuisivin.com\/fr\/wp-json\/wp\/v2\/product\/22730","targetHints":{"allow":["GET"]}}],"collection":[{"href":"https:\/\/gocuisivin.com\/fr\/wp-json\/wp\/v2\/product"}],"about":[{"href":"https:\/\/gocuisivin.com\/fr\/wp-json\/wp\/v2\/types\/product"}],"replies":[{"embeddable":true,"href":"https:\/\/gocuisivin.com\/fr\/wp-json\/wp\/v2\/comments?post=22730"}],"version-history":[{"count":1,"href":"https:\/\/gocuisivin.com\/fr\/wp-json\/wp\/v2\/product\/22730\/revisions"}],"predecessor-version":[{"id":24403,"href":"https:\/\/gocuisivin.com\/fr\/wp-json\/wp\/v2\/product\/22730\/revisions\/24403"}],"wp:featuredmedia":[{"embeddable":true,"href":"https:\/\/gocuisivin.com\/fr\/wp-json\/wp\/v2\/media\/16939"}],"wp:attachment":[{"href":"https:\/\/gocuisivin.com\/fr\/wp-json\/wp\/v2\/media?parent=22730"}],"wp:term":[{"taxonomy":"pwb-brand","embeddable":true,"href":"https:\/\/gocuisivin.com\/fr\/wp-json\/wp\/v2\/pwb-brand?post=22730"},{"taxonomy":"product_brand","embeddable":true,"href":"https:\/\/gocuisivin.com\/fr\/wp-json\/wp\/v2\/product_brand?post=22730"},{"taxonomy":"product_cat","embeddable":true,"href":"https:\/\/gocuisivin.com\/fr\/wp-json\/wp\/v2\/product_cat?post=22730"},{"taxonomy":"product_tag","embeddable":true,"href":"https:\/\/gocuisivin.com\/fr\/wp-json\/wp\/v2\/product_tag?post=22730"}],"curies":[{"name":"wp","href":"https:\/\/api.w.org\/{rel}","templated":true}]}}