{"id":22728,"date":"2022-03-10T06:04:45","date_gmt":"2022-03-10T06:04:45","guid":{"rendered":"https:\/\/gocuisivin.com\/product\/pipette-a-whisky-eisch-platine\/"},"modified":"2023-01-19T15:51:38","modified_gmt":"2023-01-19T15:51:38","slug":"pipette-a-whisky-eisch-platine","status":"publish","type":"product","link":"https:\/\/gocuisivin.com\/fr\/product\/pipette-a-whisky-eisch-platine\/","title":{"rendered":"Pipette \u00e0 Whisky Eisch Platine"},"content":{"rendered":"<p>Cette pipette \u00e0 whisky rev\u00eatue de platine d&#8217;Eisch est un outil essentiel pour les connaisseurs de whisky ! &#8220;L&#8217;air est au vin, ce que l&#8217;eau est au whisky&#8221;. C&#8217;est pourquoi les connaisseurs utilisent des gouttes d&#8217;eau mesur\u00e9es pour ouvrir l&#8217;ar\u00f4me et la saveur du whisky. Recommand\u00e9 pour \u00eatre utilis\u00e9 avec de l&#8217;eau de source ou de l&#8217;eau min\u00e9rale plate \u00e0 faible teneur en min\u00e9raux. Cette pipette en cristal sans plomb haut de gamme rev\u00eatue de platine est un accessoire impressionnant que tout buveur de whisky appr\u00e9ciera ! Fabriqu\u00e9 en Allemagne. Longueur : 6,5&#8243; \/ 165 mm<\/p>\n","protected":false},"excerpt":{"rendered":"<p>&nbsp;<\/p>\n<ul>\n<li>Ouvrez votre whisky avec une mesure pr\u00e9cise<\/li>\n<li>Diluez votre whisky goutte \u00e0 goutte pour obtenir la saveur optimale<\/li>\n<li>Recommand\u00e9 pour \u00eatre utilis\u00e9 avec de l&#8217;eau de source<\/li>\n<li>Cristal sans plomb avec rev\u00eatement en platine<\/li>\n<li>Pr\u00e9sentation impressionnante<\/li>\n<\/ul>\n<p><img decoding=\"async\" src=\"https:\/\/gocuisivin.com\/gleengag\/2022\/03\/Icon-w_-Text_Made-in-Germany_1.jpg\" alt=\"\" width=\"100\" height=\"100\" \/><img decoding=\"async\" src=\"https:\/\/gocuisivin.com\/gleengag\/2022\/03\/Icon-w_-Text_Lead-Free-Crystal_1-scaled-e1647696159460.jpg\" alt=\"\" width=\"100\" height=\"100\" \/><img decoding=\"async\" src=\"https:\/\/gocuisivin.com\/gleengag\/2022\/03\/Icon-w_-Text_Handwash_1.jpg\" alt=\"\" width=\"100\" height=\"100\" \/><\/p>\n","protected":false},"featured_media":16865,"comment_status":"open","ping_status":"closed","template":"","meta":[],"pwb-brand":[1667],"product_brand":[],"product_cat":[102,1565],"product_tag":[1003,1002,121,1060,1062,1061,120],"class_list":{"0":"post-22728","1":"product","2":"type-product","3":"status-publish","4":"has-post-thumbnail","6":"pwb-brand-eisch-fr","7":"product_cat-accessoires","8":"product_cat-accessoires-pour-le-vin-et-le-bar","9":"product_tag-accessoires","10":"product_tag-accessoires-pour-le-vin-et-le-bar","11":"product_tag-eisch-fr","12":"product_tag-pipette-fr","13":"product_tag-pipette-a-whisky","14":"product_tag-platine","15":"product_tag-whisky-fr","17":"first","18":"outofstock","19":"taxable","20":"shipping-taxable","21":"purchasable","22":"product-type-simple"},"brands":[{"id":1667,"name":"Eisch","slug":"eisch-fr"}],"_links":{"self":[{"href":"https:\/\/gocuisivin.com\/fr\/wp-json\/wp\/v2\/product\/22728","targetHints":{"allow":["GET"]}}],"collection":[{"href":"https:\/\/gocuisivin.com\/fr\/wp-json\/wp\/v2\/product"}],"about":[{"href":"https:\/\/gocuisivin.com\/fr\/wp-json\/wp\/v2\/types\/product"}],"replies":[{"embeddable":true,"href":"https:\/\/gocuisivin.com\/fr\/wp-json\/wp\/v2\/comments?post=22728"}],"version-history":[{"count":1,"href":"https:\/\/gocuisivin.com\/fr\/wp-json\/wp\/v2\/product\/22728\/revisions"}],"predecessor-version":[{"id":24393,"href":"https:\/\/gocuisivin.com\/fr\/wp-json\/wp\/v2\/product\/22728\/revisions\/24393"}],"wp:featuredmedia":[{"embeddable":true,"href":"https:\/\/gocuisivin.com\/fr\/wp-json\/wp\/v2\/media\/16865"}],"wp:attachment":[{"href":"https:\/\/gocuisivin.com\/fr\/wp-json\/wp\/v2\/media?parent=22728"}],"wp:term":[{"taxonomy":"pwb-brand","embeddable":true,"href":"https:\/\/gocuisivin.com\/fr\/wp-json\/wp\/v2\/pwb-brand?post=22728"},{"taxonomy":"product_brand","embeddable":true,"href":"https:\/\/gocuisivin.com\/fr\/wp-json\/wp\/v2\/product_brand?post=22728"},{"taxonomy":"product_cat","embeddable":true,"href":"https:\/\/gocuisivin.com\/fr\/wp-json\/wp\/v2\/product_cat?post=22728"},{"taxonomy":"product_tag","embeddable":true,"href":"https:\/\/gocuisivin.com\/fr\/wp-json\/wp\/v2\/product_tag?post=22728"}],"curies":[{"name":"wp","href":"https:\/\/api.w.org\/{rel}","templated":true}]}}