{"id":22727,"date":"2022-03-10T05:37:48","date_gmt":"2022-03-10T05:37:48","guid":{"rendered":"https:\/\/gocuisivin.com\/product\/crachoir-noir-cuisivin\/"},"modified":"2024-02-11T02:48:44","modified_gmt":"2024-02-11T07:48:44","slug":"crachoir-noir-cuisivin","status":"publish","type":"product","link":"https:\/\/gocuisivin.com\/fr\/product\/crachoir-noir-cuisivin\/","title":{"rendered":"Crachoir Noir Cuisivin"},"content":{"rendered":"<p>Incontournable pour toute d\u00e9gustation de vin, le crachoir Cuisivin est dot\u00e9 d&#8217;un couvercle amovible et de poign\u00e9es faciles \u00e0 tenir pour le transport. Construction en plastique, facile \u00e0 nettoyer.<\/p>\n","protected":false},"excerpt":{"rendered":"<p>&nbsp;<\/p>\n<ul>\n<li>Un incontournable pour tout \u00e9v\u00e9nement de d\u00e9gustation de vin<\/li>\n<li>Construction en deux pi\u00e8ces avec couvercle amovible<\/li>\n<li>Le fond peut \u00eatre utilis\u00e9 comme seau \u00e0 glace<\/li>\n<li>Grande capacit\u00e9<\/li>\n<li>Poign\u00e9es faciles \u00e0 tenir<\/li>\n<li>Construction acrylique, id\u00e9ale pour un nettoyage facile<\/li>\n<\/ul>\n<p><img decoding=\"async\" src=\"https:\/\/gocuisivin.com\/gleengag\/2022\/03\/Icon-w_-Text_Handwash_1.jpg\" alt=\"\" width=\"100\" height=\"100\" \/><\/p>\n","protected":false},"featured_media":16903,"comment_status":"open","ping_status":"closed","template":"","meta":[],"pwb-brand":[1664],"product_brand":[],"product_cat":[1565,968],"product_tag":[1002,1045,1053,281,116],"class_list":{"0":"post-22727","1":"product","2":"type-product","3":"status-publish","4":"has-post-thumbnail","6":"pwb-brand-cuisivin-fr","7":"product_cat-accessoires-pour-le-vin-et-le-bar","8":"product_cat-barware-fr","9":"product_tag-accessoires-pour-le-vin-et-le-bar","10":"product_tag-barware-fr","11":"product_tag-crachoir-noir","12":"product_tag-cuisivin-fr","13":"product_tag-vin","15":"first","16":"instock","17":"taxable","18":"shipping-taxable","19":"purchasable","20":"product-type-simple"},"brands":[{"id":1664,"name":"Cuisivin","slug":"cuisivin-fr"}],"_links":{"self":[{"href":"https:\/\/gocuisivin.com\/fr\/wp-json\/wp\/v2\/product\/22727","targetHints":{"allow":["GET"]}}],"collection":[{"href":"https:\/\/gocuisivin.com\/fr\/wp-json\/wp\/v2\/product"}],"about":[{"href":"https:\/\/gocuisivin.com\/fr\/wp-json\/wp\/v2\/types\/product"}],"replies":[{"embeddable":true,"href":"https:\/\/gocuisivin.com\/fr\/wp-json\/wp\/v2\/comments?post=22727"}],"version-history":[{"count":1,"href":"https:\/\/gocuisivin.com\/fr\/wp-json\/wp\/v2\/product\/22727\/revisions"}],"predecessor-version":[{"id":24398,"href":"https:\/\/gocuisivin.com\/fr\/wp-json\/wp\/v2\/product\/22727\/revisions\/24398"}],"wp:featuredmedia":[{"embeddable":true,"href":"https:\/\/gocuisivin.com\/fr\/wp-json\/wp\/v2\/media\/16903"}],"wp:attachment":[{"href":"https:\/\/gocuisivin.com\/fr\/wp-json\/wp\/v2\/media?parent=22727"}],"wp:term":[{"taxonomy":"pwb-brand","embeddable":true,"href":"https:\/\/gocuisivin.com\/fr\/wp-json\/wp\/v2\/pwb-brand?post=22727"},{"taxonomy":"product_brand","embeddable":true,"href":"https:\/\/gocuisivin.com\/fr\/wp-json\/wp\/v2\/product_brand?post=22727"},{"taxonomy":"product_cat","embeddable":true,"href":"https:\/\/gocuisivin.com\/fr\/wp-json\/wp\/v2\/product_cat?post=22727"},{"taxonomy":"product_tag","embeddable":true,"href":"https:\/\/gocuisivin.com\/fr\/wp-json\/wp\/v2\/product_tag?post=22727"}],"curies":[{"name":"wp","href":"https:\/\/api.w.org\/{rel}","templated":true}]}}