{"id":22726,"date":"2022-03-10T04:59:44","date_gmt":"2022-03-10T04:59:44","guid":{"rendered":"https:\/\/gocuisivin.com\/product\/verre-a-vin-rouge-eisch-sensisplus-vino-nobile-paquet-de-6\/"},"modified":"2023-01-19T16:13:26","modified_gmt":"2023-01-19T16:13:26","slug":"verre-a-vin-rouge-eisch-sensisplus-vino-nobile-paquet-de-6","status":"publish","type":"product","link":"https:\/\/gocuisivin.com\/fr\/product\/verre-a-vin-rouge-eisch-sensisplus-vino-nobile-paquet-de-6\/","title":{"rendered":"Verre \u00e0 vin rouge Eisch SensisPlus Vino Nobile &#8211; Paquet de 6"},"content":{"rendered":"<p>Au cours des 100 derni\u00e8res ann\u00e9es, Eisch a cr\u00e9\u00e9 des conceptions et des techniques de fabrication innovantes pour devenir un producteur de verre prim\u00e9 \u00e0 plusieurs reprises en Allemagne. La gamme de verres \u00e0 pied Eisch Vino Nobile offre un verre en cristal sans plomb d&#8217;une clart\u00e9 brillante avec un rebord fin.<\/p>\n<p>La technologie propri\u00e9taire SensisPlus d&#8217;Eisch lib\u00e8re tout le potentiel du vin en quelques minutes. Cette technologie utilise un processus enti\u00e8rement naturel pour pr\u00e9server le caract\u00e8re et la structure d&#8217;origine du vin, tandis que l&#8217;ar\u00f4me et la saveur deviennent plus expressifs, harmonieux et complexes, avec un meilleur \u00e9quilibre. Les verres SensisPlus peuvent \u00e9galement am\u00e9liorer le plaisir d&#8217;autres spiritueux, de jus de fruits et m\u00eame de bi\u00e8re ou de caf\u00e9. Vivez SensisPlus et d\u00e9couvrez tout le potentiel de votre boisson !<\/p>\n","protected":false},"excerpt":{"rendered":"<p>&nbsp;<\/p>\n<ul>\n<li>La technologie unique SensisPlus am\u00e9liore rapidement l&#8217;ar\u00f4me, les nuances et la saveur des vins rouges<\/li>\n<li>La technologie SensisPlus lib\u00e8re tout le potentiel gustatif du vin, tout en conservant le caract\u00e8re et la structure d&#8217;origine.<\/li>\n<li>Ligne Vino Nobile : Forme classique, bord fin<\/li>\n<li>Cristal sans plomb allemand<\/li>\n<li>Capacit\u00e9 : 14,4 oz \/ 420 ml ; Hauteur : 8,2&#8243; \/ 208,28 mm<\/li>\n<li>Coffret cadeau de 6 couleurs<\/li>\n<\/ul>\n<p><img decoding=\"async\" src=\"https:\/\/gocuisivin.com\/gleengag\/2022\/03\/Icon-w_-Text_Sensis-Plus_1.jpg\" alt=\"\" width=\"100\" height=\"100\" \/><img decoding=\"async\" src=\"https:\/\/gocuisivin.com\/gleengag\/2022\/03\/Icon-w_-Text_Made-in-Germany_1.jpg\" alt=\"\" width=\"100\" height=\"100\" \/><img decoding=\"async\" src=\"https:\/\/gocuisivin.com\/gleengag\/2022\/03\/Icon-w_-Text_Lead-Free-Crystal_1-scaled-e1647696159460.jpg\" alt=\"\" width=\"100\" height=\"100\" \/><img loading=\"lazy\" decoding=\"async\" src=\"https:\/\/gocuisivin.com\/gleengag\/2022\/03\/Icon-w_-Text_Fine-Rim_1-scaled-e1647696201810.jpg\" alt=\"\" width=\"100\" height=\"100\" \/><img loading=\"lazy\" decoding=\"async\" src=\"https:\/\/gocuisivin.com\/gleengag\/2022\/03\/Icon-w_-Text_Dishwasher-Safe_1-scaled-e1647696229552.jpg\" alt=\"\" width=\"100\" height=\"100\" \/><\/p>\n","protected":false},"featured_media":13304,"comment_status":"open","ping_status":"closed","template":"","meta":[],"pwb-brand":[1667,1679],"product_brand":[],"product_cat":[1557,1558],"product_tag":[121,1110,122,278,131,115,1109,116],"class_list":{"0":"post-22726","1":"product","2":"type-product","3":"status-publish","4":"has-post-thumbnail","6":"pwb-brand-eisch-fr","7":"pwb-brand-sensisplus-fr","8":"product_cat-verrerie","9":"product_cat-vin","10":"product_tag-eisch-fr","11":"product_tag-nobile-fr","12":"product_tag-sensisplus-fr","13":"product_tag-un-verre","14":"product_tag-verre-a-vin-rouge","15":"product_tag-verre-de-vin","16":"product_tag-vin-fr","17":"product_tag-vin","19":"first","20":"outofstock","21":"taxable","22":"shipping-taxable","23":"purchasable","24":"product-type-simple"},"brands":[{"id":1667,"name":"Eisch","slug":"eisch-fr"},{"id":1679,"name":"SensisPlus","slug":"sensisplus-fr"}],"_links":{"self":[{"href":"https:\/\/gocuisivin.com\/fr\/wp-json\/wp\/v2\/product\/22726","targetHints":{"allow":["GET"]}}],"collection":[{"href":"https:\/\/gocuisivin.com\/fr\/wp-json\/wp\/v2\/product"}],"about":[{"href":"https:\/\/gocuisivin.com\/fr\/wp-json\/wp\/v2\/types\/product"}],"replies":[{"embeddable":true,"href":"https:\/\/gocuisivin.com\/fr\/wp-json\/wp\/v2\/comments?post=22726"}],"version-history":[{"count":1,"href":"https:\/\/gocuisivin.com\/fr\/wp-json\/wp\/v2\/product\/22726\/revisions"}],"predecessor-version":[{"id":24407,"href":"https:\/\/gocuisivin.com\/fr\/wp-json\/wp\/v2\/product\/22726\/revisions\/24407"}],"wp:featuredmedia":[{"embeddable":true,"href":"https:\/\/gocuisivin.com\/fr\/wp-json\/wp\/v2\/media\/13304"}],"wp:attachment":[{"href":"https:\/\/gocuisivin.com\/fr\/wp-json\/wp\/v2\/media?parent=22726"}],"wp:term":[{"taxonomy":"pwb-brand","embeddable":true,"href":"https:\/\/gocuisivin.com\/fr\/wp-json\/wp\/v2\/pwb-brand?post=22726"},{"taxonomy":"product_brand","embeddable":true,"href":"https:\/\/gocuisivin.com\/fr\/wp-json\/wp\/v2\/product_brand?post=22726"},{"taxonomy":"product_cat","embeddable":true,"href":"https:\/\/gocuisivin.com\/fr\/wp-json\/wp\/v2\/product_cat?post=22726"},{"taxonomy":"product_tag","embeddable":true,"href":"https:\/\/gocuisivin.com\/fr\/wp-json\/wp\/v2\/product_tag?post=22726"}],"curies":[{"name":"wp","href":"https:\/\/api.w.org\/{rel}","templated":true}]}}