{"id":22725,"date":"2022-03-10T05:24:58","date_gmt":"2022-03-10T10:24:58","guid":{"rendered":"https:\/\/gocuisivin.com\/product\/etiquettes-de-cave-a-vin-cuisivin-avec-marqueur-paquet-de-50\/"},"modified":"2023-01-19T16:07:44","modified_gmt":"2023-01-19T16:07:44","slug":"etiquettes-de-cave-a-vin-cuisivin-avec-marqueur-paquet-de-50","status":"publish","type":"product","link":"https:\/\/gocuisivin.com\/fr\/product\/etiquettes-de-cave-a-vin-cuisivin-avec-marqueur-paquet-de-50\/","title":{"rendered":"\u00c9tiquettes de cave \u00e0 vin Cuisivin avec marqueur &#8211; paquet de 50"},"content":{"rendered":"<p>Les \u00e9tiquettes de cave \u00e0 vin Cuisivin sont des \u00e9tiquettes r\u00e9utilisables utilis\u00e9es pour identifier les vins lorsqu&#8217;elles sont plac\u00e9es horizontalement dans une cave. Cet ensemble comprend 50 \u00e9tiquettes et un marqueur effa\u00e7able. Trouvez votre bouteille pr\u00e9f\u00e9r\u00e9e rapidement et facilement &#8211; sans les d\u00e9ranger. Recto verso avec ic\u00f4ne color\u00e9e pour distinguer facilement les rouges des blancs. Ils sont \u00e9galement parfaits pour dater les bouteilles.<\/p>\n","protected":false},"excerpt":{"rendered":"<p>&nbsp;<\/p>\n<ul>\n<li>\u00c9tiquettes utilis\u00e9es pour identifier les vins lorsqu&#8217;ils sont plac\u00e9s horizontalement dans une cave<\/li>\n<li>Comprend 50 \u00e9tiquettes et un marqueur effa\u00e7able<\/li>\n<li>R\u00e9utilisable<\/li>\n<li>Recto verso avec ic\u00f4ne color\u00e9e pour identifier facilement les vins rouges et blancs<\/li>\n<\/ul>\n","protected":false},"featured_media":16931,"comment_status":"open","ping_status":"closed","template":"","meta":[],"pwb-brand":[1664],"product_brand":[],"product_cat":[102,1565],"product_tag":[1044,1003,1002,1043,1042,281,116],"class_list":{"0":"post-22725","1":"product","2":"type-product","3":"status-publish","4":"has-post-thumbnail","6":"pwb-brand-cuisivin-fr","7":"product_cat-accessoires","8":"product_cat-accessoires-pour-le-vin-et-le-bar","9":"product_tag-50paquet","10":"product_tag-accessoires","11":"product_tag-accessoires-pour-le-vin-et-le-bar","12":"product_tag-balises-avec-marqueur","13":"product_tag-cave","14":"product_tag-cuisivin-fr","15":"product_tag-vin","17":"first","18":"instock","19":"taxable","20":"shipping-taxable","21":"purchasable","22":"product-type-simple"},"brands":[{"id":1664,"name":"Cuisivin","slug":"cuisivin-fr"}],"_links":{"self":[{"href":"https:\/\/gocuisivin.com\/fr\/wp-json\/wp\/v2\/product\/22725","targetHints":{"allow":["GET"]}}],"collection":[{"href":"https:\/\/gocuisivin.com\/fr\/wp-json\/wp\/v2\/product"}],"about":[{"href":"https:\/\/gocuisivin.com\/fr\/wp-json\/wp\/v2\/types\/product"}],"replies":[{"embeddable":true,"href":"https:\/\/gocuisivin.com\/fr\/wp-json\/wp\/v2\/comments?post=22725"}],"version-history":[{"count":1,"href":"https:\/\/gocuisivin.com\/fr\/wp-json\/wp\/v2\/product\/22725\/revisions"}],"predecessor-version":[{"id":24402,"href":"https:\/\/gocuisivin.com\/fr\/wp-json\/wp\/v2\/product\/22725\/revisions\/24402"}],"wp:featuredmedia":[{"embeddable":true,"href":"https:\/\/gocuisivin.com\/fr\/wp-json\/wp\/v2\/media\/16931"}],"wp:attachment":[{"href":"https:\/\/gocuisivin.com\/fr\/wp-json\/wp\/v2\/media?parent=22725"}],"wp:term":[{"taxonomy":"pwb-brand","embeddable":true,"href":"https:\/\/gocuisivin.com\/fr\/wp-json\/wp\/v2\/pwb-brand?post=22725"},{"taxonomy":"product_brand","embeddable":true,"href":"https:\/\/gocuisivin.com\/fr\/wp-json\/wp\/v2\/product_brand?post=22725"},{"taxonomy":"product_cat","embeddable":true,"href":"https:\/\/gocuisivin.com\/fr\/wp-json\/wp\/v2\/product_cat?post=22725"},{"taxonomy":"product_tag","embeddable":true,"href":"https:\/\/gocuisivin.com\/fr\/wp-json\/wp\/v2\/product_tag?post=22725"}],"curies":[{"name":"wp","href":"https:\/\/api.w.org\/{rel}","templated":true}]}}