{"id":22723,"date":"2022-03-10T05:37:49","date_gmt":"2022-03-10T05:37:49","guid":{"rendered":"https:\/\/gocuisivin.com\/product\/alesoir-a-agrumes-en-bois-cuisivin\/"},"modified":"2023-01-19T15:54:06","modified_gmt":"2023-01-19T15:54:06","slug":"alesoir-a-agrumes-en-bois-cuisivin","status":"publish","type":"product","link":"https:\/\/gocuisivin.com\/fr\/product\/alesoir-a-agrumes-en-bois-cuisivin\/","title":{"rendered":"Al\u00e9soir \u00e0 agrumes en bois Cuisivin"},"content":{"rendered":"<p>Le coupe-agrumes en bois massif de Cuisivin fait du jus frais rapidement et efficacement! La poign\u00e9e est con\u00e7ue de mani\u00e8re ergonomique pour la paume, tandis que la pointe pointue et les contours d&#8217;al\u00e9sage sont con\u00e7us pour une extraction maximale du jus.<\/p>\n","protected":false},"excerpt":{"rendered":"<p>&nbsp;<\/p>\n<ul>\n<li>Pr\u00e9parez du jus de fruits frais pour votre boisson &#8211; rapidement et efficacement\u00a0!<\/li>\n<li>Prise en main confortable<\/li>\n<li>Construction en bois massif<\/li>\n<li>Bout pointu et al\u00e9sage pour une extraction maximale du jus<\/li>\n<li>Un incontournable pour chaque bar<\/li>\n<\/ul>\n<p><img decoding=\"async\" src=\"https:\/\/gocuisivin.com\/gleengag\/2022\/03\/Icon-w_-Text_Handwash_1.jpg\" alt=\"\" width=\"100\" height=\"100\" \/><\/p>\n","protected":false},"featured_media":16908,"comment_status":"open","ping_status":"closed","template":"","meta":[],"pwb-brand":[1664],"product_brand":[],"product_cat":[102,1565,968],"product_tag":[1003,1002,1052,1045,281],"class_list":{"0":"post-22723","1":"product","2":"type-product","3":"status-publish","4":"has-post-thumbnail","6":"pwb-brand-cuisivin-fr","7":"product_cat-accessoires","8":"product_cat-accessoires-pour-le-vin-et-le-bar","9":"product_cat-barware-fr","10":"product_tag-accessoires","11":"product_tag-accessoires-pour-le-vin-et-le-bar","12":"product_tag-alesoir-a-agrumes-en-bois","13":"product_tag-barware-fr","14":"product_tag-cuisivin-fr","16":"first","17":"instock","18":"taxable","19":"shipping-taxable","20":"purchasable","21":"product-type-simple"},"brands":[{"id":1664,"name":"Cuisivin","slug":"cuisivin-fr"}],"_links":{"self":[{"href":"https:\/\/gocuisivin.com\/fr\/wp-json\/wp\/v2\/product\/22723","targetHints":{"allow":["GET"]}}],"collection":[{"href":"https:\/\/gocuisivin.com\/fr\/wp-json\/wp\/v2\/product"}],"about":[{"href":"https:\/\/gocuisivin.com\/fr\/wp-json\/wp\/v2\/types\/product"}],"replies":[{"embeddable":true,"href":"https:\/\/gocuisivin.com\/fr\/wp-json\/wp\/v2\/comments?post=22723"}],"version-history":[{"count":1,"href":"https:\/\/gocuisivin.com\/fr\/wp-json\/wp\/v2\/product\/22723\/revisions"}],"predecessor-version":[{"id":24397,"href":"https:\/\/gocuisivin.com\/fr\/wp-json\/wp\/v2\/product\/22723\/revisions\/24397"}],"wp:featuredmedia":[{"embeddable":true,"href":"https:\/\/gocuisivin.com\/fr\/wp-json\/wp\/v2\/media\/16908"}],"wp:attachment":[{"href":"https:\/\/gocuisivin.com\/fr\/wp-json\/wp\/v2\/media?parent=22723"}],"wp:term":[{"taxonomy":"pwb-brand","embeddable":true,"href":"https:\/\/gocuisivin.com\/fr\/wp-json\/wp\/v2\/pwb-brand?post=22723"},{"taxonomy":"product_brand","embeddable":true,"href":"https:\/\/gocuisivin.com\/fr\/wp-json\/wp\/v2\/product_brand?post=22723"},{"taxonomy":"product_cat","embeddable":true,"href":"https:\/\/gocuisivin.com\/fr\/wp-json\/wp\/v2\/product_cat?post=22723"},{"taxonomy":"product_tag","embeddable":true,"href":"https:\/\/gocuisivin.com\/fr\/wp-json\/wp\/v2\/product_tag?post=22723"}],"curies":[{"name":"wp","href":"https:\/\/api.w.org\/{rel}","templated":true}]}}