{"id":22722,"date":"2022-03-10T06:04:46","date_gmt":"2022-03-10T06:04:46","guid":{"rendered":"https:\/\/gocuisivin.com\/product\/verre-julep-bicolore-bel-air-cuisivin\/"},"modified":"2023-01-19T15:50:47","modified_gmt":"2023-01-19T15:50:47","slug":"verre-julep-bicolore-bel-air-cuisivin","status":"publish","type":"product","link":"https:\/\/gocuisivin.com\/fr\/product\/verre-julep-bicolore-bel-air-cuisivin\/","title":{"rendered":"Verre Julep Bicolore Bel-Air Cuisivin"},"content":{"rendered":"<p>Servez le classique Mint Julep comme un pro avec ces verres Julep traditionnels. Fabriqu\u00e9 en acier inoxydable massif, le design bicolore rehausse la pr\u00e9sentation du cocktail. Lave-vaisselle. Capacit\u00e9 : 13,5 oz \/ 400 ml Hauteur : 4,7 po \/ 12 cm.<\/p>\n","protected":false},"excerpt":{"rendered":"<p>&nbsp;<\/p>\n<ul>\n<li>Servez le classique Mint Julep avec style !<\/li>\n<li>Construction solide en acier inoxydable<\/li>\n<li>Design bicolore : corps bross\u00e9 avec base polie<\/li>\n<li>Capacit\u00e9 : 13,5 oz \/ 400 ml<\/li>\n<li>Hauteur : 4,7&#8243; \/ 12 cm<\/li>\n<\/ul>\n<p><img decoding=\"async\" src=\"https:\/\/gocuisivin.com\/gleengag\/2022\/03\/Icon-w_-Text_Stainless-Steele_1.jpg\" alt=\"\" width=\"100\" height=\"100\" \/><img decoding=\"async\" src=\"https:\/\/gocuisivin.com\/gleengag\/2022\/03\/Icon-w_-Text_Dishwasher-Safe_1-scaled-e1647696229552.jpg\" alt=\"\" width=\"100\" height=\"100\" \/><\/p>\n","protected":false},"featured_media":16897,"comment_status":"open","ping_status":"closed","template":"","meta":[],"pwb-brand":[1663,1664],"product_brand":[],"product_cat":[1565,968],"product_tag":[1002,1045,1004,291,281,1055,118],"class_list":{"0":"post-22722","1":"product","2":"type-product","3":"status-publish","4":"has-post-thumbnail","6":"pwb-brand-bel-air-fr","7":"pwb-brand-cuisivin-fr","8":"product_cat-accessoires-pour-le-vin-et-le-bar","9":"product_cat-barware-fr","10":"product_tag-accessoires-pour-le-vin-et-le-bar","11":"product_tag-barware-fr","12":"product_tag-bel-air-fr","13":"product_tag-cocktail-fr","14":"product_tag-cuisivin-fr","15":"product_tag-verre-julep-bicolore","16":"product_tag-verrerie","18":"first","19":"instock","20":"taxable","21":"shipping-taxable","22":"purchasable","23":"product-type-simple"},"brands":[{"id":1663,"name":"Bel-Air","slug":"bel-air-fr"},{"id":1664,"name":"Cuisivin","slug":"cuisivin-fr"}],"_links":{"self":[{"href":"https:\/\/gocuisivin.com\/fr\/wp-json\/wp\/v2\/product\/22722","targetHints":{"allow":["GET"]}}],"collection":[{"href":"https:\/\/gocuisivin.com\/fr\/wp-json\/wp\/v2\/product"}],"about":[{"href":"https:\/\/gocuisivin.com\/fr\/wp-json\/wp\/v2\/types\/product"}],"replies":[{"embeddable":true,"href":"https:\/\/gocuisivin.com\/fr\/wp-json\/wp\/v2\/comments?post=22722"}],"version-history":[{"count":1,"href":"https:\/\/gocuisivin.com\/fr\/wp-json\/wp\/v2\/product\/22722\/revisions"}],"predecessor-version":[{"id":24392,"href":"https:\/\/gocuisivin.com\/fr\/wp-json\/wp\/v2\/product\/22722\/revisions\/24392"}],"wp:featuredmedia":[{"embeddable":true,"href":"https:\/\/gocuisivin.com\/fr\/wp-json\/wp\/v2\/media\/16897"}],"wp:attachment":[{"href":"https:\/\/gocuisivin.com\/fr\/wp-json\/wp\/v2\/media?parent=22722"}],"wp:term":[{"taxonomy":"pwb-brand","embeddable":true,"href":"https:\/\/gocuisivin.com\/fr\/wp-json\/wp\/v2\/pwb-brand?post=22722"},{"taxonomy":"product_brand","embeddable":true,"href":"https:\/\/gocuisivin.com\/fr\/wp-json\/wp\/v2\/product_brand?post=22722"},{"taxonomy":"product_cat","embeddable":true,"href":"https:\/\/gocuisivin.com\/fr\/wp-json\/wp\/v2\/product_cat?post=22722"},{"taxonomy":"product_tag","embeddable":true,"href":"https:\/\/gocuisivin.com\/fr\/wp-json\/wp\/v2\/product_tag?post=22722"}],"curies":[{"name":"wp","href":"https:\/\/api.w.org\/{rel}","templated":true}]}}