{"id":22702,"date":"2022-03-10T06:35:34","date_gmt":"2022-03-10T06:35:34","guid":{"rendered":"https:\/\/gocuisivin.com\/product\/berceau-a-vin-cuisivin-bel-air-arc\/"},"modified":"2023-01-19T15:41:36","modified_gmt":"2023-01-19T15:41:36","slug":"berceau-a-vin-cuisivin-bel-air-arc","status":"publish","type":"product","link":"https:\/\/gocuisivin.com\/fr\/product\/berceau-a-vin-cuisivin-bel-air-arc\/","title":{"rendered":"Berceau \u00e0 vin Cuisivin Bel-Air Arc"},"content":{"rendered":"<p>Le Bel-Air Arc Cradle est fait pour impressionner ! De conception contemporaine et \u00e9l\u00e9gante, le berceau \u00e0 vin en acier inoxydable au fini chrom\u00e9 est con\u00e7u pour mettre en valeur et maintenir votre bouteille de vin pendant le service. L&#8217;angle inclin\u00e9 augmente la surface du vin et favorise la d\u00e9cantation \u00e0 l&#8217;int\u00e9rieur de la bouteille. La fente int\u00e9gr\u00e9e peut afficher le bouchon apr\u00e8s avoir d\u00e9tect\u00e9 les ar\u00f4mes de la bouteille nouvellement ouverte. Convient \u00e0 la plupart des bouteilles de vin sur pied. Coffret cadeau &#8211; parfait pour offrir en cadeau.<\/p>\n","protected":false},"excerpt":{"rendered":"<p>&nbsp;<\/p>\n<ul>\n<li>Porte-vin \u00e9l\u00e9gant en une seule pi\u00e8ce en acier inoxydable poli<\/li>\n<li>Joliment inclin\u00e9 pour mettre en valeur le mill\u00e9sime<\/li>\n<li>Augmente la surface de d\u00e9cantation naturelle<\/li>\n<li>Porte-bouchon sp\u00e9cialement con\u00e7u pour afficher le li\u00e8ge<\/li>\n<li>Convient \u00e0 la plupart des bouteilles de vin standard<\/li>\n<li>Coffret cadeau &#8211; parfait pour offrir en cadeau<\/li>\n<\/ul>\n<p><img decoding=\"async\" src=\"https:\/\/gocuisivin.com\/gleengag\/2022\/03\/Icon-w_-Text_Stainless-Steele_1.jpg\" alt=\"\" width=\"100\" height=\"100\" \/><img decoding=\"async\" src=\"https:\/\/gocuisivin.com\/gleengag\/2022\/03\/Icon-w_-Text_Handwash_1.jpg\" alt=\"\" width=\"100\" height=\"100\" \/><\/p>\n","protected":false},"featured_media":16670,"comment_status":"open","ping_status":"closed","template":"","meta":[],"pwb-brand":[1663,1664],"product_brand":[],"product_cat":[1565,968],"product_tag":[1002,1045,1004,1099,281],"class_list":{"0":"post-22702","1":"product","2":"type-product","3":"status-publish","4":"has-post-thumbnail","6":"pwb-brand-bel-air-fr","7":"pwb-brand-cuisivin-fr","8":"product_cat-accessoires-pour-le-vin-et-le-bar","9":"product_cat-barware-fr","10":"product_tag-accessoires-pour-le-vin-et-le-bar","11":"product_tag-barware-fr","12":"product_tag-bel-air-fr","13":"product_tag-berceau-a-vin-arc","14":"product_tag-cuisivin-fr","16":"first","17":"instock","18":"taxable","19":"shipping-taxable","20":"purchasable","21":"product-type-simple"},"brands":[{"id":1663,"name":"Bel-Air","slug":"bel-air-fr"},{"id":1664,"name":"Cuisivin","slug":"cuisivin-fr"}],"_links":{"self":[{"href":"https:\/\/gocuisivin.com\/fr\/wp-json\/wp\/v2\/product\/22702","targetHints":{"allow":["GET"]}}],"collection":[{"href":"https:\/\/gocuisivin.com\/fr\/wp-json\/wp\/v2\/product"}],"about":[{"href":"https:\/\/gocuisivin.com\/fr\/wp-json\/wp\/v2\/types\/product"}],"replies":[{"embeddable":true,"href":"https:\/\/gocuisivin.com\/fr\/wp-json\/wp\/v2\/comments?post=22702"}],"version-history":[{"count":2,"href":"https:\/\/gocuisivin.com\/fr\/wp-json\/wp\/v2\/product\/22702\/revisions"}],"predecessor-version":[{"id":24382,"href":"https:\/\/gocuisivin.com\/fr\/wp-json\/wp\/v2\/product\/22702\/revisions\/24382"}],"wp:featuredmedia":[{"embeddable":true,"href":"https:\/\/gocuisivin.com\/fr\/wp-json\/wp\/v2\/media\/16670"}],"wp:attachment":[{"href":"https:\/\/gocuisivin.com\/fr\/wp-json\/wp\/v2\/media?parent=22702"}],"wp:term":[{"taxonomy":"pwb-brand","embeddable":true,"href":"https:\/\/gocuisivin.com\/fr\/wp-json\/wp\/v2\/pwb-brand?post=22702"},{"taxonomy":"product_brand","embeddable":true,"href":"https:\/\/gocuisivin.com\/fr\/wp-json\/wp\/v2\/product_brand?post=22702"},{"taxonomy":"product_cat","embeddable":true,"href":"https:\/\/gocuisivin.com\/fr\/wp-json\/wp\/v2\/product_cat?post=22702"},{"taxonomy":"product_tag","embeddable":true,"href":"https:\/\/gocuisivin.com\/fr\/wp-json\/wp\/v2\/product_tag?post=22702"}],"curies":[{"name":"wp","href":"https:\/\/api.w.org\/{rel}","templated":true}]}}