{"id":22701,"date":"2022-03-10T06:04:46","date_gmt":"2022-03-10T06:04:46","guid":{"rendered":"https:\/\/gocuisivin.com\/product\/passoire-cuisivin-bel-air-julep\/"},"modified":"2023-01-19T15:49:28","modified_gmt":"2023-01-19T15:49:28","slug":"passoire-cuisivin-bel-air-julep","status":"publish","type":"product","link":"https:\/\/gocuisivin.com\/fr\/product\/passoire-cuisivin-bel-air-julep\/","title":{"rendered":"Passoire Cuisivin Bel-Air Julep"},"content":{"rendered":"<p>Incontournable pour chaque bar, la passoire Julep en acier inoxydable Bel-Air est un classique. La conception \u00e0 large ouverture permet de filtrer facilement la glace, les fruits et autres solides lors du versement du verre \u00e0 m\u00e9lange. Finition polie \u00e9l\u00e9gante. Lave-vaisselle. Longueur : 6,3&#8243;\/16 cm<\/p>\n","protected":false},"excerpt":{"rendered":"<p>&nbsp;<\/p>\n<ul>\n<li>Construction solide en acier inoxydable, finition polie<\/li>\n<li>Filtrer la glace, les fruits et autres solides pour des cocktails onctueux<\/li>\n<li>Convient \u00e0 la plupart des verres \u00e0 m\u00e9lange standard<\/li>\n<li>Longueur : 6,3&#8243;\/16 cm<\/li>\n<\/ul>\n<p><img decoding=\"async\" src=\"https:\/\/gocuisivin.com\/gleengag\/2022\/03\/Icon-w_-Text_Stainless-Steele_1.jpg\" alt=\"\" width=\"100\" height=\"100\" \/><img decoding=\"async\" src=\"https:\/\/gocuisivin.com\/gleengag\/2022\/03\/Icon-w_-Text_Dishwasher-Safe_1-scaled-e1647696229552.jpg\" alt=\"\" width=\"100\" height=\"100\" \/><\/p>\n","protected":false},"featured_media":16889,"comment_status":"open","ping_status":"closed","template":"","meta":[],"pwb-brand":[1663,1664],"product_brand":[],"product_cat":[102,1565,968],"product_tag":[1003,1002,1045,1004,281,1056],"class_list":{"0":"post-22701","1":"product","2":"type-product","3":"status-publish","4":"has-post-thumbnail","6":"pwb-brand-bel-air-fr","7":"pwb-brand-cuisivin-fr","8":"product_cat-accessoires","9":"product_cat-accessoires-pour-le-vin-et-le-bar","10":"product_cat-barware-fr","11":"product_tag-accessoires","12":"product_tag-accessoires-pour-le-vin-et-le-bar","13":"product_tag-barware-fr","14":"product_tag-bel-air-fr","15":"product_tag-cuisivin-fr","16":"product_tag-passoire-julep","18":"first","19":"instock","20":"taxable","21":"shipping-taxable","22":"purchasable","23":"product-type-simple"},"brands":[{"id":1663,"name":"Bel-Air","slug":"bel-air-fr"},{"id":1664,"name":"Cuisivin","slug":"cuisivin-fr"}],"_links":{"self":[{"href":"https:\/\/gocuisivin.com\/fr\/wp-json\/wp\/v2\/product\/22701","targetHints":{"allow":["GET"]}}],"collection":[{"href":"https:\/\/gocuisivin.com\/fr\/wp-json\/wp\/v2\/product"}],"about":[{"href":"https:\/\/gocuisivin.com\/fr\/wp-json\/wp\/v2\/types\/product"}],"replies":[{"embeddable":true,"href":"https:\/\/gocuisivin.com\/fr\/wp-json\/wp\/v2\/comments?post=22701"}],"version-history":[{"count":2,"href":"https:\/\/gocuisivin.com\/fr\/wp-json\/wp\/v2\/product\/22701\/revisions"}],"predecessor-version":[{"id":24391,"href":"https:\/\/gocuisivin.com\/fr\/wp-json\/wp\/v2\/product\/22701\/revisions\/24391"}],"wp:featuredmedia":[{"embeddable":true,"href":"https:\/\/gocuisivin.com\/fr\/wp-json\/wp\/v2\/media\/16889"}],"wp:attachment":[{"href":"https:\/\/gocuisivin.com\/fr\/wp-json\/wp\/v2\/media?parent=22701"}],"wp:term":[{"taxonomy":"pwb-brand","embeddable":true,"href":"https:\/\/gocuisivin.com\/fr\/wp-json\/wp\/v2\/pwb-brand?post=22701"},{"taxonomy":"product_brand","embeddable":true,"href":"https:\/\/gocuisivin.com\/fr\/wp-json\/wp\/v2\/product_brand?post=22701"},{"taxonomy":"product_cat","embeddable":true,"href":"https:\/\/gocuisivin.com\/fr\/wp-json\/wp\/v2\/product_cat?post=22701"},{"taxonomy":"product_tag","embeddable":true,"href":"https:\/\/gocuisivin.com\/fr\/wp-json\/wp\/v2\/product_tag?post=22701"}],"curies":[{"name":"wp","href":"https:\/\/api.w.org\/{rel}","templated":true}]}}