{"id":22700,"date":"2022-03-10T06:35:35","date_gmt":"2022-03-10T06:35:35","guid":{"rendered":"https:\/\/gocuisivin.com\/product\/verre-de-degustation-cuisivin-glendale-spirit\/"},"modified":"2023-01-19T15:37:45","modified_gmt":"2023-01-19T15:37:45","slug":"verre-de-degustation-cuisivin-glendale-spirit","status":"publish","type":"product","link":"https:\/\/gocuisivin.com\/fr\/product\/verre-de-degustation-cuisivin-glendale-spirit\/","title":{"rendered":"Verre de d\u00e9gustation Cuisivin Glendale Spirit"},"content":{"rendered":"<p>Sp\u00e9cialement con\u00e7u pour le nez et la d\u00e9gustation de divers spiritueux. Son bol large et son rebord \u00e9troit permettent aux ar\u00f4mes et aux saveurs de l&#8217;alcool d&#8217;\u00eatre correctement livr\u00e9s au nez et au palais. Appr\u00e9ciez le profil aromatique complexe du bourbon, du scotch, du whisky irlandais, du whisky japonais, du whisky du Tennessee, du rhum, de la tequila, du cognac, du mezcal, de la vodka, du gin et d&#8217;autres liqueurs fines.<\/p>\n","protected":false},"excerpt":{"rendered":"<p>&nbsp;<\/p>\n<ul>\n<li>Verre de d\u00e9gustation de spiritueux parfait pour toutes les liqueurs<\/li>\n<li>Accentue les complexit\u00e9s et les nuances de votre Bourbon, Whisky, Rhum, Tequila, Vodka, Gin et autres liqueurs fines pr\u00e9f\u00e9r\u00e9s<\/li>\n<li>Base dentel\u00e9e pour rehausser les ar\u00f4mes et favoriser les tourbillons<\/li>\n<li>Cristal sans plomb<\/li>\n<li>Capacit\u00e9\u00a0: 8\u00a0oz\/240\u00a0ml<\/li>\n<li>Coffret cadeau couleur individuel<\/li>\n<\/ul>\n<p><img decoding=\"async\" src=\"https:\/\/gocuisivin.com\/gleengag\/2022\/03\/Icon-w_-Text_Made-in-Europe_1-scaled-e1647696362269.jpg\" alt=\"\" width=\"100\" height=\"100\" \/><img decoding=\"async\" src=\"https:\/\/gocuisivin.com\/gleengag\/2022\/03\/Icon-w_-Text_Lead-Free-Crystal_1-scaled-e1647696159460.jpg\" alt=\"\" width=\"100\" height=\"100\" \/><img decoding=\"async\" src=\"https:\/\/gocuisivin.com\/gleengag\/2022\/03\/Icon-w_-Text_Fine-Rim_1-scaled-e1647696201810.jpg\" alt=\"\" width=\"100\" height=\"100\" \/><img loading=\"lazy\" decoding=\"async\" src=\"https:\/\/gocuisivin.com\/gleengag\/2022\/03\/Icon-w_-Text_Dishwasher-Safe_1-scaled-e1647696229552.jpg\" alt=\"\" width=\"100\" height=\"100\" \/><\/p>\n","protected":false},"featured_media":29162,"comment_status":"open","ping_status":"closed","template":"","meta":[],"pwb-brand":[1664],"product_brand":[],"product_cat":[1573,1557,1559],"product_tag":[1089,281,1088,127,1083,1090,118,527],"class_list":{"0":"post-22700","1":"product","2":"type-product","3":"status-publish","4":"has-post-thumbnail","6":"pwb-brand-cuisivin-fr","7":"product_cat-sans-tige","8":"product_cat-verrerie","9":"product_cat-whisky-spiritueux","10":"product_tag-240-ml","11":"product_tag-cuisivin-fr","12":"product_tag-glendale-fr","13":"product_tag-sans-tige","14":"product_tag-verre-a-degustation","15":"product_tag-verre-a-degustation-de-spiritueux","16":"product_tag-verrerie","17":"product_tag-whisky-spiritueux-fr","19":"first","20":"instock","21":"taxable","22":"shipping-taxable","23":"purchasable","24":"product-type-simple"},"brands":[{"id":1664,"name":"Cuisivin","slug":"cuisivin-fr"}],"_links":{"self":[{"href":"https:\/\/gocuisivin.com\/fr\/wp-json\/wp\/v2\/product\/22700","targetHints":{"allow":["GET"]}}],"collection":[{"href":"https:\/\/gocuisivin.com\/fr\/wp-json\/wp\/v2\/product"}],"about":[{"href":"https:\/\/gocuisivin.com\/fr\/wp-json\/wp\/v2\/types\/product"}],"replies":[{"embeddable":true,"href":"https:\/\/gocuisivin.com\/fr\/wp-json\/wp\/v2\/comments?post=22700"}],"version-history":[{"count":2,"href":"https:\/\/gocuisivin.com\/fr\/wp-json\/wp\/v2\/product\/22700\/revisions"}],"predecessor-version":[{"id":24378,"href":"https:\/\/gocuisivin.com\/fr\/wp-json\/wp\/v2\/product\/22700\/revisions\/24378"}],"wp:featuredmedia":[{"embeddable":true,"href":"https:\/\/gocuisivin.com\/fr\/wp-json\/wp\/v2\/media\/29162"}],"wp:attachment":[{"href":"https:\/\/gocuisivin.com\/fr\/wp-json\/wp\/v2\/media?parent=22700"}],"wp:term":[{"taxonomy":"pwb-brand","embeddable":true,"href":"https:\/\/gocuisivin.com\/fr\/wp-json\/wp\/v2\/pwb-brand?post=22700"},{"taxonomy":"product_brand","embeddable":true,"href":"https:\/\/gocuisivin.com\/fr\/wp-json\/wp\/v2\/product_brand?post=22700"},{"taxonomy":"product_cat","embeddable":true,"href":"https:\/\/gocuisivin.com\/fr\/wp-json\/wp\/v2\/product_cat?post=22700"},{"taxonomy":"product_tag","embeddable":true,"href":"https:\/\/gocuisivin.com\/fr\/wp-json\/wp\/v2\/product_tag?post=22700"}],"curies":[{"name":"wp","href":"https:\/\/api.w.org\/{rel}","templated":true}]}}