{"id":22699,"date":"2022-03-10T06:25:00","date_gmt":"2022-03-10T06:25:00","guid":{"rendered":"https:\/\/gocuisivin.com\/product\/shaker-a-cocktail-cuisivin-bel-air-2\/"},"modified":"2023-01-19T15:44:06","modified_gmt":"2023-01-19T15:44:06","slug":"shaker-a-cocktail-cuisivin-bel-air-2","status":"publish","type":"product","link":"https:\/\/gocuisivin.com\/fr\/product\/shaker-a-cocktail-cuisivin-bel-air-2\/","title":{"rendered":"Shaker \u00e0 cocktail Cuisivin Bel-Air"},"content":{"rendered":"<p>Secouez vos cocktails pr\u00e9f\u00e9r\u00e9s sans effort avec le shaker \u00e0 cocktail en acier inoxydable Bel-Air\u00a0! Fabriqu\u00e9 en acier inoxydable massif avec une finition bross\u00e9e, le shaker 3 pi\u00e8ces a une passoire et un couvercle int\u00e9gr\u00e9s. Un design classique et un incontournable pour chaque bar \u00e0 la maison. Capacit\u00e9 : 25 oz\/700 ml. Lavage \u00e0 la main avec un nettoyant non abrasif. Essuyez avec un chiffon propre et sec. Coffret cadeau &#8211; parfait pour offrir en cadeau.<\/p>\n","protected":false},"excerpt":{"rendered":"<p>&nbsp;<\/p>\n<ul>\n<li>Secouez vos cocktails pr\u00e9f\u00e9r\u00e9s !<\/li>\n<li>Construction solide en acier inoxydable avec finition bross\u00e9e<\/li>\n<li>Shaker 3 pi\u00e8ces avec passoire et couvercle int\u00e9gr\u00e9s<\/li>\n<li>Capacit\u00e9 : 25 oz\/700 ml<\/li>\n<li>Coffret cadeau &#8211; parfait pour offrir en cadeau !<\/li>\n<\/ul>\n<p><img decoding=\"async\" src=\"https:\/\/gocuisivin.com\/gleengag\/2022\/03\/Icon-w_-Text_Stainless-Steele_1.jpg\" alt=\"\" width=\"100\" height=\"100\" \/><img decoding=\"async\" src=\"https:\/\/gocuisivin.com\/gleengag\/2022\/03\/Icon-w_-Text_Handwash_1.jpg\" alt=\"\" width=\"100\" height=\"100\" \/><\/p>\n","protected":false},"featured_media":16785,"comment_status":"open","ping_status":"closed","template":"","meta":[],"pwb-brand":[1663,1664],"product_brand":[],"product_cat":[1565,968],"product_tag":[1002,1045,1004,281,1074],"class_list":{"0":"post-22699","1":"product","2":"type-product","3":"status-publish","4":"has-post-thumbnail","6":"pwb-brand-bel-air-fr","7":"pwb-brand-cuisivin-fr","8":"product_cat-accessoires-pour-le-vin-et-le-bar","9":"product_cat-barware-fr","10":"product_tag-accessoires-pour-le-vin-et-le-bar","11":"product_tag-barware-fr","12":"product_tag-bel-air-fr","13":"product_tag-cuisivin-fr","14":"product_tag-shaker-a-cocktails","16":"first","17":"instock","18":"taxable","19":"shipping-taxable","20":"purchasable","21":"product-type-simple"},"brands":[{"id":1663,"name":"Bel-Air","slug":"bel-air-fr"},{"id":1664,"name":"Cuisivin","slug":"cuisivin-fr"}],"_links":{"self":[{"href":"https:\/\/gocuisivin.com\/fr\/wp-json\/wp\/v2\/product\/22699","targetHints":{"allow":["GET"]}}],"collection":[{"href":"https:\/\/gocuisivin.com\/fr\/wp-json\/wp\/v2\/product"}],"about":[{"href":"https:\/\/gocuisivin.com\/fr\/wp-json\/wp\/v2\/types\/product"}],"replies":[{"embeddable":true,"href":"https:\/\/gocuisivin.com\/fr\/wp-json\/wp\/v2\/comments?post=22699"}],"version-history":[{"count":2,"href":"https:\/\/gocuisivin.com\/fr\/wp-json\/wp\/v2\/product\/22699\/revisions"}],"predecessor-version":[{"id":24385,"href":"https:\/\/gocuisivin.com\/fr\/wp-json\/wp\/v2\/product\/22699\/revisions\/24385"}],"wp:featuredmedia":[{"embeddable":true,"href":"https:\/\/gocuisivin.com\/fr\/wp-json\/wp\/v2\/media\/16785"}],"wp:attachment":[{"href":"https:\/\/gocuisivin.com\/fr\/wp-json\/wp\/v2\/media?parent=22699"}],"wp:term":[{"taxonomy":"pwb-brand","embeddable":true,"href":"https:\/\/gocuisivin.com\/fr\/wp-json\/wp\/v2\/pwb-brand?post=22699"},{"taxonomy":"product_brand","embeddable":true,"href":"https:\/\/gocuisivin.com\/fr\/wp-json\/wp\/v2\/product_brand?post=22699"},{"taxonomy":"product_cat","embeddable":true,"href":"https:\/\/gocuisivin.com\/fr\/wp-json\/wp\/v2\/product_cat?post=22699"},{"taxonomy":"product_tag","embeddable":true,"href":"https:\/\/gocuisivin.com\/fr\/wp-json\/wp\/v2\/product_tag?post=22699"}],"curies":[{"name":"wp","href":"https:\/\/api.w.org\/{rel}","templated":true}]}}