{"id":22698,"date":"2022-03-10T06:14:48","date_gmt":"2022-03-10T06:14:48","guid":{"rendered":"https:\/\/gocuisivin.com\/product\/cuisivin-bel-air-cuillere-fourchette-de-bar\/"},"modified":"2023-01-19T15:48:22","modified_gmt":"2023-01-19T15:48:22","slug":"cuisivin-bel-air-cuillere-fourchette-de-bar","status":"publish","type":"product","link":"https:\/\/gocuisivin.com\/fr\/product\/cuisivin-bel-air-cuillere-fourchette-de-bar\/","title":{"rendered":"Cuisivin Bel-Air Cuill\u00e8re\/Fourchette de Bar"},"content":{"rendered":"<p>Un aliment de base pour chaque bar, la cuill\u00e8re\/fourchette de bar en acier inoxydable Bel-Air est un classique. Id\u00e9al pour m\u00e9langer des cocktails avec son manche en spirale et sa cuill\u00e8re de bar profil\u00e9e. Ajoutez vos garnitures pr\u00e9f\u00e9r\u00e9es avec la fourchette de bar. La cuill\u00e8re en acier inoxydable solide est lest\u00e9e et \u00e9quilibr\u00e9e pour un m\u00e9lange en douceur. Finition polie. Lave-vaisselle. Longueur : 12,6&#8243; \/ 32 cm<\/p>\n","protected":false},"excerpt":{"rendered":"<p>&nbsp;<\/p>\n<ul>\n<li>Construction solide en acier inoxydable avec finition polie<\/li>\n<li>Id\u00e9al pour m\u00e9langer des cocktails et ajouter des garnitures<\/li>\n<li>Poign\u00e9e en spirale pour un m\u00e9lange facile<\/li>\n<li>Conception pond\u00e9r\u00e9e et \u00e9quilibr\u00e9e pour un meilleur contr\u00f4le<\/li>\n<li>Longueur : 12,6&#8243; \/ 32 cm<\/li>\n<li>Grande capacit\u00e9\u00a0: 35\u00a0oz\/1\u00a0L\u00a0; Hauteur : 11&#8243; \/ 28,2 cm<\/li>\n<\/ul>\n<p><img decoding=\"async\" src=\"https:\/\/gocuisivin.com\/gleengag\/2022\/03\/Icon-w_-Text_Stainless-Steele_1.jpg\" alt=\"\" width=\"100\" height=\"100\" \/><img decoding=\"async\" src=\"https:\/\/gocuisivin.com\/gleengag\/2022\/03\/Icon-w_-Text_Dishwasher-Safe_1-scaled-e1647696229552.jpg\" alt=\"\" width=\"100\" height=\"100\" \/><\/p>\n","protected":false},"featured_media":16853,"comment_status":"open","ping_status":"closed","template":"","meta":[],"pwb-brand":[1663,1664],"product_brand":[],"product_cat":[102,1565,968],"product_tag":[1003,1002,1045,1004,1065,281],"class_list":{"0":"post-22698","1":"product","2":"type-product","3":"status-publish","4":"has-post-thumbnail","6":"pwb-brand-bel-air-fr","7":"pwb-brand-cuisivin-fr","8":"product_cat-accessoires","9":"product_cat-accessoires-pour-le-vin-et-le-bar","10":"product_cat-barware-fr","11":"product_tag-accessoires","12":"product_tag-accessoires-pour-le-vin-et-le-bar","13":"product_tag-barware-fr","14":"product_tag-bel-air-fr","15":"product_tag-cuillere-fourchette-de-bar","16":"product_tag-cuisivin-fr","18":"first","19":"instock","20":"taxable","21":"shipping-taxable","22":"purchasable","23":"product-type-simple"},"brands":[{"id":1663,"name":"Bel-Air","slug":"bel-air-fr"},{"id":1664,"name":"Cuisivin","slug":"cuisivin-fr"}],"_links":{"self":[{"href":"https:\/\/gocuisivin.com\/fr\/wp-json\/wp\/v2\/product\/22698","targetHints":{"allow":["GET"]}}],"collection":[{"href":"https:\/\/gocuisivin.com\/fr\/wp-json\/wp\/v2\/product"}],"about":[{"href":"https:\/\/gocuisivin.com\/fr\/wp-json\/wp\/v2\/types\/product"}],"replies":[{"embeddable":true,"href":"https:\/\/gocuisivin.com\/fr\/wp-json\/wp\/v2\/comments?post=22698"}],"version-history":[{"count":2,"href":"https:\/\/gocuisivin.com\/fr\/wp-json\/wp\/v2\/product\/22698\/revisions"}],"predecessor-version":[{"id":24390,"href":"https:\/\/gocuisivin.com\/fr\/wp-json\/wp\/v2\/product\/22698\/revisions\/24390"}],"wp:featuredmedia":[{"embeddable":true,"href":"https:\/\/gocuisivin.com\/fr\/wp-json\/wp\/v2\/media\/16853"}],"wp:attachment":[{"href":"https:\/\/gocuisivin.com\/fr\/wp-json\/wp\/v2\/media?parent=22698"}],"wp:term":[{"taxonomy":"pwb-brand","embeddable":true,"href":"https:\/\/gocuisivin.com\/fr\/wp-json\/wp\/v2\/pwb-brand?post=22698"},{"taxonomy":"product_brand","embeddable":true,"href":"https:\/\/gocuisivin.com\/fr\/wp-json\/wp\/v2\/product_brand?post=22698"},{"taxonomy":"product_cat","embeddable":true,"href":"https:\/\/gocuisivin.com\/fr\/wp-json\/wp\/v2\/product_cat?post=22698"},{"taxonomy":"product_tag","embeddable":true,"href":"https:\/\/gocuisivin.com\/fr\/wp-json\/wp\/v2\/product_tag?post=22698"}],"curies":[{"name":"wp","href":"https:\/\/api.w.org\/{rel}","templated":true}]}}