{"id":22695,"date":"2022-03-10T06:25:00","date_gmt":"2022-03-10T06:25:00","guid":{"rendered":"https:\/\/gocuisivin.com\/product\/shaker-a-cocktail-recette-bel-air-de-cuisivin\/"},"modified":"2023-01-19T15:44:54","modified_gmt":"2023-01-19T15:44:54","slug":"shaker-a-cocktail-recette-bel-air-de-cuisivin","status":"publish","type":"product","link":"https:\/\/gocuisivin.com\/fr\/product\/shaker-a-cocktail-recette-bel-air-de-cuisivin\/","title":{"rendered":"Shaker \u00e0 cocktail Recette Bel-Air de Cuisivin"},"content":{"rendered":"<p>Devenez mixologue sans effort avec le shaker \u00e0 recettes en acier inoxydable Bel-Air ! Fabriqu\u00e9 en acier inoxydable massif, le corps est int\u00e9gr\u00e9 \u00e0 15 recettes de cocktails diff\u00e9rentes. Il suffit de tordre la coque ext\u00e9rieure \u00e0 votre boisson pr\u00e9f\u00e9r\u00e9e et de suivre la recette sur le shaker lui-m\u00eame ! D&#8217;une Margarita, Manhattan \u00e0 Old Fashioned\u2026 vous secouerez votre boisson pr\u00e9f\u00e9r\u00e9e en quelques minutes ! Le shaker 3 pi\u00e8ces comprend une passoire et un couvercle en acier inoxydable int\u00e9gr\u00e9s. Grande capacit\u00e9 : 35 oz \/ 1000 ml. Lavage \u00e0 la main avec un nettoyant non abrasif. Essuyez avec un chiffon propre et sec.<\/p>\n","protected":false},"excerpt":{"rendered":"<p>&nbsp;<\/p>\n<ul>\n<li>Devenez mixologue sans effort !1.Tournez vers votre recette pr\u00e9f\u00e9r\u00e9e 2. Ajoutez les ingr\u00e9dients \u00e9num\u00e9r\u00e9s 3. Secouez-le bien 4. Versez et d\u00e9gustez !<\/li>\n<li>Construction solide en acier inoxydable, finition bross\u00e9e<\/li>\n<li>Shaker 3 pi\u00e8ces avec passoire et couvercle int\u00e9gr\u00e9s<\/li>\n<li>Int\u00e9gr\u00e9 avec 15 recettes de cocktails diff\u00e9rentes<\/li>\n<li>Les recettes incluent : Margarita, Manhattan, Old Fashioned, Tom Collins et bien plus encore !<\/li>\n<li>Grande capacit\u00e9\u00a0: 35\u00a0oz\/1\u00a0L\u00a0; Hauteur : 11&#8243; \/ 28,2 cm<\/li>\n<\/ul>\n<p><img decoding=\"async\" src=\"https:\/\/gocuisivin.com\/gleengag\/2022\/03\/Icon-w_-Text_Stainless-Steele_1.jpg\" alt=\"\" width=\"100\" height=\"100\" \/><img decoding=\"async\" src=\"https:\/\/gocuisivin.com\/gleengag\/2022\/03\/Icon-w_-Text_Handwash_1.jpg\" alt=\"\" width=\"100\" height=\"100\" \/><\/p>\n","protected":false},"featured_media":16807,"comment_status":"open","ping_status":"closed","template":"","meta":[],"pwb-brand":[1663,1664],"product_brand":[],"product_cat":[1565,968],"product_tag":[1002,1045,1004,281,1073],"class_list":{"0":"post-22695","1":"product","2":"type-product","3":"status-publish","4":"has-post-thumbnail","6":"pwb-brand-bel-air-fr","7":"pwb-brand-cuisivin-fr","8":"product_cat-accessoires-pour-le-vin-et-le-bar","9":"product_cat-barware-fr","10":"product_tag-accessoires-pour-le-vin-et-le-bar","11":"product_tag-barware-fr","12":"product_tag-bel-air-fr","13":"product_tag-cuisivin-fr","14":"product_tag-recette-shaker-a-cocktail","16":"first","17":"instock","18":"taxable","19":"shipping-taxable","20":"purchasable","21":"product-type-simple"},"brands":[{"id":1663,"name":"Bel-Air","slug":"bel-air-fr"},{"id":1664,"name":"Cuisivin","slug":"cuisivin-fr"}],"_links":{"self":[{"href":"https:\/\/gocuisivin.com\/fr\/wp-json\/wp\/v2\/product\/22695","targetHints":{"allow":["GET"]}}],"collection":[{"href":"https:\/\/gocuisivin.com\/fr\/wp-json\/wp\/v2\/product"}],"about":[{"href":"https:\/\/gocuisivin.com\/fr\/wp-json\/wp\/v2\/types\/product"}],"replies":[{"embeddable":true,"href":"https:\/\/gocuisivin.com\/fr\/wp-json\/wp\/v2\/comments?post=22695"}],"version-history":[{"count":2,"href":"https:\/\/gocuisivin.com\/fr\/wp-json\/wp\/v2\/product\/22695\/revisions"}],"predecessor-version":[{"id":24386,"href":"https:\/\/gocuisivin.com\/fr\/wp-json\/wp\/v2\/product\/22695\/revisions\/24386"}],"wp:featuredmedia":[{"embeddable":true,"href":"https:\/\/gocuisivin.com\/fr\/wp-json\/wp\/v2\/media\/16807"}],"wp:attachment":[{"href":"https:\/\/gocuisivin.com\/fr\/wp-json\/wp\/v2\/media?parent=22695"}],"wp:term":[{"taxonomy":"pwb-brand","embeddable":true,"href":"https:\/\/gocuisivin.com\/fr\/wp-json\/wp\/v2\/pwb-brand?post=22695"},{"taxonomy":"product_brand","embeddable":true,"href":"https:\/\/gocuisivin.com\/fr\/wp-json\/wp\/v2\/product_brand?post=22695"},{"taxonomy":"product_cat","embeddable":true,"href":"https:\/\/gocuisivin.com\/fr\/wp-json\/wp\/v2\/product_cat?post=22695"},{"taxonomy":"product_tag","embeddable":true,"href":"https:\/\/gocuisivin.com\/fr\/wp-json\/wp\/v2\/product_tag?post=22695"}],"curies":[{"name":"wp","href":"https:\/\/api.w.org\/{rel}","templated":true}]}}