{"id":22688,"date":"2022-03-10T06:24:59","date_gmt":"2022-03-10T06:24:59","guid":{"rendered":"https:\/\/gocuisivin.com\/product\/cuisivin-copa-gin-paquet-de-4\/"},"modified":"2023-01-19T15:47:33","modified_gmt":"2023-01-19T15:47:33","slug":"cuisivin-copa-gin-paquet-de-4","status":"publish","type":"product","link":"https:\/\/gocuisivin.com\/fr\/product\/cuisivin-copa-gin-paquet-de-4\/","title":{"rendered":"Cuisivin Copa Gin &#8211; Paquet de 4"},"content":{"rendered":"<p>Servez vos cocktails au gin pr\u00e9f\u00e9r\u00e9s dans ces verres \u00e0 copa de style espagnol. La grande capacit\u00e9 de 20 oz \/ 600 ml est spacieuse pour de la glace et des garnitures suppl\u00e9mentaires. B\u00e9n\u00e9ficiant d&#8217;une tige \u00e9l\u00e9gante, les verres sont parfaits pour servir des cocktails avec style. Hauteur : 7,6&#8243;\/192 mm.<\/p>\n","protected":false},"excerpt":{"rendered":"<p>&nbsp;<\/p>\n<ul>\n<li>Verre \u00e0 gin \u00e9l\u00e9gant de style Copa<\/li>\n<li>Parfait pour servir vos cocktails pr\u00e9f\u00e9r\u00e9s avec style<\/li>\n<li>Tige \u00e9l\u00e9gante<\/li>\n<li>Capacit\u00e9\u00a0: 20\u00a0oz\/600\u00a0ml<\/li>\n<li>Bo\u00eete cadeau de 4 couleurs<\/li>\n<\/ul>\n<p><img decoding=\"async\" src=\"https:\/\/gocuisivin.com\/gleengag\/2022\/03\/Icon-w_-Text_Dishwasher-Safe_1-scaled-e1647696229552.jpg\" alt=\"\" width=\"100\" height=\"100\" \/><\/p>\n","protected":false},"featured_media":29402,"comment_status":"open","ping_status":"closed","template":"","meta":[],"pwb-brand":[1664],"product_brand":[],"product_cat":[525,1557],"product_tag":[1080,291,281,1081,1082,118],"class_list":{"0":"post-22688","1":"product","2":"type-product","3":"status-publish","4":"has-post-thumbnail","6":"pwb-brand-cuisivin-fr","7":"product_cat-cocktail-fr","8":"product_cat-verrerie","9":"product_tag-600-ml","10":"product_tag-cocktail-fr","11":"product_tag-cuisivin-fr","12":"product_tag-gin-facon-copa","13":"product_tag-verre-a-gin","14":"product_tag-verrerie","16":"first","17":"instock","18":"taxable","19":"shipping-taxable","20":"purchasable","21":"product-type-simple"},"brands":[{"id":1664,"name":"Cuisivin","slug":"cuisivin-fr"}],"_links":{"self":[{"href":"https:\/\/gocuisivin.com\/fr\/wp-json\/wp\/v2\/product\/22688","targetHints":{"allow":["GET"]}}],"collection":[{"href":"https:\/\/gocuisivin.com\/fr\/wp-json\/wp\/v2\/product"}],"about":[{"href":"https:\/\/gocuisivin.com\/fr\/wp-json\/wp\/v2\/types\/product"}],"replies":[{"embeddable":true,"href":"https:\/\/gocuisivin.com\/fr\/wp-json\/wp\/v2\/comments?post=22688"}],"version-history":[{"count":2,"href":"https:\/\/gocuisivin.com\/fr\/wp-json\/wp\/v2\/product\/22688\/revisions"}],"predecessor-version":[{"id":24389,"href":"https:\/\/gocuisivin.com\/fr\/wp-json\/wp\/v2\/product\/22688\/revisions\/24389"}],"wp:featuredmedia":[{"embeddable":true,"href":"https:\/\/gocuisivin.com\/fr\/wp-json\/wp\/v2\/media\/29402"}],"wp:attachment":[{"href":"https:\/\/gocuisivin.com\/fr\/wp-json\/wp\/v2\/media?parent=22688"}],"wp:term":[{"taxonomy":"pwb-brand","embeddable":true,"href":"https:\/\/gocuisivin.com\/fr\/wp-json\/wp\/v2\/pwb-brand?post=22688"},{"taxonomy":"product_brand","embeddable":true,"href":"https:\/\/gocuisivin.com\/fr\/wp-json\/wp\/v2\/product_brand?post=22688"},{"taxonomy":"product_cat","embeddable":true,"href":"https:\/\/gocuisivin.com\/fr\/wp-json\/wp\/v2\/product_cat?post=22688"},{"taxonomy":"product_tag","embeddable":true,"href":"https:\/\/gocuisivin.com\/fr\/wp-json\/wp\/v2\/product_tag?post=22688"}],"curies":[{"name":"wp","href":"https:\/\/api.w.org\/{rel}","templated":true}]}}