{"id":22687,"date":"2022-03-10T06:35:34","date_gmt":"2022-03-10T06:35:34","guid":{"rendered":"https:\/\/gocuisivin.com\/product\/verre-a-biere-classique-masterbrew-cuisivin-paquet-de-6\/"},"modified":"2023-01-19T15:40:08","modified_gmt":"2023-01-19T15:40:08","slug":"verre-a-biere-classique-masterbrew-cuisivin-paquet-de-6","status":"publish","type":"product","link":"https:\/\/gocuisivin.com\/fr\/product\/verre-a-biere-classique-masterbrew-cuisivin-paquet-de-6\/","title":{"rendered":"Verre \u00e0 bi\u00e8re classique Masterbrew Cuisivin &#8211; Paquet de 6"},"content":{"rendered":"<p>D\u00e9gustez une vari\u00e9t\u00e9 de bi\u00e8res et de cidres dans le verre \u00e0 bi\u00e8re classique de 14,5 oz de la collection Masterbrew. Sp\u00e9cialement con\u00e7ues pour une exp\u00e9rience sensorielle compl\u00e8te, les courbures du verre capturent d&#8217;abord\u2026 puis lib\u00e8rent les ar\u00f4mes uniques de la bi\u00e8re\/du cidre pendant que vous buvez.<\/p>\n","protected":false},"excerpt":{"rendered":"<p>&nbsp;<\/p>\n<ul>\n<li>Sp\u00e9cialement con\u00e7u pour la bi\u00e8re et le cidre<\/li>\n<li>Design classique avec tige<\/li>\n<li>Cristal sans plomb allemand<\/li>\n<li>Jante fine<\/li>\n<li>Capacit\u00e9\u00a0: 14,5\u00a0oz\/430\u00a0ml<\/li>\n<li>Bo\u00eete blanche 6pk<\/li>\n<\/ul>\n<p><img decoding=\"async\" src=\"https:\/\/gocuisivin.com\/gleengag\/2022\/03\/Icon-w_-Text_Made-in-Germany_1.jpg\" alt=\"\" width=\"100\" height=\"100\" \/><img decoding=\"async\" src=\"https:\/\/gocuisivin.com\/gleengag\/2022\/03\/Icon-w_-Text_Lead-Free-Crystal_1-scaled-e1647696159460.jpg\" alt=\"\" width=\"100\" height=\"100\" \/><img decoding=\"async\" src=\"https:\/\/gocuisivin.com\/gleengag\/2022\/03\/Icon-w_-Text_Fine-Rim_1-scaled-e1647696201810.jpg\" alt=\"\" width=\"100\" height=\"100\" \/><img loading=\"lazy\" decoding=\"async\" src=\"https:\/\/gocuisivin.com\/gleengag\/2022\/03\/Icon-w_-Text_Dishwasher-Safe_1-scaled-e1647696229552.jpg\" alt=\"\" width=\"100\" height=\"100\" \/><\/p>\n","protected":false},"featured_media":16662,"comment_status":"open","ping_status":"closed","template":"","meta":[],"pwb-brand":[1664,1672],"product_brand":[],"product_cat":[1574,1557],"product_tag":[1102,279,1100,1101,281,282,284,118],"class_list":{"0":"post-22687","1":"product","2":"type-product","3":"status-publish","4":"has-post-thumbnail","6":"pwb-brand-cuisivin-fr","7":"pwb-brand-masterbrew-fr","8":"product_cat-biere","9":"product_cat-verrerie","10":"product_tag-430-ml-fr","11":"product_tag-biere","12":"product_tag-classique","13":"product_tag-conception-classique","14":"product_tag-cuisivin-fr","15":"product_tag-masterbrew-fr","16":"product_tag-verre-de-biere","17":"product_tag-verrerie","19":"first","20":"instock","21":"taxable","22":"shipping-taxable","23":"purchasable","24":"product-type-simple"},"brands":[{"id":1664,"name":"Cuisivin","slug":"cuisivin-fr"},{"id":1672,"name":"Masterbrew","slug":"masterbrew-fr"}],"_links":{"self":[{"href":"https:\/\/gocuisivin.com\/fr\/wp-json\/wp\/v2\/product\/22687","targetHints":{"allow":["GET"]}}],"collection":[{"href":"https:\/\/gocuisivin.com\/fr\/wp-json\/wp\/v2\/product"}],"about":[{"href":"https:\/\/gocuisivin.com\/fr\/wp-json\/wp\/v2\/types\/product"}],"replies":[{"embeddable":true,"href":"https:\/\/gocuisivin.com\/fr\/wp-json\/wp\/v2\/comments?post=22687"}],"version-history":[{"count":2,"href":"https:\/\/gocuisivin.com\/fr\/wp-json\/wp\/v2\/product\/22687\/revisions"}],"predecessor-version":[{"id":24380,"href":"https:\/\/gocuisivin.com\/fr\/wp-json\/wp\/v2\/product\/22687\/revisions\/24380"}],"wp:featuredmedia":[{"embeddable":true,"href":"https:\/\/gocuisivin.com\/fr\/wp-json\/wp\/v2\/media\/16662"}],"wp:attachment":[{"href":"https:\/\/gocuisivin.com\/fr\/wp-json\/wp\/v2\/media?parent=22687"}],"wp:term":[{"taxonomy":"pwb-brand","embeddable":true,"href":"https:\/\/gocuisivin.com\/fr\/wp-json\/wp\/v2\/pwb-brand?post=22687"},{"taxonomy":"product_brand","embeddable":true,"href":"https:\/\/gocuisivin.com\/fr\/wp-json\/wp\/v2\/product_brand?post=22687"},{"taxonomy":"product_cat","embeddable":true,"href":"https:\/\/gocuisivin.com\/fr\/wp-json\/wp\/v2\/product_cat?post=22687"},{"taxonomy":"product_tag","embeddable":true,"href":"https:\/\/gocuisivin.com\/fr\/wp-json\/wp\/v2\/product_tag?post=22687"}],"curies":[{"name":"wp","href":"https:\/\/api.w.org\/{rel}","templated":true}]}}