{"id":22686,"date":"2022-03-10T06:35:33","date_gmt":"2022-03-10T06:35:33","guid":{"rendered":"https:\/\/gocuisivin.com\/product\/cuisivin-bel-air-mesure-double-jigger\/"},"modified":"2023-01-19T15:43:42","modified_gmt":"2023-01-19T15:43:42","slug":"cuisivin-bel-air-mesure-double-jigger","status":"publish","type":"product","link":"https:\/\/gocuisivin.com\/fr\/product\/cuisivin-bel-air-mesure-double-jigger\/","title":{"rendered":"Cuisivin Bel-Air Mesur\u00e9 Double Jigger"},"content":{"rendered":"<p>Assurez un dosage pr\u00e9cis de vos spiritueux pr\u00e9f\u00e9r\u00e9s avec le Bel-Air Measured Double Jigger. Ce double jigger en acier inoxydable est dot\u00e9 d&#8217;une fen\u00eatre en silicone int\u00e9gr\u00e9e, qui vous aide \u00e0 mesurer rapidement les tailles de versement de vos ingr\u00e9dients de cocktail pr\u00e9f\u00e9r\u00e9s. Construction en acier inoxydable et fen\u00eatre en silicone \u00e9tanche et sans danger pour les aliments. Capacit\u00e9 d&#8217;un c\u00f4t\u00e9 1 oz \/ 29,57 ml, de l&#8217;autre c\u00f4t\u00e9 6 oz \/ 177,4 ml. Jigger de grande capacit\u00e9 parfait pour l&#8217;ajout pr\u00e9cis de m\u00e9langeurs. Un must pour chaque bar et mixologue ! Coffret cadeau \u2013 parfait pour offrir en cadeau !<\/p>\n","protected":false},"excerpt":{"rendered":"<p>&nbsp;<\/p>\n<ul>\n<li>Jigger double en acier inoxydable avec fen\u00eatre de mesure en silicone int\u00e9gr\u00e9e (en ml et oz),<\/li>\n<li>Double Jigger \u2013 30 ml\/1 oz en bas et jusqu&#8217;\u00e0 180 ml\/6 oz en haut<\/li>\n<li>Mesurez clairement les ingr\u00e9dients pour votre cocktail parfait !<\/li>\n<li>Jigger de grande capacit\u00e9<\/li>\n<li>Construction solide en acier inoxydable avec finition chrom\u00e9e<\/li>\n<li>Coffret cadeau &#8211; parfait pour offrir en cadeau !<\/li>\n<\/ul>\n<p><img decoding=\"async\" src=\"https:\/\/gocuisivin.com\/gleengag\/2022\/03\/Icon-w_-Text_Stainless-Steele_1.jpg\" alt=\"\" width=\"100\" height=\"100\" \/><img decoding=\"async\" src=\"https:\/\/gocuisivin.com\/gleengag\/2022\/03\/Icon-w_-Text_Dishwasher-Safe_1-scaled-e1647696229552.jpg\" alt=\"\" width=\"100\" height=\"100\" \/><\/p>\n","protected":false},"featured_media":16653,"comment_status":"open","ping_status":"closed","template":"","meta":[],"pwb-brand":[1663,1664],"product_brand":[],"product_cat":[1565,968],"product_tag":[1002,1045,1004,281,1103],"class_list":{"0":"post-22686","1":"product","2":"type-product","3":"status-publish","4":"has-post-thumbnail","6":"pwb-brand-bel-air-fr","7":"pwb-brand-cuisivin-fr","8":"product_cat-accessoires-pour-le-vin-et-le-bar","9":"product_cat-barware-fr","10":"product_tag-accessoires-pour-le-vin-et-le-bar","11":"product_tag-barware-fr","12":"product_tag-bel-air-fr","13":"product_tag-cuisivin-fr","14":"product_tag-jigger-double-mesure","16":"first","17":"outofstock","18":"taxable","19":"shipping-taxable","20":"purchasable","21":"product-type-simple"},"brands":[{"id":1663,"name":"Bel-Air","slug":"bel-air-fr"},{"id":1664,"name":"Cuisivin","slug":"cuisivin-fr"}],"_links":{"self":[{"href":"https:\/\/gocuisivin.com\/fr\/wp-json\/wp\/v2\/product\/22686","targetHints":{"allow":["GET"]}}],"collection":[{"href":"https:\/\/gocuisivin.com\/fr\/wp-json\/wp\/v2\/product"}],"about":[{"href":"https:\/\/gocuisivin.com\/fr\/wp-json\/wp\/v2\/types\/product"}],"replies":[{"embeddable":true,"href":"https:\/\/gocuisivin.com\/fr\/wp-json\/wp\/v2\/comments?post=22686"}],"version-history":[{"count":2,"href":"https:\/\/gocuisivin.com\/fr\/wp-json\/wp\/v2\/product\/22686\/revisions"}],"predecessor-version":[{"id":24384,"href":"https:\/\/gocuisivin.com\/fr\/wp-json\/wp\/v2\/product\/22686\/revisions\/24384"}],"wp:featuredmedia":[{"embeddable":true,"href":"https:\/\/gocuisivin.com\/fr\/wp-json\/wp\/v2\/media\/16653"}],"wp:attachment":[{"href":"https:\/\/gocuisivin.com\/fr\/wp-json\/wp\/v2\/media?parent=22686"}],"wp:term":[{"taxonomy":"pwb-brand","embeddable":true,"href":"https:\/\/gocuisivin.com\/fr\/wp-json\/wp\/v2\/pwb-brand?post=22686"},{"taxonomy":"product_brand","embeddable":true,"href":"https:\/\/gocuisivin.com\/fr\/wp-json\/wp\/v2\/product_brand?post=22686"},{"taxonomy":"product_cat","embeddable":true,"href":"https:\/\/gocuisivin.com\/fr\/wp-json\/wp\/v2\/product_cat?post=22686"},{"taxonomy":"product_tag","embeddable":true,"href":"https:\/\/gocuisivin.com\/fr\/wp-json\/wp\/v2\/product_tag?post=22686"}],"curies":[{"name":"wp","href":"https:\/\/api.w.org\/{rel}","templated":true}]}}