{"id":22685,"date":"2022-03-10T06:35:36","date_gmt":"2022-03-10T06:35:36","guid":{"rendered":"https:\/\/gocuisivin.com\/product\/shaker-a-cocktail-en-verre-bel-air-de-cuisivin\/"},"modified":"2023-01-19T15:34:13","modified_gmt":"2023-01-19T15:34:13","slug":"shaker-a-cocktail-en-verre-bel-air-de-cuisivin","status":"publish","type":"product","link":"https:\/\/gocuisivin.com\/fr\/product\/shaker-a-cocktail-en-verre-bel-air-de-cuisivin\/","title":{"rendered":"Shaker \u00e0 cocktail en verre Bel-Air de Cuisivin"},"content":{"rendered":"<p>Savourez vos cocktails pr\u00e9f\u00e9r\u00e9s avec ce shaker \u00e0 cocktail sculptural. Le design \u00e9l\u00e9gant en verre et en acier inoxydable poli vous permet de regarder la magie de la mixologie se d\u00e9rouler sous vos yeux ! Le shaker 3 pi\u00e8ces comprend une passoire et un couvercle en acier inoxydable int\u00e9gr\u00e9s. Capacit\u00e9 : 22 oz \/ 650 ml. Lavage \u00e0 la main avec un nettoyant non abrasif. Coffret cadeau &#8211; parfait pour offrir en cadeau.<\/p>\n","protected":false},"excerpt":{"rendered":"<p>&nbsp;<\/p>\n<ul>\n<li>Shaker \u00e0 cocktail en verre \u00e9l\u00e9gant<\/li>\n<li>Secouez vos cocktails pr\u00e9f\u00e9r\u00e9s avec style\u2026 voyez la magie de la mixologie sous vos yeux !<\/li>\n<li>Construction en 3 pi\u00e8ces avec cr\u00e9pine et couvercle int\u00e9gr\u00e9s en acier inoxydable poli<\/li>\n<li>Design chic, un ajout sophistiqu\u00e9 \u00e0 n&#8217;importe quel bar<\/li>\n<li>Capacit\u00e9\u00a0: 22\u00a0oz\/650\u00a0ml\u00a0; Hauteur : 10,4&#8243; \/ 26,4 cm<\/li>\n<li>Coffret cadeau &#8211; parfait pour offrir en cadeau !<\/li>\n<\/ul>\n<p><img decoding=\"async\" src=\"https:\/\/gocuisivin.com\/gleengag\/2022\/03\/Icon-w_-Text_Handwash_1.jpg\" alt=\"\" width=\"100\" height=\"100\" \/><\/p>\n","protected":false},"featured_media":22689,"comment_status":"open","ping_status":"closed","template":"","meta":[],"pwb-brand":[1663,1664],"product_brand":[],"product_cat":[1565,968],"product_tag":[1002,1045,1004,281,1086],"class_list":{"0":"post-22685","1":"product","2":"type-product","3":"status-publish","4":"has-post-thumbnail","6":"pwb-brand-bel-air-fr","7":"pwb-brand-cuisivin-fr","8":"product_cat-accessoires-pour-le-vin-et-le-bar","9":"product_cat-barware-fr","10":"product_tag-accessoires-pour-le-vin-et-le-bar","11":"product_tag-barware-fr","12":"product_tag-bel-air-fr","13":"product_tag-cuisivin-fr","14":"product_tag-shaker-a-cocktail-en-verre","16":"first","17":"instock","18":"taxable","19":"shipping-taxable","20":"purchasable","21":"product-type-simple"},"brands":[{"id":1663,"name":"Bel-Air","slug":"bel-air-fr"},{"id":1664,"name":"Cuisivin","slug":"cuisivin-fr"}],"_links":{"self":[{"href":"https:\/\/gocuisivin.com\/fr\/wp-json\/wp\/v2\/product\/22685","targetHints":{"allow":["GET"]}}],"collection":[{"href":"https:\/\/gocuisivin.com\/fr\/wp-json\/wp\/v2\/product"}],"about":[{"href":"https:\/\/gocuisivin.com\/fr\/wp-json\/wp\/v2\/types\/product"}],"replies":[{"embeddable":true,"href":"https:\/\/gocuisivin.com\/fr\/wp-json\/wp\/v2\/comments?post=22685"}],"version-history":[{"count":2,"href":"https:\/\/gocuisivin.com\/fr\/wp-json\/wp\/v2\/product\/22685\/revisions"}],"predecessor-version":[{"id":24375,"href":"https:\/\/gocuisivin.com\/fr\/wp-json\/wp\/v2\/product\/22685\/revisions\/24375"}],"wp:featuredmedia":[{"embeddable":true,"href":"https:\/\/gocuisivin.com\/fr\/wp-json\/wp\/v2\/media\/22689"}],"wp:attachment":[{"href":"https:\/\/gocuisivin.com\/fr\/wp-json\/wp\/v2\/media?parent=22685"}],"wp:term":[{"taxonomy":"pwb-brand","embeddable":true,"href":"https:\/\/gocuisivin.com\/fr\/wp-json\/wp\/v2\/pwb-brand?post=22685"},{"taxonomy":"product_brand","embeddable":true,"href":"https:\/\/gocuisivin.com\/fr\/wp-json\/wp\/v2\/product_brand?post=22685"},{"taxonomy":"product_cat","embeddable":true,"href":"https:\/\/gocuisivin.com\/fr\/wp-json\/wp\/v2\/product_cat?post=22685"},{"taxonomy":"product_tag","embeddable":true,"href":"https:\/\/gocuisivin.com\/fr\/wp-json\/wp\/v2\/product_tag?post=22685"}],"curies":[{"name":"wp","href":"https:\/\/api.w.org\/{rel}","templated":true}]}}