{"id":22684,"date":"2022-03-10T06:24:59","date_gmt":"2022-03-10T06:24:59","guid":{"rendered":"https:\/\/gocuisivin.com\/product\/pelle-a-glacons-cuisivin-bel-air-en-acier-inoxydable\/"},"modified":"2023-01-19T15:46:38","modified_gmt":"2023-01-19T15:46:38","slug":"pelle-a-glacons-cuisivin-bel-air-en-acier-inoxydable","status":"publish","type":"product","link":"https:\/\/gocuisivin.com\/fr\/product\/pelle-a-glacons-cuisivin-bel-air-en-acier-inoxydable\/","title":{"rendered":"Pelle \u00e0 gla\u00e7ons Cuisivin Bel-Air en acier inoxydable"},"content":{"rendered":"<p>Un aliment de base pour chaque bar, la cuill\u00e8re \u00e0 glace en acier inoxydable Bel-Air est un classique. Con\u00e7u avec des lignes simples et \u00e9pur\u00e9es et profil\u00e9 pour s&#8217;adapter parfaitement \u00e0 des gla\u00e7ons de diff\u00e9rentes tailles. Construction solide d&#8217;une seule pi\u00e8ce en acier inoxydable. Lave-vaisselle. Longueur : 8,8&#8243; \/ 22,5 cm<\/p>\n","protected":false},"excerpt":{"rendered":"<p>&nbsp;<\/p>\n<ul>\n<li>Construction solide en acier inoxydable d&#8217;une seule pi\u00e8ce<\/li>\n<li>Agrafe pour chaque barre<\/li>\n<li>Finition polie<\/li>\n<li>Pelle profil\u00e9e<\/li>\n<li>Longueur : 8,8&#8243; \/ 22,5 cm<\/li>\n<li>Coffret cadeau &#8211; parfait pour offrir en cadeau !<\/li>\n<\/ul>\n<p><img decoding=\"async\" src=\"https:\/\/gocuisivin.com\/gleengag\/2022\/03\/Icon-w_-Text_Stainless-Steele_1.jpg\" alt=\"\" width=\"100\" height=\"100\" \/><img decoding=\"async\" src=\"https:\/\/gocuisivin.com\/gleengag\/2022\/03\/Icon-w_-Text_Dishwasher-Safe_1-scaled-e1647696229552.jpg\" alt=\"\" width=\"100\" height=\"100\" \/><\/p>\n","protected":false},"featured_media":16750,"comment_status":"open","ping_status":"closed","template":"","meta":[],"pwb-brand":[1663,1664],"product_brand":[],"product_cat":[102,1565,968],"product_tag":[1003,1002,991,1045,1004,281,1075],"class_list":{"0":"post-22684","1":"product","2":"type-product","3":"status-publish","4":"has-post-thumbnail","6":"pwb-brand-bel-air-fr","7":"pwb-brand-cuisivin-fr","8":"product_cat-accessoires","9":"product_cat-accessoires-pour-le-vin-et-le-bar","10":"product_cat-barware-fr","11":"product_tag-accessoires","12":"product_tag-accessoires-pour-le-vin-et-le-bar","13":"product_tag-acier-inoxydable","14":"product_tag-barware-fr","15":"product_tag-bel-air-fr","16":"product_tag-cuisivin-fr","17":"product_tag-pelle-a-glace","19":"first","20":"instock","21":"taxable","22":"shipping-taxable","23":"purchasable","24":"product-type-simple"},"brands":[{"id":1663,"name":"Bel-Air","slug":"bel-air-fr"},{"id":1664,"name":"Cuisivin","slug":"cuisivin-fr"}],"_links":{"self":[{"href":"https:\/\/gocuisivin.com\/fr\/wp-json\/wp\/v2\/product\/22684","targetHints":{"allow":["GET"]}}],"collection":[{"href":"https:\/\/gocuisivin.com\/fr\/wp-json\/wp\/v2\/product"}],"about":[{"href":"https:\/\/gocuisivin.com\/fr\/wp-json\/wp\/v2\/types\/product"}],"replies":[{"embeddable":true,"href":"https:\/\/gocuisivin.com\/fr\/wp-json\/wp\/v2\/comments?post=22684"}],"version-history":[{"count":2,"href":"https:\/\/gocuisivin.com\/fr\/wp-json\/wp\/v2\/product\/22684\/revisions"}],"predecessor-version":[{"id":24388,"href":"https:\/\/gocuisivin.com\/fr\/wp-json\/wp\/v2\/product\/22684\/revisions\/24388"}],"wp:featuredmedia":[{"embeddable":true,"href":"https:\/\/gocuisivin.com\/fr\/wp-json\/wp\/v2\/media\/16750"}],"wp:attachment":[{"href":"https:\/\/gocuisivin.com\/fr\/wp-json\/wp\/v2\/media?parent=22684"}],"wp:term":[{"taxonomy":"pwb-brand","embeddable":true,"href":"https:\/\/gocuisivin.com\/fr\/wp-json\/wp\/v2\/pwb-brand?post=22684"},{"taxonomy":"product_brand","embeddable":true,"href":"https:\/\/gocuisivin.com\/fr\/wp-json\/wp\/v2\/product_brand?post=22684"},{"taxonomy":"product_cat","embeddable":true,"href":"https:\/\/gocuisivin.com\/fr\/wp-json\/wp\/v2\/product_cat?post=22684"},{"taxonomy":"product_tag","embeddable":true,"href":"https:\/\/gocuisivin.com\/fr\/wp-json\/wp\/v2\/product_tag?post=22684"}],"curies":[{"name":"wp","href":"https:\/\/api.w.org\/{rel}","templated":true}]}}