{"id":22683,"date":"2022-03-10T06:35:33","date_gmt":"2022-03-10T06:35:33","guid":{"rendered":"https:\/\/gocuisivin.com\/product\/degustation-cuisivin-dolcetto-paquet-de-6\/"},"modified":"2023-01-19T15:42:50","modified_gmt":"2023-01-19T15:42:50","slug":"degustation-cuisivin-dolcetto-paquet-de-6","status":"publish","type":"product","link":"https:\/\/gocuisivin.com\/fr\/product\/degustation-cuisivin-dolcetto-paquet-de-6\/","title":{"rendered":"D\u00e9gustation Cuisivin Dolcetto &#8211; Paquet de 6"},"content":{"rendered":"<p>Con\u00e7u d&#8217;apr\u00e8s le verre ISO traditionnel, le verre de d\u00e9gustation Dolcetto est id\u00e9al pour les d\u00e9gustations de rouge ou de blanc. Fabriqu\u00e9 \u00e0 partir de cristal sans plomb en Europe, le verre a un rebord plus fin et va au lave-vaisselle.<\/p>\n","protected":false},"excerpt":{"rendered":"<p>&nbsp;<\/p>\n<ul>\n<li>Verre de d\u00e9gustation tout usage<\/li>\n<li>Id\u00e9al pour la d\u00e9gustation de vins et spiritueux<\/li>\n<li>Cristal europ\u00e9en sans plomb<\/li>\n<li>Jante fine<\/li>\n<li>Capacit\u00e9: 7.1oz\/210ml<\/li>\n<\/ul>\n<p><img decoding=\"async\" src=\"https:\/\/gocuisivin.com\/gleengag\/2022\/03\/Icon-w_-Text_Made-in-Europe_1-scaled-e1647696362269.jpg\" alt=\"\" width=\"100\" height=\"100\" \/><img decoding=\"async\" src=\"https:\/\/gocuisivin.com\/gleengag\/2022\/03\/Icon-w_-Text_Lead-Free-Crystal_1-scaled-e1647696159460.jpg\" alt=\"\" width=\"100\" height=\"100\" \/><img decoding=\"async\" src=\"https:\/\/gocuisivin.com\/gleengag\/2022\/03\/Icon-w_-Text_Fine-Rim_1-scaled-e1647696201810.jpg\" alt=\"\" width=\"100\" height=\"100\" \/><img loading=\"lazy\" decoding=\"async\" src=\"https:\/\/gocuisivin.com\/gleengag\/2022\/03\/Icon-w_-Text_Dishwasher-Safe_1-scaled-e1647696229552.jpg\" alt=\"\" width=\"100\" height=\"100\" \/><\/p>\n","protected":false},"featured_media":16641,"comment_status":"open","ping_status":"closed","template":"","meta":[],"pwb-brand":[1664],"product_brand":[],"product_cat":[1557,1558],"product_tag":[1084,281,1107,1083,118,116],"class_list":{"0":"post-22683","1":"product","2":"type-product","3":"status-publish","4":"has-post-thumbnail","6":"pwb-brand-cuisivin-fr","7":"product_cat-verrerie","8":"product_cat-vin","9":"product_tag-210-ml","10":"product_tag-cuisivin-fr","11":"product_tag-degustation-de-dolcetto","12":"product_tag-verre-a-degustation","13":"product_tag-verrerie","14":"product_tag-vin","16":"first","17":"instock","18":"taxable","19":"shipping-taxable","20":"purchasable","21":"product-type-simple"},"brands":[{"id":1664,"name":"Cuisivin","slug":"cuisivin-fr"}],"_links":{"self":[{"href":"https:\/\/gocuisivin.com\/fr\/wp-json\/wp\/v2\/product\/22683","targetHints":{"allow":["GET"]}}],"collection":[{"href":"https:\/\/gocuisivin.com\/fr\/wp-json\/wp\/v2\/product"}],"about":[{"href":"https:\/\/gocuisivin.com\/fr\/wp-json\/wp\/v2\/types\/product"}],"replies":[{"embeddable":true,"href":"https:\/\/gocuisivin.com\/fr\/wp-json\/wp\/v2\/comments?post=22683"}],"version-history":[{"count":2,"href":"https:\/\/gocuisivin.com\/fr\/wp-json\/wp\/v2\/product\/22683\/revisions"}],"predecessor-version":[{"id":24383,"href":"https:\/\/gocuisivin.com\/fr\/wp-json\/wp\/v2\/product\/22683\/revisions\/24383"}],"wp:featuredmedia":[{"embeddable":true,"href":"https:\/\/gocuisivin.com\/fr\/wp-json\/wp\/v2\/media\/16641"}],"wp:attachment":[{"href":"https:\/\/gocuisivin.com\/fr\/wp-json\/wp\/v2\/media?parent=22683"}],"wp:term":[{"taxonomy":"pwb-brand","embeddable":true,"href":"https:\/\/gocuisivin.com\/fr\/wp-json\/wp\/v2\/pwb-brand?post=22683"},{"taxonomy":"product_brand","embeddable":true,"href":"https:\/\/gocuisivin.com\/fr\/wp-json\/wp\/v2\/product_brand?post=22683"},{"taxonomy":"product_cat","embeddable":true,"href":"https:\/\/gocuisivin.com\/fr\/wp-json\/wp\/v2\/product_cat?post=22683"},{"taxonomy":"product_tag","embeddable":true,"href":"https:\/\/gocuisivin.com\/fr\/wp-json\/wp\/v2\/product_tag?post=22683"}],"curies":[{"name":"wp","href":"https:\/\/api.w.org\/{rel}","templated":true}]}}