{"id":22682,"date":"2022-03-10T06:35:35","date_gmt":"2022-03-10T06:35:35","guid":{"rendered":"https:\/\/gocuisivin.com\/product\/cuisivin-tentation-martini-paquet-de-6\/"},"modified":"2023-01-19T15:35:32","modified_gmt":"2023-01-19T15:35:32","slug":"cuisivin-tentation-martini-paquet-de-6","status":"publish","type":"product","link":"https:\/\/gocuisivin.com\/fr\/product\/cuisivin-tentation-martini-paquet-de-6\/","title":{"rendered":"Cuisivin Tentation Martini &#8211; Paquet de 6"},"content":{"rendered":"<p>Si vous l&#8217;aimez secou\u00e9 ou remu\u00e9, servez vos Martinis avec style ! \u00c9l\u00e9gants et sculpturaux, ces verres en cristal sans plomb font une v\u00e9ritable d\u00e9claration. Construction monobloc pour une plus grande durabilit\u00e9. Lavage \u00e0 la main recommand\u00e9. Capacit\u00e9 : 230 ml\/7.75 oz. Hauteur\u00a0:\u00a07.1&#8243; \/ 181\u00a0mm<\/p>\n","protected":false},"excerpt":{"rendered":"<p>&nbsp;<\/p>\n<ul>\n<li>Forme \u00e9l\u00e9gante et sculpturale<\/li>\n<li>Parfait pour les martinis et cocktails<\/li>\n<li>Cristal sans plomb<\/li>\n<li>Jante fine<\/li>\n<li>Capacit\u00e9: 7.75oz \/ 230ml<\/li>\n<li>Bo\u00eete marron 6pk<\/li>\n<\/ul>\n<p><img decoding=\"async\" src=\"https:\/\/gocuisivin.com\/gleengag\/2022\/03\/Icon-w_-Text_Lead-Free-Crystal_1-scaled-e1647696159460.jpg\" alt=\"\" width=\"100\" height=\"100\" \/><img decoding=\"async\" src=\"https:\/\/gocuisivin.com\/gleengag\/2022\/03\/Icon-w_-Text_Pulled-Stem-for-Durability_1.jpg\" alt=\"\" width=\"100\" height=\"100\" \/><img decoding=\"async\" src=\"https:\/\/gocuisivin.com\/gleengag\/2022\/03\/Icon-w_-Text_Fine-Rim_1-scaled-e1647696201810.jpg\" alt=\"\" width=\"100\" height=\"100\" \/><img loading=\"lazy\" decoding=\"async\" src=\"https:\/\/gocuisivin.com\/gleengag\/2022\/03\/Icon-w_-Text_Handwash_1.jpg\" alt=\"\" width=\"100\" height=\"100\" \/><\/p>\n","protected":false},"featured_media":28739,"comment_status":"open","ping_status":"closed","template":"","meta":[],"pwb-brand":[1664],"product_brand":[],"product_cat":[525,1557],"product_tag":[1092,291,281,1093,126,1094,118],"class_list":{"0":"post-22682","1":"product","2":"type-product","3":"status-publish","4":"has-post-thumbnail","6":"pwb-brand-cuisivin-fr","7":"product_cat-cocktail-fr","8":"product_cat-verrerie","9":"product_tag-230-ml","10":"product_tag-cocktail-fr","11":"product_tag-cuisivin-fr","12":"product_tag-forme-sculpturale","13":"product_tag-martini-fr","14":"product_tag-tentation-martini","15":"product_tag-verrerie","17":"first","18":"instock","19":"taxable","20":"shipping-taxable","21":"purchasable","22":"product-type-simple"},"brands":[{"id":1664,"name":"Cuisivin","slug":"cuisivin-fr"}],"_links":{"self":[{"href":"https:\/\/gocuisivin.com\/fr\/wp-json\/wp\/v2\/product\/22682","targetHints":{"allow":["GET"]}}],"collection":[{"href":"https:\/\/gocuisivin.com\/fr\/wp-json\/wp\/v2\/product"}],"about":[{"href":"https:\/\/gocuisivin.com\/fr\/wp-json\/wp\/v2\/types\/product"}],"replies":[{"embeddable":true,"href":"https:\/\/gocuisivin.com\/fr\/wp-json\/wp\/v2\/comments?post=22682"}],"version-history":[{"count":2,"href":"https:\/\/gocuisivin.com\/fr\/wp-json\/wp\/v2\/product\/22682\/revisions"}],"predecessor-version":[{"id":24377,"href":"https:\/\/gocuisivin.com\/fr\/wp-json\/wp\/v2\/product\/22682\/revisions\/24377"}],"wp:featuredmedia":[{"embeddable":true,"href":"https:\/\/gocuisivin.com\/fr\/wp-json\/wp\/v2\/media\/28739"}],"wp:attachment":[{"href":"https:\/\/gocuisivin.com\/fr\/wp-json\/wp\/v2\/media?parent=22682"}],"wp:term":[{"taxonomy":"pwb-brand","embeddable":true,"href":"https:\/\/gocuisivin.com\/fr\/wp-json\/wp\/v2\/pwb-brand?post=22682"},{"taxonomy":"product_brand","embeddable":true,"href":"https:\/\/gocuisivin.com\/fr\/wp-json\/wp\/v2\/product_brand?post=22682"},{"taxonomy":"product_cat","embeddable":true,"href":"https:\/\/gocuisivin.com\/fr\/wp-json\/wp\/v2\/product_cat?post=22682"},{"taxonomy":"product_tag","embeddable":true,"href":"https:\/\/gocuisivin.com\/fr\/wp-json\/wp\/v2\/product_tag?post=22682"}],"curies":[{"name":"wp","href":"https:\/\/api.w.org\/{rel}","templated":true}]}}