{"id":22681,"date":"2022-03-10T06:54:28","date_gmt":"2022-03-10T06:54:28","guid":{"rendered":"https:\/\/gocuisivin.com\/product\/ouragan-cuisivin-cuba-paquet-de-6\/"},"modified":"2023-01-19T15:33:49","modified_gmt":"2023-01-19T15:33:49","slug":"ouragan-cuisivin-cuba-paquet-de-6","status":"publish","type":"product","link":"https:\/\/gocuisivin.com\/fr\/product\/ouragan-cuisivin-cuba-paquet-de-6\/","title":{"rendered":"Ouragan Cuisivin Cuba &#8211; Paquet de 6"},"content":{"rendered":"<p>Le verre Cuba Hurricane de Cuisivin est un merveilleux ajout \u00e0 toute collection d&#8217;articles de bar. Ce verre galb\u00e9 de 16 oz est parfaitement adapt\u00e9 pour une vari\u00e9t\u00e9 de cocktails classiques et color\u00e9s ainsi que des th\u00e9s glac\u00e9s et des caf\u00e9s glac\u00e9s. Divertissez vos amis et vos invit\u00e9s avec cette conception d&#8217;ouragan aux pieds cristallins.<\/p>\n","protected":false},"excerpt":{"rendered":"<p>&nbsp;<\/p>\n<ul>\n<li>Parfaitement adapt\u00e9 pour une vari\u00e9t\u00e9 de cocktails et de th\u00e9s\/caf\u00e9s glac\u00e9s<\/li>\n<li>Design galb\u00e9 parfait pour les f\u00eates<\/li>\n<li>Lavage \u00e0 la main recommand\u00e9<\/li>\n<li>Capacit\u00e9 : 15,75 oz \/ 460 ml<\/li>\n<li>Bo\u00eete marron 6pk<\/li>\n<\/ul>\n<p><img decoding=\"async\" src=\"https:\/\/gocuisivin.com\/gleengag\/2022\/03\/Icon-w_-Text_Handwash_1.jpg\" alt=\"\" width=\"100\" height=\"100\" \/><\/p>\n","protected":false},"featured_media":28669,"comment_status":"open","ping_status":"closed","template":"","meta":[],"pwb-brand":[1664],"product_brand":[],"product_cat":[525,1557,1559],"product_tag":[1146,291,281,1147,118,527],"class_list":{"0":"post-22681","1":"product","2":"type-product","3":"status-publish","4":"has-post-thumbnail","6":"pwb-brand-cuisivin-fr","7":"product_cat-cocktail-fr","8":"product_cat-verrerie","9":"product_cat-whisky-spiritueux","10":"product_tag-460-ml-fr","11":"product_tag-cocktail-fr","12":"product_tag-cuisivin-fr","13":"product_tag-ouragan-a-cuba","14":"product_tag-verrerie","15":"product_tag-whisky-spiritueux-fr","17":"first","18":"instock","19":"taxable","20":"shipping-taxable","21":"purchasable","22":"product-type-simple"},"brands":[{"id":1664,"name":"Cuisivin","slug":"cuisivin-fr"}],"_links":{"self":[{"href":"https:\/\/gocuisivin.com\/fr\/wp-json\/wp\/v2\/product\/22681","targetHints":{"allow":["GET"]}}],"collection":[{"href":"https:\/\/gocuisivin.com\/fr\/wp-json\/wp\/v2\/product"}],"about":[{"href":"https:\/\/gocuisivin.com\/fr\/wp-json\/wp\/v2\/types\/product"}],"replies":[{"embeddable":true,"href":"https:\/\/gocuisivin.com\/fr\/wp-json\/wp\/v2\/comments?post=22681"}],"version-history":[{"count":2,"href":"https:\/\/gocuisivin.com\/fr\/wp-json\/wp\/v2\/product\/22681\/revisions"}],"predecessor-version":[{"id":24374,"href":"https:\/\/gocuisivin.com\/fr\/wp-json\/wp\/v2\/product\/22681\/revisions\/24374"}],"wp:featuredmedia":[{"embeddable":true,"href":"https:\/\/gocuisivin.com\/fr\/wp-json\/wp\/v2\/media\/28669"}],"wp:attachment":[{"href":"https:\/\/gocuisivin.com\/fr\/wp-json\/wp\/v2\/media?parent=22681"}],"wp:term":[{"taxonomy":"pwb-brand","embeddable":true,"href":"https:\/\/gocuisivin.com\/fr\/wp-json\/wp\/v2\/pwb-brand?post=22681"},{"taxonomy":"product_brand","embeddable":true,"href":"https:\/\/gocuisivin.com\/fr\/wp-json\/wp\/v2\/product_brand?post=22681"},{"taxonomy":"product_cat","embeddable":true,"href":"https:\/\/gocuisivin.com\/fr\/wp-json\/wp\/v2\/product_cat?post=22681"},{"taxonomy":"product_tag","embeddable":true,"href":"https:\/\/gocuisivin.com\/fr\/wp-json\/wp\/v2\/product_tag?post=22681"}],"curies":[{"name":"wp","href":"https:\/\/api.w.org\/{rel}","templated":true}]}}