{"id":22680,"date":"2022-03-10T06:35:34","date_gmt":"2022-03-10T06:35:34","guid":{"rendered":"https:\/\/gocuisivin.com\/product\/flute-traversiere-decontractee-sans-pied-cuisivin-paquet-de-6\/"},"modified":"2023-01-19T15:39:17","modified_gmt":"2023-01-19T15:39:17","slug":"flute-traversiere-decontractee-sans-pied-cuisivin-paquet-de-6","status":"publish","type":"product","link":"https:\/\/gocuisivin.com\/fr\/product\/flute-traversiere-decontractee-sans-pied-cuisivin-paquet-de-6\/","title":{"rendered":"Fl\u00fbte traversi\u00e8re d\u00e9contract\u00e9e sans pied Cuisivin &#8211; Paquet de 6"},"content":{"rendered":"<p>La fl\u00fbte d\u00e9contract\u00e9e Cuisivin a un grand design sculptural. Avec leur design de fl\u00fbte sans pied mince et \u00e9l\u00e9gant, ces verres aident \u00e0 pr\u00e9server les bulles et \u00e0 mettre en valeur votre champagne, prosecco, mimosa ou p\u00e9tillants fruit\u00e9s.<\/p>\n","protected":false},"excerpt":{"rendered":"<p>&nbsp;<\/p>\n<ul>\n<li>Design \u00e9l\u00e9gant et \u00e9lanc\u00e9<\/li>\n<li>Id\u00e9al pour le champagne, le prosecco, le mimosa et autres boissons p\u00e9tillantes<\/li>\n<li>Cristal europ\u00e9en sans plomb<\/li>\n<li>Conception bien pond\u00e9r\u00e9e et \u00e9quilibr\u00e9e<\/li>\n<li>Jante fine<\/li>\n<li>Capacit\u00e9 : 9,5 oz \/ 280 ml<\/li>\n<\/ul>\n<p><img decoding=\"async\" src=\"https:\/\/gocuisivin.com\/gleengag\/2022\/03\/Icon-w_-Text_Made-in-Europe_1-scaled-e1647696362269.jpg\" alt=\"\" width=\"100\" height=\"100\" \/><img decoding=\"async\" src=\"https:\/\/gocuisivin.com\/gleengag\/2022\/03\/Icon-w_-Text_Lead-Free-Crystal_1-scaled-e1647696159460.jpg\" alt=\"\" width=\"100\" height=\"100\" \/><img decoding=\"async\" src=\"https:\/\/gocuisivin.com\/gleengag\/2022\/03\/Icon-w_-Text_Fine-Rim_1-scaled-e1647696201810.jpg\" alt=\"\" width=\"100\" height=\"100\" \/><img loading=\"lazy\" decoding=\"async\" src=\"https:\/\/gocuisivin.com\/gleengag\/2022\/03\/Icon-w_-Text_Dishwasher-Safe_1-scaled-e1647696229552.jpg\" alt=\"\" width=\"100\" height=\"100\" \/><\/p>\n","protected":false},"featured_media":16648,"comment_status":"open","ping_status":"closed","template":"","meta":[],"pwb-brand":[1664],"product_brand":[],"product_cat":[971,1573,1557],"product_tag":[1104,136,1105,281,309,137,1106,127,118],"class_list":{"0":"post-22680","1":"product","2":"type-product","3":"status-publish","4":"has-post-thumbnail","6":"pwb-brand-cuisivin-fr","7":"product_cat-champagne-2","8":"product_cat-sans-tige","9":"product_cat-verrerie","10":"product_tag-280-ml-fr","11":"product_tag-champagne-fr","12":"product_tag-conception-elancee","13":"product_tag-cuisivin-fr","14":"product_tag-decontractee","15":"product_tag-flute-fr","16":"product_tag-flute-sans-pied","17":"product_tag-sans-tige","18":"product_tag-verrerie","20":"first","21":"instock","22":"taxable","23":"shipping-taxable","24":"purchasable","25":"product-type-simple"},"brands":[{"id":1664,"name":"Cuisivin","slug":"cuisivin-fr"}],"_links":{"self":[{"href":"https:\/\/gocuisivin.com\/fr\/wp-json\/wp\/v2\/product\/22680","targetHints":{"allow":["GET"]}}],"collection":[{"href":"https:\/\/gocuisivin.com\/fr\/wp-json\/wp\/v2\/product"}],"about":[{"href":"https:\/\/gocuisivin.com\/fr\/wp-json\/wp\/v2\/types\/product"}],"replies":[{"embeddable":true,"href":"https:\/\/gocuisivin.com\/fr\/wp-json\/wp\/v2\/comments?post=22680"}],"version-history":[{"count":2,"href":"https:\/\/gocuisivin.com\/fr\/wp-json\/wp\/v2\/product\/22680\/revisions"}],"predecessor-version":[{"id":24379,"href":"https:\/\/gocuisivin.com\/fr\/wp-json\/wp\/v2\/product\/22680\/revisions\/24379"}],"wp:featuredmedia":[{"embeddable":true,"href":"https:\/\/gocuisivin.com\/fr\/wp-json\/wp\/v2\/media\/16648"}],"wp:attachment":[{"href":"https:\/\/gocuisivin.com\/fr\/wp-json\/wp\/v2\/media?parent=22680"}],"wp:term":[{"taxonomy":"pwb-brand","embeddable":true,"href":"https:\/\/gocuisivin.com\/fr\/wp-json\/wp\/v2\/pwb-brand?post=22680"},{"taxonomy":"product_brand","embeddable":true,"href":"https:\/\/gocuisivin.com\/fr\/wp-json\/wp\/v2\/product_brand?post=22680"},{"taxonomy":"product_cat","embeddable":true,"href":"https:\/\/gocuisivin.com\/fr\/wp-json\/wp\/v2\/product_cat?post=22680"},{"taxonomy":"product_tag","embeddable":true,"href":"https:\/\/gocuisivin.com\/fr\/wp-json\/wp\/v2\/product_tag?post=22680"}],"curies":[{"name":"wp","href":"https:\/\/api.w.org\/{rel}","templated":true}]}}