{"id":22678,"date":"2022-03-10T06:35:35","date_gmt":"2022-03-10T06:35:35","guid":{"rendered":"https:\/\/gocuisivin.com\/product\/seau-a-glace-cuisivin-bel-air-a-double-paroi-avec-pince\/"},"modified":"2023-01-19T15:34:49","modified_gmt":"2023-01-19T15:34:49","slug":"seau-a-glace-cuisivin-bel-air-a-double-paroi-avec-pince","status":"publish","type":"product","link":"https:\/\/gocuisivin.com\/fr\/product\/seau-a-glace-cuisivin-bel-air-a-double-paroi-avec-pince\/","title":{"rendered":"Seau \u00e0 glace Cuisivin Bel-Air \u00e0 double paroi avec pince"},"content":{"rendered":"<p>Gardez la glace plus longtemps dans ce seau \u00e0 glace \u00e0 double paroi pratiquement con\u00e7u. La construction en acier inoxydable \u00e0 double paroi isole la glace de la fonte et aide \u00e0 pr\u00e9venir la condensation \u00e0 l&#8217;ext\u00e9rieur. Le couvercle est dot\u00e9 d&#8217;un joint herm\u00e9tique avec un ajustement en silicone nervur\u00e9. Design \u00e9l\u00e9gant et \u00e9pur\u00e9 avec une construction solide en acier inoxydable. Comprend une pince \u00e0 gla\u00e7ons en acier inoxydable. Coffret cadeau \u2013 parfait pour offrir en cadeau !<\/p>\n","protected":false},"excerpt":{"rendered":"<p>&nbsp;<\/p>\n<ul>\n<li>Seau \u00e0 glace isotherme double paroi<\/li>\n<li>Construction en acier inoxydable solide de haute qualit\u00e9 avec finition satin\u00e9e bross\u00e9e<\/li>\n<li>Comprend des pinces<\/li>\n<li>Joint en silicone nervur\u00e9 sur le couvercle<\/li>\n<li>Hauteur\u00a0:\u00a06,3\u00a0po\/16\u00a0cm\u00a0; Capacit\u00e9\u00a0: 1,8\u00a0Quarts\/1,7\u00a0Lt<\/li>\n<li>Coffret cadeau &#8211; parfait pour offrir en cadeau<\/li>\n<\/ul>\n<p><img decoding=\"async\" src=\"https:\/\/gocuisivin.com\/gleengag\/2022\/03\/Icon-w_-Text_Stainless-Steele_1.jpg\" alt=\"\" width=\"100\" height=\"100\" \/><img decoding=\"async\" src=\"https:\/\/gocuisivin.com\/gleengag\/2022\/03\/Icon-w_-Text_Handwash_1.jpg\" alt=\"\" width=\"100\" height=\"100\" \/><\/p>\n","protected":false},"featured_media":16693,"comment_status":"open","ping_status":"closed","template":"","meta":[],"pwb-brand":[1663,1664],"product_brand":[],"product_cat":[1565,968],"product_tag":[1002,1045,1004,281,1091],"class_list":{"0":"post-22678","1":"product","2":"type-product","3":"status-publish","4":"has-post-thumbnail","6":"pwb-brand-bel-air-fr","7":"pwb-brand-cuisivin-fr","8":"product_cat-accessoires-pour-le-vin-et-le-bar","9":"product_cat-barware-fr","10":"product_tag-accessoires-pour-le-vin-et-le-bar","11":"product_tag-barware-fr","12":"product_tag-bel-air-fr","13":"product_tag-cuisivin-fr","14":"product_tag-seau-a-glace-double-paroi-avec-pince","16":"first","17":"instock","18":"taxable","19":"shipping-taxable","20":"purchasable","21":"product-type-simple"},"brands":[{"id":1663,"name":"Bel-Air","slug":"bel-air-fr"},{"id":1664,"name":"Cuisivin","slug":"cuisivin-fr"}],"_links":{"self":[{"href":"https:\/\/gocuisivin.com\/fr\/wp-json\/wp\/v2\/product\/22678","targetHints":{"allow":["GET"]}}],"collection":[{"href":"https:\/\/gocuisivin.com\/fr\/wp-json\/wp\/v2\/product"}],"about":[{"href":"https:\/\/gocuisivin.com\/fr\/wp-json\/wp\/v2\/types\/product"}],"replies":[{"embeddable":true,"href":"https:\/\/gocuisivin.com\/fr\/wp-json\/wp\/v2\/comments?post=22678"}],"version-history":[{"count":2,"href":"https:\/\/gocuisivin.com\/fr\/wp-json\/wp\/v2\/product\/22678\/revisions"}],"predecessor-version":[{"id":24376,"href":"https:\/\/gocuisivin.com\/fr\/wp-json\/wp\/v2\/product\/22678\/revisions\/24376"}],"wp:featuredmedia":[{"embeddable":true,"href":"https:\/\/gocuisivin.com\/fr\/wp-json\/wp\/v2\/media\/16693"}],"wp:attachment":[{"href":"https:\/\/gocuisivin.com\/fr\/wp-json\/wp\/v2\/media?parent=22678"}],"wp:term":[{"taxonomy":"pwb-brand","embeddable":true,"href":"https:\/\/gocuisivin.com\/fr\/wp-json\/wp\/v2\/pwb-brand?post=22678"},{"taxonomy":"product_brand","embeddable":true,"href":"https:\/\/gocuisivin.com\/fr\/wp-json\/wp\/v2\/product_brand?post=22678"},{"taxonomy":"product_cat","embeddable":true,"href":"https:\/\/gocuisivin.com\/fr\/wp-json\/wp\/v2\/product_cat?post=22678"},{"taxonomy":"product_tag","embeddable":true,"href":"https:\/\/gocuisivin.com\/fr\/wp-json\/wp\/v2\/product_tag?post=22678"}],"curies":[{"name":"wp","href":"https:\/\/api.w.org\/{rel}","templated":true}]}}