{"id":22677,"date":"2022-03-10T06:54:29","date_gmt":"2022-03-10T06:54:29","guid":{"rendered":"https:\/\/gocuisivin.com\/product\/brandy-cuisivin-paquet-de-6\/"},"modified":"2023-01-19T15:33:15","modified_gmt":"2023-01-19T15:33:15","slug":"brandy-cuisivin-paquet-de-6","status":"publish","type":"product","link":"https:\/\/gocuisivin.com\/fr\/product\/brandy-cuisivin-paquet-de-6\/","title":{"rendered":"Brandy Cuisivin &#8211; Paquet de 6"},"content":{"rendered":"<p>Fabriqu\u00e9 \u00e0 l&#8217;aide de techniques de fabrication de verre innovantes, le grand bol rond du Brandy Cuisivin est effil\u00e9 en un haut \u00e9troit aidant \u00e0 mettre en valeur les ar\u00f4mes. Le verre est id\u00e9al pour le tourbillonnement et le nez &#8211; parfait pour le brandy, le cognac et d&#8217;autres boissons spiritueuses. Cristal sans plomb de fabrication allemande avec une tige tir\u00e9e &#8211; ce verre est vraiment un premier choix !<\/p>\n","protected":false},"excerpt":{"rendered":"<p>&nbsp;<\/p>\n<ul>\n<li>Sp\u00e9cialement con\u00e7u pour le brandy, le cognac et d&#8217;autres liqueurs<\/li>\n<li>Grand bol rond \u00e0 bouche effil\u00e9e et \u00e9troite mettant en valeur les ar\u00f4mes<\/li>\n<li>Cristal sans plomb allemand<\/li>\n<li>Capacit\u00e9 : 21 oz \/ 620 ml<\/li>\n<li>Bo\u00eete blanche 6pk<\/li>\n<\/ul>\n<p><img decoding=\"async\" src=\"https:\/\/gocuisivin.com\/gleengag\/2022\/03\/Icon-w_-Text_Made-in-Germany_1.jpg\" alt=\"\" width=\"100\" height=\"100\" \/><img decoding=\"async\" src=\"https:\/\/gocuisivin.com\/gleengag\/2022\/03\/Icon-w_-Text_Lead-Free-Crystal_1-scaled-e1647696159460.jpg\" alt=\"\" width=\"100\" height=\"100\" \/><img decoding=\"async\" src=\"https:\/\/gocuisivin.com\/gleengag\/2022\/03\/Icon-w_-Text_Pulled-Stem-for-Durability_1.jpg\" alt=\"\" width=\"100\" height=\"100\" \/><img loading=\"lazy\" decoding=\"async\" src=\"https:\/\/gocuisivin.com\/gleengag\/2022\/03\/Icon-w_-Text_Fine-Rim_1-scaled-e1647696201810.jpg\" alt=\"\" width=\"100\" height=\"100\" \/><img loading=\"lazy\" decoding=\"async\" src=\"https:\/\/gocuisivin.com\/gleengag\/2022\/03\/Icon-w_-Text_Dishwasher-Safe_1-scaled-e1647696229552.jpg\" alt=\"\" width=\"100\" height=\"100\" \/><\/p>\n","protected":false},"featured_media":16523,"comment_status":"open","ping_status":"closed","template":"","meta":[],"pwb-brand":[1664],"product_brand":[],"product_cat":[1557,1558,1559],"product_tag":[1137,1138,1140,281,1141,118,116,527],"class_list":{"0":"post-22677","1":"product","2":"type-product","3":"status-publish","4":"has-post-thumbnail","6":"pwb-brand-cuisivin-fr","7":"product_cat-verrerie","8":"product_cat-vin","9":"product_cat-whisky-spiritueux","10":"product_tag-620-ml-fr","11":"product_tag-brandy-fr","12":"product_tag-cristal-sans-plomb-allemand","13":"product_tag-cuisivin-fr","14":"product_tag-verre-a-cognac","15":"product_tag-verrerie","16":"product_tag-vin","17":"product_tag-whisky-spiritueux-fr","19":"first","20":"instock","21":"taxable","22":"shipping-taxable","23":"purchasable","24":"product-type-simple"},"brands":[{"id":1664,"name":"Cuisivin","slug":"cuisivin-fr"}],"_links":{"self":[{"href":"https:\/\/gocuisivin.com\/fr\/wp-json\/wp\/v2\/product\/22677","targetHints":{"allow":["GET"]}}],"collection":[{"href":"https:\/\/gocuisivin.com\/fr\/wp-json\/wp\/v2\/product"}],"about":[{"href":"https:\/\/gocuisivin.com\/fr\/wp-json\/wp\/v2\/types\/product"}],"replies":[{"embeddable":true,"href":"https:\/\/gocuisivin.com\/fr\/wp-json\/wp\/v2\/comments?post=22677"}],"version-history":[{"count":1,"href":"https:\/\/gocuisivin.com\/fr\/wp-json\/wp\/v2\/product\/22677\/revisions"}],"predecessor-version":[{"id":24373,"href":"https:\/\/gocuisivin.com\/fr\/wp-json\/wp\/v2\/product\/22677\/revisions\/24373"}],"wp:featuredmedia":[{"embeddable":true,"href":"https:\/\/gocuisivin.com\/fr\/wp-json\/wp\/v2\/media\/16523"}],"wp:attachment":[{"href":"https:\/\/gocuisivin.com\/fr\/wp-json\/wp\/v2\/media?parent=22677"}],"wp:term":[{"taxonomy":"pwb-brand","embeddable":true,"href":"https:\/\/gocuisivin.com\/fr\/wp-json\/wp\/v2\/pwb-brand?post=22677"},{"taxonomy":"product_brand","embeddable":true,"href":"https:\/\/gocuisivin.com\/fr\/wp-json\/wp\/v2\/product_brand?post=22677"},{"taxonomy":"product_cat","embeddable":true,"href":"https:\/\/gocuisivin.com\/fr\/wp-json\/wp\/v2\/product_cat?post=22677"},{"taxonomy":"product_tag","embeddable":true,"href":"https:\/\/gocuisivin.com\/fr\/wp-json\/wp\/v2\/product_tag?post=22677"}],"curies":[{"name":"wp","href":"https:\/\/api.w.org\/{rel}","templated":true}]}}