{"id":22676,"date":"2022-03-10T06:54:30","date_gmt":"2022-03-10T06:54:30","guid":{"rendered":"https:\/\/gocuisivin.com\/product\/gobelet-cuisivin-paquet-de-6\/"},"modified":"2023-01-19T15:31:04","modified_gmt":"2023-01-19T15:31:04","slug":"gobelet-cuisivin-paquet-de-6","status":"publish","type":"product","link":"https:\/\/gocuisivin.com\/fr\/product\/gobelet-cuisivin-paquet-de-6\/","title":{"rendered":"Gobelet Cuisivin &#8211; Paquet de 6"},"content":{"rendered":"<p>Un gobelet traditionnel, ce mod\u00e8le Cuisivin \u00e0 base lourde est de la taille parfaite \u00e0 16,5 oz. Fabriqu\u00e9s en cristal allemand sans plomb, d\u00e9gustez des cocktails, du vin, du jus ou de l&#8217;eau p\u00e9tillante dans ces verres \u00e9l\u00e9gants.<\/p>\n","protected":false},"excerpt":{"rendered":"<p>&nbsp;<\/p>\n<ul>\n<li>Parfait pour le vin, les cocktails et autres boissons<\/li>\n<li>Verre sans pied profil\u00e9 et effil\u00e9 avec base lourde arrondie<\/li>\n<li>Conception bien pond\u00e9r\u00e9e et \u00e9quilibr\u00e9e<\/li>\n<li>Cristal sans plomb allemand<\/li>\n<li>Capacit\u00e9 : 16,5 oz \/ 480 ml<\/li>\n<\/ul>\n<p><img decoding=\"async\" src=\"https:\/\/gocuisivin.com\/gleengag\/2022\/03\/Icon-w_-Text_Made-in-Germany_1.jpg\" alt=\"\" width=\"100\" height=\"100\" \/><img decoding=\"async\" src=\"https:\/\/gocuisivin.com\/gleengag\/2022\/03\/Icon-w_-Text_Lead-Free-Crystal_1-scaled-e1647696159460.jpg\" alt=\"\" width=\"100\" height=\"100\" \/><img decoding=\"async\" src=\"https:\/\/gocuisivin.com\/gleengag\/2022\/03\/Icon-w_-Text_Fine-Rim_1-scaled-e1647696201810.jpg\" alt=\"\" width=\"100\" height=\"100\" \/><img loading=\"lazy\" decoding=\"async\" src=\"https:\/\/gocuisivin.com\/gleengag\/2022\/03\/Icon-w_-Text_Dishwasher-Safe_1-scaled-e1647696229552.jpg\" alt=\"\" width=\"100\" height=\"100\" \/><\/p>\n","protected":false},"featured_media":16546,"comment_status":"open","ping_status":"closed","template":"","meta":[],"pwb-brand":[1664],"product_brand":[],"product_cat":[525,1573,1557,1559],"product_tag":[291,281,1131,127,293,118,527],"class_list":{"0":"post-22676","1":"product","2":"type-product","3":"status-publish","4":"has-post-thumbnail","6":"pwb-brand-cuisivin-fr","7":"product_cat-cocktail-fr","8":"product_cat-sans-tige","9":"product_cat-verrerie","10":"product_cat-whisky-spiritueux","11":"product_tag-cocktail-fr","12":"product_tag-cuisivin-fr","13":"product_tag-gobelet-traditionnel","14":"product_tag-sans-tige","15":"product_tag-verre","16":"product_tag-verrerie","17":"product_tag-whisky-spiritueux-fr","19":"first","20":"instock","21":"taxable","22":"shipping-taxable","23":"purchasable","24":"product-type-simple"},"brands":[{"id":1664,"name":"Cuisivin","slug":"cuisivin-fr"}],"_links":{"self":[{"href":"https:\/\/gocuisivin.com\/fr\/wp-json\/wp\/v2\/product\/22676","targetHints":{"allow":["GET"]}}],"collection":[{"href":"https:\/\/gocuisivin.com\/fr\/wp-json\/wp\/v2\/product"}],"about":[{"href":"https:\/\/gocuisivin.com\/fr\/wp-json\/wp\/v2\/types\/product"}],"replies":[{"embeddable":true,"href":"https:\/\/gocuisivin.com\/fr\/wp-json\/wp\/v2\/comments?post=22676"}],"version-history":[{"count":1,"href":"https:\/\/gocuisivin.com\/fr\/wp-json\/wp\/v2\/product\/22676\/revisions"}],"predecessor-version":[{"id":24370,"href":"https:\/\/gocuisivin.com\/fr\/wp-json\/wp\/v2\/product\/22676\/revisions\/24370"}],"wp:featuredmedia":[{"embeddable":true,"href":"https:\/\/gocuisivin.com\/fr\/wp-json\/wp\/v2\/media\/16546"}],"wp:attachment":[{"href":"https:\/\/gocuisivin.com\/fr\/wp-json\/wp\/v2\/media?parent=22676"}],"wp:term":[{"taxonomy":"pwb-brand","embeddable":true,"href":"https:\/\/gocuisivin.com\/fr\/wp-json\/wp\/v2\/pwb-brand?post=22676"},{"taxonomy":"product_brand","embeddable":true,"href":"https:\/\/gocuisivin.com\/fr\/wp-json\/wp\/v2\/product_brand?post=22676"},{"taxonomy":"product_cat","embeddable":true,"href":"https:\/\/gocuisivin.com\/fr\/wp-json\/wp\/v2\/product_cat?post=22676"},{"taxonomy":"product_tag","embeddable":true,"href":"https:\/\/gocuisivin.com\/fr\/wp-json\/wp\/v2\/product_tag?post=22676"}],"curies":[{"name":"wp","href":"https:\/\/api.w.org\/{rel}","templated":true}]}}