{"id":22675,"date":"2022-03-10T07:11:24","date_gmt":"2022-03-10T07:11:24","guid":{"rendered":"https:\/\/gocuisivin.com\/product\/ensemble-de-shaker-a-cocktail-recette-cuisivin-5-pieces\/"},"modified":"2023-01-19T15:23:50","modified_gmt":"2023-01-19T15:23:50","slug":"ensemble-de-shaker-a-cocktail-recette-cuisivin-5-pieces","status":"publish","type":"product","link":"https:\/\/gocuisivin.com\/fr\/product\/ensemble-de-shaker-a-cocktail-recette-cuisivin-5-pieces\/","title":{"rendered":"Ensemble de shaker \u00e0 cocktail Recette Cuisivin &#8211; 5 pi\u00e8ces"},"content":{"rendered":"<p>Le shaker \u00e0 cocktail Cuisivin Recipe comprend tout ce dont vous avez besoin pour cr\u00e9er votre cocktail pr\u00e9f\u00e9r\u00e9 : un pilon, un al\u00e9soir, un jigger, une passoire et un shaker. L&#8217;ensemble acrylique comprend un imprim\u00e9 estival amusant et cinq recettes populaires imprim\u00e9es sur le shaker (Manhattan, Mint Julep, Margarita, Cosmopolitan et Mojito &#8211; en anglais et en fran\u00e7ais). Parfait pour les r\u00e9ceptions \u00e0 domicile \u2013 f\u00eates, barbecues et terrasses\u00a0!<\/p>\n","protected":false},"excerpt":{"rendered":"<p>&nbsp;<\/p>\n<ul>\n<li>L&#8217;ensemble \u00e0 cocktail en acrylique comprend : un pilon, un al\u00e9soir et un shaker 3 pi\u00e8ces (haut du jigger, passoire et bas du shaker)<\/li>\n<li>Shaker trois pi\u00e8ces est imprim\u00e9 avec 5 recettes de cocktails populaires &#8211; en anglais et en fran\u00e7ais<\/li>\n<li>Le bouchon sert \u00e9galement de jigger mesur\u00e9, jusqu&#8217;\u00e0 50 ml\/1,75 oz<\/li>\n<li>Des imprim\u00e9s estivaux amusants<\/li>\n<li>Acrylique alimentaire<\/li>\n<li>Parfait pour recevoir \u00e0 la maison<\/li>\n<\/ul>\n<p><img decoding=\"async\" src=\"https:\/\/gocuisivin.com\/gleengag\/2022\/03\/Icon-w_-Text_Handwash_1.jpg\" alt=\"\" width=\"100\" height=\"100\" \/><\/p>\n","protected":false},"featured_media":16451,"comment_status":"open","ping_status":"closed","template":"","meta":[],"pwb-brand":[1664],"product_brand":[],"product_cat":[1565,968],"product_tag":[1002,1045,281,1183,1182],"class_list":{"0":"post-22675","1":"product","2":"type-product","3":"status-publish","4":"has-post-thumbnail","6":"pwb-brand-cuisivin-fr","7":"product_cat-accessoires-pour-le-vin-et-le-bar","8":"product_cat-barware-fr","9":"product_tag-accessoires-pour-le-vin-et-le-bar","10":"product_tag-barware-fr","11":"product_tag-cuisivin-fr","12":"product_tag-ensemble-de-secoueurs","13":"product_tag-recette-cocktail","15":"first","16":"instock","17":"taxable","18":"shipping-taxable","19":"purchasable","20":"product-type-simple"},"brands":[{"id":1664,"name":"Cuisivin","slug":"cuisivin-fr"}],"_links":{"self":[{"href":"https:\/\/gocuisivin.com\/fr\/wp-json\/wp\/v2\/product\/22675","targetHints":{"allow":["GET"]}}],"collection":[{"href":"https:\/\/gocuisivin.com\/fr\/wp-json\/wp\/v2\/product"}],"about":[{"href":"https:\/\/gocuisivin.com\/fr\/wp-json\/wp\/v2\/types\/product"}],"replies":[{"embeddable":true,"href":"https:\/\/gocuisivin.com\/fr\/wp-json\/wp\/v2\/comments?post=22675"}],"version-history":[{"count":1,"href":"https:\/\/gocuisivin.com\/fr\/wp-json\/wp\/v2\/product\/22675\/revisions"}],"predecessor-version":[{"id":24362,"href":"https:\/\/gocuisivin.com\/fr\/wp-json\/wp\/v2\/product\/22675\/revisions\/24362"}],"wp:featuredmedia":[{"embeddable":true,"href":"https:\/\/gocuisivin.com\/fr\/wp-json\/wp\/v2\/media\/16451"}],"wp:attachment":[{"href":"https:\/\/gocuisivin.com\/fr\/wp-json\/wp\/v2\/media?parent=22675"}],"wp:term":[{"taxonomy":"pwb-brand","embeddable":true,"href":"https:\/\/gocuisivin.com\/fr\/wp-json\/wp\/v2\/pwb-brand?post=22675"},{"taxonomy":"product_brand","embeddable":true,"href":"https:\/\/gocuisivin.com\/fr\/wp-json\/wp\/v2\/product_brand?post=22675"},{"taxonomy":"product_cat","embeddable":true,"href":"https:\/\/gocuisivin.com\/fr\/wp-json\/wp\/v2\/product_cat?post=22675"},{"taxonomy":"product_tag","embeddable":true,"href":"https:\/\/gocuisivin.com\/fr\/wp-json\/wp\/v2\/product_tag?post=22675"}],"curies":[{"name":"wp","href":"https:\/\/api.w.org\/{rel}","templated":true}]}}