{"id":22674,"date":"2022-03-10T06:54:29","date_gmt":"2022-03-10T06:54:29","guid":{"rendered":"https:\/\/gocuisivin.com\/product\/verre-a-whisky-cuisivin-old-fashion-paquet-de-6\/"},"modified":"2023-01-19T15:32:56","modified_gmt":"2023-01-19T15:32:56","slug":"verre-a-whisky-cuisivin-old-fashion-paquet-de-6","status":"publish","type":"product","link":"https:\/\/gocuisivin.com\/fr\/product\/verre-a-whisky-cuisivin-old-fashion-paquet-de-6\/","title":{"rendered":"Verre \u00e0 Whisky Cuisivin Old Fashion &#8211; Paquet de 6"},"content":{"rendered":"<p>Le verre \u00e0 whisky Old Fashion de Cuisivin pr\u00e9sente des lignes \u00e9pur\u00e9es traditionnelles avec une base lourde. Solide, robuste, de haute qualit\u00e9 et \u00e9l\u00e9gant, ce verre en cristal sans plomb est de la taille id\u00e9ale pour le whisky, le scotch ou les boissons m\u00e9lang\u00e9es. Le cristal sans plomb de fabrication allemande a une clart\u00e9 \u00e9tincelante et va au lave-vaisselle.<\/p>\n","protected":false},"excerpt":{"rendered":"<p>&nbsp;<\/p>\n<ul>\n<li>Lignes \u00e9pur\u00e9es traditionnelles avec une base lourde<\/li>\n<li>Id\u00e9al pour le whisky, le scotch et les boissons m\u00e9lang\u00e9es<\/li>\n<li>Cristal sans plomb allemand<\/li>\n<li>Capacit\u00e9 : 11,25 oz \/ 330 ml<\/li>\n<li>Bo\u00eete blanche 6pk<\/li>\n<\/ul>\n<p><img decoding=\"async\" src=\"https:\/\/gocuisivin.com\/gleengag\/2022\/03\/Icon-w_-Text_Made-in-Germany_1.jpg\" alt=\"\" width=\"100\" height=\"100\" \/><img decoding=\"async\" src=\"https:\/\/gocuisivin.com\/gleengag\/2022\/03\/Icon-w_-Text_Lead-Free-Crystal_1-scaled-e1647696159460.jpg\" alt=\"\" width=\"100\" height=\"100\" \/><img decoding=\"async\" src=\"https:\/\/gocuisivin.com\/gleengag\/2022\/03\/Icon-w_-Text_Fine-Rim_1-scaled-e1647696201810.jpg\" alt=\"\" width=\"100\" height=\"100\" \/><img loading=\"lazy\" decoding=\"async\" src=\"https:\/\/gocuisivin.com\/gleengag\/2022\/03\/Icon-w_-Text_Dishwasher-Safe_1-scaled-e1647696229552.jpg\" alt=\"\" width=\"100\" height=\"100\" \/><\/p>\n","protected":false},"featured_media":16539,"comment_status":"open","ping_status":"closed","template":"","meta":[],"pwb-brand":[1664],"product_brand":[],"product_cat":[1557,1559],"product_tag":[1132,1133,281,290,118,527],"class_list":{"0":"post-22674","1":"product","2":"type-product","3":"status-publish","4":"has-post-thumbnail","6":"pwb-brand-cuisivin-fr","7":"product_cat-verrerie","8":"product_cat-whisky-spiritueux","9":"product_tag-330-ml-fr","10":"product_tag-ancienne-mode","11":"product_tag-cuisivin-fr","12":"product_tag-verre-a-whisky","13":"product_tag-verrerie","14":"product_tag-whisky-spiritueux-fr","16":"first","17":"outofstock","18":"taxable","19":"shipping-taxable","20":"purchasable","21":"product-type-simple"},"brands":[{"id":1664,"name":"Cuisivin","slug":"cuisivin-fr"}],"_links":{"self":[{"href":"https:\/\/gocuisivin.com\/fr\/wp-json\/wp\/v2\/product\/22674","targetHints":{"allow":["GET"]}}],"collection":[{"href":"https:\/\/gocuisivin.com\/fr\/wp-json\/wp\/v2\/product"}],"about":[{"href":"https:\/\/gocuisivin.com\/fr\/wp-json\/wp\/v2\/types\/product"}],"replies":[{"embeddable":true,"href":"https:\/\/gocuisivin.com\/fr\/wp-json\/wp\/v2\/comments?post=22674"}],"version-history":[{"count":1,"href":"https:\/\/gocuisivin.com\/fr\/wp-json\/wp\/v2\/product\/22674\/revisions"}],"predecessor-version":[{"id":24372,"href":"https:\/\/gocuisivin.com\/fr\/wp-json\/wp\/v2\/product\/22674\/revisions\/24372"}],"wp:featuredmedia":[{"embeddable":true,"href":"https:\/\/gocuisivin.com\/fr\/wp-json\/wp\/v2\/media\/16539"}],"wp:attachment":[{"href":"https:\/\/gocuisivin.com\/fr\/wp-json\/wp\/v2\/media?parent=22674"}],"wp:term":[{"taxonomy":"pwb-brand","embeddable":true,"href":"https:\/\/gocuisivin.com\/fr\/wp-json\/wp\/v2\/pwb-brand?post=22674"},{"taxonomy":"product_brand","embeddable":true,"href":"https:\/\/gocuisivin.com\/fr\/wp-json\/wp\/v2\/product_brand?post=22674"},{"taxonomy":"product_cat","embeddable":true,"href":"https:\/\/gocuisivin.com\/fr\/wp-json\/wp\/v2\/product_cat?post=22674"},{"taxonomy":"product_tag","embeddable":true,"href":"https:\/\/gocuisivin.com\/fr\/wp-json\/wp\/v2\/product_tag?post=22674"}],"curies":[{"name":"wp","href":"https:\/\/api.w.org\/{rel}","templated":true}]}}