{"id":22673,"date":"2022-03-10T07:11:25","date_gmt":"2022-03-10T07:11:25","guid":{"rendered":"https:\/\/gocuisivin.com\/product\/cuisivin-masterbrew-conique-ambre-paquet-de-6\/"},"modified":"2023-01-19T15:21:44","modified_gmt":"2023-01-19T15:21:44","slug":"cuisivin-masterbrew-conique-ambre-paquet-de-6","status":"publish","type":"product","link":"https:\/\/gocuisivin.com\/fr\/product\/cuisivin-masterbrew-conique-ambre-paquet-de-6\/","title":{"rendered":"Cuisivin Masterbrew Conique Ambre &#8211; Paquet de 6"},"content":{"rendered":"<p>Le verre \u00e0 bi\u00e8re conique ambr\u00e9 est le verre \u00e0 bi\u00e8re et \u00e0 cidre tout usage parfait. La courbure du verre est con\u00e7ue pour mettre en valeur la saveur d&#8217;une grande vari\u00e9t\u00e9 de bi\u00e8res. La forme est \u00e9galement adapt\u00e9e \u00e0 l&#8217;empilage et la capacit\u00e9 de 22 oz offre un volume suffisant pour une pinte et la t\u00eate.<\/p>\n","protected":false},"excerpt":{"rendered":"<p>&nbsp;<\/p>\n<ul>\n<li>Design classique, adapt\u00e9 \u00e0 une large gamme de bi\u00e8res et de cidres<\/li>\n<li>Empilable<\/li>\n<li>Durable et robuste<\/li>\n<li>Capacit\u00e9 : 22oz\/650 ml<\/li>\n<li>Lave-vaisselle<\/li>\n<li>Bo\u00eete marron 6pk<\/li>\n<\/ul>\n<p><img decoding=\"async\" src=\"https:\/\/gocuisivin.com\/gleengag\/2022\/03\/Icon-w_-Text_Dishwasher-Safe_1-scaled-e1647696229552.jpg\" alt=\"\" width=\"100\" height=\"100\" \/><img decoding=\"async\" src=\"https:\/\/gocuisivin.com\/gleengag\/2022\/03\/Icon-w_-Text_Stackable_1.jpg\" alt=\"\" width=\"100\" height=\"100\" \/><\/p>\n","protected":false},"featured_media":16465,"comment_status":"open","ping_status":"closed","template":"","meta":[],"pwb-brand":[1664,1672],"product_brand":[],"product_cat":[1574,1557],"product_tag":[1177,1168,279,1175,281,282,1176,284,118],"class_list":{"0":"post-22673","1":"product","2":"type-product","3":"status-publish","4":"has-post-thumbnail","6":"pwb-brand-cuisivin-fr","7":"pwb-brand-masterbrew-fr","8":"product_cat-biere","9":"product_cat-verrerie","10":"product_tag-650-ml-fr","11":"product_tag-ambre-conique","12":"product_tag-biere","13":"product_tag-biere-et-cidre","14":"product_tag-cuisivin-fr","15":"product_tag-masterbrew-fr","16":"product_tag-verre-a-cidre","17":"product_tag-verre-de-biere","18":"product_tag-verrerie","20":"first","21":"instock","22":"taxable","23":"shipping-taxable","24":"purchasable","25":"product-type-simple"},"brands":[{"id":1664,"name":"Cuisivin","slug":"cuisivin-fr"},{"id":1672,"name":"Masterbrew","slug":"masterbrew-fr"}],"_links":{"self":[{"href":"https:\/\/gocuisivin.com\/fr\/wp-json\/wp\/v2\/product\/22673","targetHints":{"allow":["GET"]}}],"collection":[{"href":"https:\/\/gocuisivin.com\/fr\/wp-json\/wp\/v2\/product"}],"about":[{"href":"https:\/\/gocuisivin.com\/fr\/wp-json\/wp\/v2\/types\/product"}],"replies":[{"embeddable":true,"href":"https:\/\/gocuisivin.com\/fr\/wp-json\/wp\/v2\/comments?post=22673"}],"version-history":[{"count":1,"href":"https:\/\/gocuisivin.com\/fr\/wp-json\/wp\/v2\/product\/22673\/revisions"}],"predecessor-version":[{"id":24360,"href":"https:\/\/gocuisivin.com\/fr\/wp-json\/wp\/v2\/product\/22673\/revisions\/24360"}],"wp:featuredmedia":[{"embeddable":true,"href":"https:\/\/gocuisivin.com\/fr\/wp-json\/wp\/v2\/media\/16465"}],"wp:attachment":[{"href":"https:\/\/gocuisivin.com\/fr\/wp-json\/wp\/v2\/media?parent=22673"}],"wp:term":[{"taxonomy":"pwb-brand","embeddable":true,"href":"https:\/\/gocuisivin.com\/fr\/wp-json\/wp\/v2\/pwb-brand?post=22673"},{"taxonomy":"product_brand","embeddable":true,"href":"https:\/\/gocuisivin.com\/fr\/wp-json\/wp\/v2\/product_brand?post=22673"},{"taxonomy":"product_cat","embeddable":true,"href":"https:\/\/gocuisivin.com\/fr\/wp-json\/wp\/v2\/product_cat?post=22673"},{"taxonomy":"product_tag","embeddable":true,"href":"https:\/\/gocuisivin.com\/fr\/wp-json\/wp\/v2\/product_tag?post=22673"}],"curies":[{"name":"wp","href":"https:\/\/api.w.org\/{rel}","templated":true}]}}