{"id":22672,"date":"2022-03-10T07:30:18","date_gmt":"2022-03-10T12:30:18","guid":{"rendered":"https:\/\/gocuisivin.com\/product\/ensemble-de-5-sous-verres-ronds-en-liege-avec-support-de-cuisivin-vancouver\/"},"modified":"2023-01-19T15:11:50","modified_gmt":"2023-01-19T15:11:50","slug":"ensemble-de-5-sous-verres-ronds-en-liege-avec-support-de-cuisivin-vancouver","status":"publish","type":"product","link":"https:\/\/gocuisivin.com\/fr\/product\/ensemble-de-5-sous-verres-ronds-en-liege-avec-support-de-cuisivin-vancouver\/","title":{"rendered":"Ensemble de 5 sous-verres ronds en li\u00e8ge avec support de Cuisivin Vancouver"},"content":{"rendered":"<p>Montrez votre fiert\u00e9 de ville ! Quatre imprim\u00e9s uniques inspir\u00e9s de la ville sur de v\u00e9ritables sous-verres en li\u00e8ge portugais respectueux de l&#8217;environnement. L&#8217;ensemble comprend 4 sous-verres imprim\u00e9s et un support. Le support peut \u00eatre utilis\u00e9 comme sous-bouteille.<\/p>\n","protected":false},"excerpt":{"rendered":"<p>&nbsp;<\/p>\n<ul>\n<li>Sous-verres imprim\u00e9s inspir\u00e9s de Vancouver<\/li>\n<li>L&#8217;ensemble de 5 pi\u00e8ces comprend : 4 sous-verres ronds chacun avec un imprim\u00e9 noir diff\u00e9rent et 1 support<\/li>\n<li>Le support peut \u00e9galement \u00eatre utilis\u00e9 comme sous-bouteille<\/li>\n<li>Li\u00e8ge solide portugais<\/li>\n<li>Bon pour les boissons chaudes ou froides<\/li>\n<li>5 mm d&#8217;\u00e9paisseur<\/li>\n<\/ul>\n<p><img decoding=\"async\" src=\"https:\/\/gocuisivin.com\/gleengag\/2022\/03\/Icon-w_-Text_-Reusable-_-Recyclable_1.jpg\" alt=\"\" width=\"100\" height=\"100\" \/><\/p>\n","protected":false},"featured_media":16267,"comment_status":"open","ping_status":"closed","template":"","meta":[],"pwb-brand":[1664],"product_brand":[],"product_cat":[102,1565,1595],"product_tag":[1237,1003,1002,1066,281,1008,1235,1241,1240,1238,1236,1239],"class_list":{"0":"post-22672","1":"product","2":"type-product","3":"status-publish","4":"has-post-thumbnail","6":"pwb-brand-cuisivin-fr","7":"product_cat-accessoires","8":"product_cat-accessoires-pour-le-vin-et-le-bar","9":"product_cat-decore","10":"product_tag-5-mm-depaisseur","11":"product_tag-accessoires","12":"product_tag-accessoires-pour-le-vin-et-le-bar","13":"product_tag-coaster-fr","14":"product_tag-cuisivin-fr","15":"product_tag-decore","16":"product_tag-dessous-de-bouteille","17":"product_tag-impression-de-vancouver","18":"product_tag-liege-fr-2","19":"product_tag-liege-fr","20":"product_tag-liege-portugais","21":"product_tag-sous-verre-rond","23":"first","24":"outofstock","25":"taxable","26":"shipping-taxable","27":"purchasable","28":"product-type-simple"},"brands":[{"id":1664,"name":"Cuisivin","slug":"cuisivin-fr"}],"_links":{"self":[{"href":"https:\/\/gocuisivin.com\/fr\/wp-json\/wp\/v2\/product\/22672","targetHints":{"allow":["GET"]}}],"collection":[{"href":"https:\/\/gocuisivin.com\/fr\/wp-json\/wp\/v2\/product"}],"about":[{"href":"https:\/\/gocuisivin.com\/fr\/wp-json\/wp\/v2\/types\/product"}],"replies":[{"embeddable":true,"href":"https:\/\/gocuisivin.com\/fr\/wp-json\/wp\/v2\/comments?post=22672"}],"version-history":[{"count":1,"href":"https:\/\/gocuisivin.com\/fr\/wp-json\/wp\/v2\/product\/22672\/revisions"}],"predecessor-version":[{"id":24351,"href":"https:\/\/gocuisivin.com\/fr\/wp-json\/wp\/v2\/product\/22672\/revisions\/24351"}],"wp:featuredmedia":[{"embeddable":true,"href":"https:\/\/gocuisivin.com\/fr\/wp-json\/wp\/v2\/media\/16267"}],"wp:attachment":[{"href":"https:\/\/gocuisivin.com\/fr\/wp-json\/wp\/v2\/media?parent=22672"}],"wp:term":[{"taxonomy":"pwb-brand","embeddable":true,"href":"https:\/\/gocuisivin.com\/fr\/wp-json\/wp\/v2\/pwb-brand?post=22672"},{"taxonomy":"product_brand","embeddable":true,"href":"https:\/\/gocuisivin.com\/fr\/wp-json\/wp\/v2\/product_brand?post=22672"},{"taxonomy":"product_cat","embeddable":true,"href":"https:\/\/gocuisivin.com\/fr\/wp-json\/wp\/v2\/product_cat?post=22672"},{"taxonomy":"product_tag","embeddable":true,"href":"https:\/\/gocuisivin.com\/fr\/wp-json\/wp\/v2\/product_tag?post=22672"}],"curies":[{"name":"wp","href":"https:\/\/api.w.org\/{rel}","templated":true}]}}