{"id":22671,"date":"2022-03-10T06:54:31","date_gmt":"2022-03-10T06:54:31","guid":{"rendered":"https:\/\/gocuisivin.com\/product\/biere-cuisivin-masterbrew-berlin-paquet-de-6\/"},"modified":"2023-01-19T15:26:53","modified_gmt":"2023-01-19T15:26:53","slug":"biere-cuisivin-masterbrew-berlin-paquet-de-6","status":"publish","type":"product","link":"https:\/\/gocuisivin.com\/fr\/product\/biere-cuisivin-masterbrew-berlin-paquet-de-6\/","title":{"rendered":"Bi\u00e8re Cuisivin Masterbrew Berlin &#8211; Paquet de 6"},"content":{"rendered":"<p>Le verre \u00e0 bi\u00e8re Berlin est fabriqu\u00e9 \u00e0 partir de cristal sans plomb et est le plus appropri\u00e9 pour les bi\u00e8res vieillies en f\u00fbt. La conception \u00e0 tige tir\u00e9e est id\u00e9ale pour maintenir la temp\u00e9rature tandis que le bol en tulipe g\u00e9n\u00e9reux pr\u00e9serve l&#8217;ar\u00f4me et la t\u00eate tout en permettant aux ar\u00f4mes complexes de s&#8217;exprimer tout en buvant.<\/p>\n","protected":false},"excerpt":{"rendered":"<p>&nbsp;<\/p>\n<ul>\n<li>Verre \u00e0 bi\u00e8re en forme de tulipe, id\u00e9al pour d\u00e9guster des bi\u00e8res vieillies en f\u00fbt<\/li>\n<li>Le bol tulipe permet la lib\u00e9ration et la jouissance d&#8217;ar\u00f4mes complexes<\/li>\n<li>Cristal sans plomb allemand<\/li>\n<li>Capacit\u00e9 : 17,5 oz \/ 510 ml<\/li>\n<li>Lave-vaisselle<\/li>\n<\/ul>\n<p><img decoding=\"async\" src=\"https:\/\/gocuisivin.com\/gleengag\/2022\/03\/Icon-w_-Text_Made-in-Germany_1.jpg\" alt=\"\" width=\"100\" height=\"100\" \/><img decoding=\"async\" src=\"https:\/\/gocuisivin.com\/gleengag\/2022\/03\/Icon-w_-Text_Lead-Free-Crystal_1-scaled-e1647696159460.jpg\" alt=\"\" width=\"100\" height=\"100\" \/><img decoding=\"async\" src=\"https:\/\/gocuisivin.com\/gleengag\/2022\/03\/Icon-w_-Text_Fine-Rim_1-scaled-e1647696201810.jpg\" alt=\"\" width=\"100\" height=\"100\" \/><img loading=\"lazy\" decoding=\"async\" src=\"https:\/\/gocuisivin.com\/gleengag\/2022\/03\/Icon-w_-Text_Dishwasher-Safe_1-scaled-e1647696229552.jpg\" alt=\"\" width=\"100\" height=\"100\" \/><\/p>\n","protected":false},"featured_media":16626,"comment_status":"open","ping_status":"closed","template":"","meta":[],"pwb-brand":[1664,1672],"product_brand":[],"product_cat":[1574,1557],"product_tag":[1111,279,1112,281,282,118],"class_list":{"0":"post-22671","1":"product","2":"type-product","3":"status-publish","4":"has-post-thumbnail","6":"pwb-brand-cuisivin-fr","7":"pwb-brand-masterbrew-fr","8":"product_cat-biere","9":"product_cat-verrerie","10":"product_tag-510-ml-fr","11":"product_tag-biere","12":"product_tag-biere-berlinoise","13":"product_tag-cuisivin-fr","14":"product_tag-masterbrew-fr","15":"product_tag-verrerie","17":"first","18":"instock","19":"taxable","20":"shipping-taxable","21":"purchasable","22":"product-type-simple"},"brands":[{"id":1664,"name":"Cuisivin","slug":"cuisivin-fr"},{"id":1672,"name":"Masterbrew","slug":"masterbrew-fr"}],"_links":{"self":[{"href":"https:\/\/gocuisivin.com\/fr\/wp-json\/wp\/v2\/product\/22671","targetHints":{"allow":["GET"]}}],"collection":[{"href":"https:\/\/gocuisivin.com\/fr\/wp-json\/wp\/v2\/product"}],"about":[{"href":"https:\/\/gocuisivin.com\/fr\/wp-json\/wp\/v2\/types\/product"}],"replies":[{"embeddable":true,"href":"https:\/\/gocuisivin.com\/fr\/wp-json\/wp\/v2\/comments?post=22671"}],"version-history":[{"count":1,"href":"https:\/\/gocuisivin.com\/fr\/wp-json\/wp\/v2\/product\/22671\/revisions"}],"predecessor-version":[{"id":24367,"href":"https:\/\/gocuisivin.com\/fr\/wp-json\/wp\/v2\/product\/22671\/revisions\/24367"}],"wp:featuredmedia":[{"embeddable":true,"href":"https:\/\/gocuisivin.com\/fr\/wp-json\/wp\/v2\/media\/16626"}],"wp:attachment":[{"href":"https:\/\/gocuisivin.com\/fr\/wp-json\/wp\/v2\/media?parent=22671"}],"wp:term":[{"taxonomy":"pwb-brand","embeddable":true,"href":"https:\/\/gocuisivin.com\/fr\/wp-json\/wp\/v2\/pwb-brand?post=22671"},{"taxonomy":"product_brand","embeddable":true,"href":"https:\/\/gocuisivin.com\/fr\/wp-json\/wp\/v2\/product_brand?post=22671"},{"taxonomy":"product_cat","embeddable":true,"href":"https:\/\/gocuisivin.com\/fr\/wp-json\/wp\/v2\/product_cat?post=22671"},{"taxonomy":"product_tag","embeddable":true,"href":"https:\/\/gocuisivin.com\/fr\/wp-json\/wp\/v2\/product_tag?post=22671"}],"curies":[{"name":"wp","href":"https:\/\/api.w.org\/{rel}","templated":true}]}}