{"id":22668,"date":"2022-03-10T07:11:25","date_gmt":"2022-03-10T07:11:25","guid":{"rendered":"https:\/\/gocuisivin.com\/product\/pot-a-boisson-cuisivin-bel-air-en-chrome\/"},"modified":"2023-01-19T15:20:56","modified_gmt":"2023-01-19T15:20:56","slug":"pot-a-boisson-cuisivin-bel-air-en-chrome","status":"publish","type":"product","link":"https:\/\/gocuisivin.com\/fr\/product\/pot-a-boisson-cuisivin-bel-air-en-chrome\/","title":{"rendered":"Pot \u00e0 boisson Cuisivin Bel-Air en chrome"},"content":{"rendered":"<p>Servez avec style gr\u00e2ce \u00e0 la collection d&#8217;articles de bar Cuisivin Bel-Air. Le magnifique pot \u00e0 boisson fabriqu\u00e9 \u00e0 la main est fabriqu\u00e9 en acier inoxydable avec une finition chrom\u00e9e et accentu\u00e9 par un ext\u00e9rieur martel\u00e9 \u00e0 la main. Grande capacit\u00e9 pour plusieurs bouteilles de diff\u00e9rentes formes et tailles. Peut \u00e9galement \u00eatre utilis\u00e9 comme d\u00e9coration de table.<\/p>\n","protected":false},"excerpt":{"rendered":"<p>&nbsp;<\/p>\n<ul>\n<li>Le bac \u00e0 boisson de grande capacit\u00e9 s&#8217;adapte \u00e0 plusieurs bouteilles ou canettes<\/li>\n<li>Construction solide en acier inoxydable<\/li>\n<li>Finition chrom\u00e9e martel\u00e9e \u00e0 la main<\/li>\n<li>Base sur pied<\/li>\n<li>Peut \u00e9galement \u00eatre utilis\u00e9 comme pi\u00e8ce d\u00e9corative<\/li>\n<li>Hauteur\u00a0:\u00a09,25&#8243;\/23,5\u00a0cm\u00a0; Largeur\u00a0: 15,75&#8243;\/40\u00a0cm\u00a0; Capacit\u00e9 : 14,7 pintes \/ 14 Lt<\/li>\n<\/ul>\n<p><img decoding=\"async\" src=\"https:\/\/gocuisivin.com\/gleengag\/2022\/03\/Icon-w_-Text_Handmade_1.jpg\" alt=\"\" width=\"100\" height=\"100\" \/><img decoding=\"async\" src=\"https:\/\/gocuisivin.com\/gleengag\/2022\/03\/Icon-w_-Text_Stainless-Steele_1.jpg\" alt=\"\" width=\"100\" height=\"100\" \/><img decoding=\"async\" src=\"https:\/\/gocuisivin.com\/gleengag\/2022\/03\/Icon-w_-Text_Handwash_1.jpg\" alt=\"\" width=\"100\" height=\"100\" \/><\/p>\n","protected":false},"featured_media":16532,"comment_status":"open","ping_status":"closed","template":"","meta":[],"pwb-brand":[1663,1664],"product_brand":[],"product_cat":[1565,968],"product_tag":[1002,1045,1004,281,1136],"class_list":{"0":"post-22668","1":"product","2":"type-product","3":"status-publish","4":"has-post-thumbnail","6":"pwb-brand-bel-air-fr","7":"pwb-brand-cuisivin-fr","8":"product_cat-accessoires-pour-le-vin-et-le-bar","9":"product_cat-barware-fr","10":"product_tag-accessoires-pour-le-vin-et-le-bar","11":"product_tag-barware-fr","12":"product_tag-bel-air-fr","13":"product_tag-cuisivin-fr","14":"product_tag-cuve-de-boisson-chromee","16":"first","17":"instock","18":"taxable","19":"shipping-taxable","20":"purchasable","21":"product-type-simple"},"brands":[{"id":1663,"name":"Bel-Air","slug":"bel-air-fr"},{"id":1664,"name":"Cuisivin","slug":"cuisivin-fr"}],"_links":{"self":[{"href":"https:\/\/gocuisivin.com\/fr\/wp-json\/wp\/v2\/product\/22668","targetHints":{"allow":["GET"]}}],"collection":[{"href":"https:\/\/gocuisivin.com\/fr\/wp-json\/wp\/v2\/product"}],"about":[{"href":"https:\/\/gocuisivin.com\/fr\/wp-json\/wp\/v2\/types\/product"}],"replies":[{"embeddable":true,"href":"https:\/\/gocuisivin.com\/fr\/wp-json\/wp\/v2\/comments?post=22668"}],"version-history":[{"count":1,"href":"https:\/\/gocuisivin.com\/fr\/wp-json\/wp\/v2\/product\/22668\/revisions"}],"predecessor-version":[{"id":24359,"href":"https:\/\/gocuisivin.com\/fr\/wp-json\/wp\/v2\/product\/22668\/revisions\/24359"}],"wp:featuredmedia":[{"embeddable":true,"href":"https:\/\/gocuisivin.com\/fr\/wp-json\/wp\/v2\/media\/16532"}],"wp:attachment":[{"href":"https:\/\/gocuisivin.com\/fr\/wp-json\/wp\/v2\/media?parent=22668"}],"wp:term":[{"taxonomy":"pwb-brand","embeddable":true,"href":"https:\/\/gocuisivin.com\/fr\/wp-json\/wp\/v2\/pwb-brand?post=22668"},{"taxonomy":"product_brand","embeddable":true,"href":"https:\/\/gocuisivin.com\/fr\/wp-json\/wp\/v2\/product_brand?post=22668"},{"taxonomy":"product_cat","embeddable":true,"href":"https:\/\/gocuisivin.com\/fr\/wp-json\/wp\/v2\/product_cat?post=22668"},{"taxonomy":"product_tag","embeddable":true,"href":"https:\/\/gocuisivin.com\/fr\/wp-json\/wp\/v2\/product_tag?post=22668"}],"curies":[{"name":"wp","href":"https:\/\/api.w.org\/{rel}","templated":true}]}}