{"id":22666,"date":"2022-03-10T07:11:25","date_gmt":"2022-03-10T07:11:25","guid":{"rendered":"https:\/\/gocuisivin.com\/product\/verre-a-biere-cuisivin-masterbrew-metropolitan-paquet-de-6\/"},"modified":"2023-01-19T15:20:14","modified_gmt":"2023-01-19T15:20:14","slug":"verre-a-biere-cuisivin-masterbrew-metropolitan-paquet-de-6","status":"publish","type":"product","link":"https:\/\/gocuisivin.com\/fr\/product\/verre-a-biere-cuisivin-masterbrew-metropolitan-paquet-de-6\/","title":{"rendered":"Verre \u00e0 bi\u00e8re Cuisivin Masterbrew Metropolitan &#8211; Paquet de 6"},"content":{"rendered":"<p>D\u00e9gustez une vari\u00e9t\u00e9 de bi\u00e8res, de cidres, de sodas ou m\u00eame d&#8217;eau p\u00e9tillante dans ce verre inspir\u00e9 de la Pilsner de 14 oz de la collection Masterbrew. Le style intemporel est \u00e0 la fois durable et classique.<\/p>\n","protected":false},"excerpt":{"rendered":"<p>&nbsp;<\/p>\n<ul>\n<li>Sp\u00e9cialement con\u00e7u pour le plaisir de la bi\u00e8re et du cidre<\/li>\n<li>Con\u00e7u avec des lignes \u00e9pur\u00e9es pour un look classique<\/li>\n<li>Durable et robuste<\/li>\n<li>Capacit\u00e9 : 14 oz \/ 410 ml<\/li>\n<li>Lave-vaisselle<\/li>\n<li>Bo\u00eete marron 6pk<\/li>\n<\/ul>\n<p><img decoding=\"async\" src=\"https:\/\/gocuisivin.com\/gleengag\/2022\/03\/Icon-w_-Text_Dishwasher-Safe_1-scaled-e1647696229552.jpg\" alt=\"\" width=\"100\" height=\"100\" \/><\/p>\n","protected":false},"featured_media":16486,"comment_status":"open","ping_status":"closed","template":"","meta":[],"pwb-brand":[1664,1672],"product_brand":[],"product_cat":[1574,1557],"product_tag":[1161,279,281,282,1163,284,1162,118],"class_list":{"0":"post-22666","1":"product","2":"type-product","3":"status-publish","4":"has-post-thumbnail","6":"pwb-brand-cuisivin-fr","7":"pwb-brand-masterbrew-fr","8":"product_cat-biere","9":"product_cat-verrerie","10":"product_tag-410-ml-fr","11":"product_tag-biere","12":"product_tag-cuisivin-fr","13":"product_tag-masterbrew-fr","14":"product_tag-verre-a-biere-metropolitain","15":"product_tag-verre-de-biere","16":"product_tag-verre-inspire-de-la-pilsner","17":"product_tag-verrerie","19":"first","20":"instock","21":"taxable","22":"shipping-taxable","23":"purchasable","24":"product-type-simple"},"brands":[{"id":1664,"name":"Cuisivin","slug":"cuisivin-fr"},{"id":1672,"name":"Masterbrew","slug":"masterbrew-fr"}],"_links":{"self":[{"href":"https:\/\/gocuisivin.com\/fr\/wp-json\/wp\/v2\/product\/22666","targetHints":{"allow":["GET"]}}],"collection":[{"href":"https:\/\/gocuisivin.com\/fr\/wp-json\/wp\/v2\/product"}],"about":[{"href":"https:\/\/gocuisivin.com\/fr\/wp-json\/wp\/v2\/types\/product"}],"replies":[{"embeddable":true,"href":"https:\/\/gocuisivin.com\/fr\/wp-json\/wp\/v2\/comments?post=22666"}],"version-history":[{"count":1,"href":"https:\/\/gocuisivin.com\/fr\/wp-json\/wp\/v2\/product\/22666\/revisions"}],"predecessor-version":[{"id":24358,"href":"https:\/\/gocuisivin.com\/fr\/wp-json\/wp\/v2\/product\/22666\/revisions\/24358"}],"wp:featuredmedia":[{"embeddable":true,"href":"https:\/\/gocuisivin.com\/fr\/wp-json\/wp\/v2\/media\/16486"}],"wp:attachment":[{"href":"https:\/\/gocuisivin.com\/fr\/wp-json\/wp\/v2\/media?parent=22666"}],"wp:term":[{"taxonomy":"pwb-brand","embeddable":true,"href":"https:\/\/gocuisivin.com\/fr\/wp-json\/wp\/v2\/pwb-brand?post=22666"},{"taxonomy":"product_brand","embeddable":true,"href":"https:\/\/gocuisivin.com\/fr\/wp-json\/wp\/v2\/product_brand?post=22666"},{"taxonomy":"product_cat","embeddable":true,"href":"https:\/\/gocuisivin.com\/fr\/wp-json\/wp\/v2\/product_cat?post=22666"},{"taxonomy":"product_tag","embeddable":true,"href":"https:\/\/gocuisivin.com\/fr\/wp-json\/wp\/v2\/product_tag?post=22666"}],"curies":[{"name":"wp","href":"https:\/\/api.w.org\/{rel}","templated":true}]}}