{"id":22665,"date":"2022-03-10T06:54:31","date_gmt":"2022-03-10T06:54:31","guid":{"rendered":"https:\/\/gocuisivin.com\/product\/gobelet-a-whisky-cuisivin-glendale-dof-paquet-de-6\/"},"modified":"2023-01-19T15:25:41","modified_gmt":"2023-01-19T15:25:41","slug":"gobelet-a-whisky-cuisivin-glendale-dof-paquet-de-6","status":"publish","type":"product","link":"https:\/\/gocuisivin.com\/fr\/product\/gobelet-a-whisky-cuisivin-glendale-dof-paquet-de-6\/","title":{"rendered":"Gobelet \u00e0 whisky Cuisivin Glendale DOF &#8211; Paquet de 6"},"content":{"rendered":"<p>Le gobelet \u00e0 whisky Glendale Double-Old-Fashioned a une touche contemporaine sur le design traditionnel. Le verre est mieux fait pour tourbillonner et r\u00e9v\u00e9ler la complexit\u00e9 et l&#8217;ar\u00f4me du whisky. Il dispose d&#8217;une capacit\u00e9 id\u00e9ale pour &#8220;un double&#8221; ou Whisky on-the-rocks. des attributs tels qu&#8217;un cristal sans plomb avec un bord fin d\u00e9coup\u00e9 au laser se combinent avec un bol l\u00e9g\u00e8rement plus large, une base solide et une conicit\u00e9 douce font de ce verre le choix parfait pour les vrais amateurs de whisky.<\/p>\n","protected":false},"excerpt":{"rendered":"<p>&nbsp;<\/p>\n<ul>\n<li>Design contemporain<\/li>\n<li>Id\u00e9al pour le vin, le whisky et les cocktails<\/li>\n<li>Cristal sans plomb allemand<\/li>\n<li>Jante fine<\/li>\n<li>Capacit\u00e9 : 16,5 oz \/ 480 ml<\/li>\n<\/ul>\n<p><img decoding=\"async\" src=\"https:\/\/gocuisivin.com\/gleengag\/2022\/03\/Icon-w_-Text_Made-in-Germany_1.jpg\" alt=\"\" width=\"100\" height=\"100\" \/><img decoding=\"async\" src=\"https:\/\/gocuisivin.com\/gleengag\/2022\/03\/Icon-w_-Text_Lead-Free-Crystal_1-scaled-e1647696159460.jpg\" alt=\"\" width=\"100\" height=\"100\" \/><img decoding=\"async\" src=\"https:\/\/gocuisivin.com\/gleengag\/2022\/03\/Icon-w_-Text_Fine-Rim_1-scaled-e1647696201810.jpg\" alt=\"\" width=\"100\" height=\"100\" \/><img loading=\"lazy\" decoding=\"async\" src=\"https:\/\/gocuisivin.com\/gleengag\/2022\/03\/Icon-w_-Text_Dishwasher-Safe_1-scaled-e1647696229552.jpg\" alt=\"\" width=\"100\" height=\"100\" \/><\/p>\n","protected":false},"featured_media":16620,"comment_status":"open","ping_status":"closed","template":"","meta":[],"pwb-brand":[1664],"product_brand":[],"product_cat":[1573,1557,1559],"product_tag":[1113,281,313,1088,293,1114,118,527],"class_list":{"0":"post-22665","1":"product","2":"type-product","3":"status-publish","4":"has-post-thumbnail","6":"pwb-brand-cuisivin-fr","7":"product_cat-sans-tige","8":"product_cat-verrerie","9":"product_cat-whisky-spiritueux","10":"product_tag-480-ml-fr","11":"product_tag-cuisivin-fr","12":"product_tag-dof-fr","13":"product_tag-glendale-fr","14":"product_tag-verre","15":"product_tag-verre-a-whisky-fr-2","16":"product_tag-verrerie","17":"product_tag-whisky-spiritueux-fr","19":"first","20":"instock","21":"taxable","22":"shipping-taxable","23":"purchasable","24":"product-type-simple"},"brands":[{"id":1664,"name":"Cuisivin","slug":"cuisivin-fr"}],"_links":{"self":[{"href":"https:\/\/gocuisivin.com\/fr\/wp-json\/wp\/v2\/product\/22665","targetHints":{"allow":["GET"]}}],"collection":[{"href":"https:\/\/gocuisivin.com\/fr\/wp-json\/wp\/v2\/product"}],"about":[{"href":"https:\/\/gocuisivin.com\/fr\/wp-json\/wp\/v2\/types\/product"}],"replies":[{"embeddable":true,"href":"https:\/\/gocuisivin.com\/fr\/wp-json\/wp\/v2\/comments?post=22665"}],"version-history":[{"count":2,"href":"https:\/\/gocuisivin.com\/fr\/wp-json\/wp\/v2\/product\/22665\/revisions"}],"predecessor-version":[{"id":24366,"href":"https:\/\/gocuisivin.com\/fr\/wp-json\/wp\/v2\/product\/22665\/revisions\/24366"}],"wp:featuredmedia":[{"embeddable":true,"href":"https:\/\/gocuisivin.com\/fr\/wp-json\/wp\/v2\/media\/16620"}],"wp:attachment":[{"href":"https:\/\/gocuisivin.com\/fr\/wp-json\/wp\/v2\/media?parent=22665"}],"wp:term":[{"taxonomy":"pwb-brand","embeddable":true,"href":"https:\/\/gocuisivin.com\/fr\/wp-json\/wp\/v2\/pwb-brand?post=22665"},{"taxonomy":"product_brand","embeddable":true,"href":"https:\/\/gocuisivin.com\/fr\/wp-json\/wp\/v2\/product_brand?post=22665"},{"taxonomy":"product_cat","embeddable":true,"href":"https:\/\/gocuisivin.com\/fr\/wp-json\/wp\/v2\/product_cat?post=22665"},{"taxonomy":"product_tag","embeddable":true,"href":"https:\/\/gocuisivin.com\/fr\/wp-json\/wp\/v2\/product_tag?post=22665"}],"curies":[{"name":"wp","href":"https:\/\/api.w.org\/{rel}","templated":true}]}}