{"id":22664,"date":"2022-03-10T06:54:30","date_gmt":"2022-03-10T06:54:30","guid":{"rendered":"https:\/\/gocuisivin.com\/product\/verre-a-rumba-cuisivin-paquet-de-6\/"},"modified":"2023-01-19T15:27:50","modified_gmt":"2023-01-19T15:27:50","slug":"verre-a-rumba-cuisivin-paquet-de-6","status":"publish","type":"product","link":"https:\/\/gocuisivin.com\/fr\/product\/verre-a-rumba-cuisivin-paquet-de-6\/","title":{"rendered":"Verre \u00e0 Rumba Cuisivin &#8211; Paquet de 6"},"content":{"rendered":"<p>Le verre Rumba de Cuisivin pr\u00e9sente un haut design ondul\u00e9. Le style Rumba est tr\u00e8s polyvalent ; utilis\u00e9 pour tout, des caf\u00e9s et th\u00e9s glac\u00e9s \u00e0 une vari\u00e9t\u00e9 de cocktails fruit\u00e9s amusants. Le verre est fabriqu\u00e9 \u00e0 partir de cristal allemand d&#8217;une clart\u00e9 brillante et sans plomb.<\/p>\n","protected":false},"excerpt":{"rendered":"<p>&nbsp;<\/p>\n<ul>\n<li>Parfaitement adapt\u00e9 pour une vari\u00e9t\u00e9 de cocktails et de th\u00e9s\/caf\u00e9s glac\u00e9s<\/li>\n<li>Design galb\u00e9 parfait pour les f\u00eates<\/li>\n<li>Cristal sans plomb allemand<\/li>\n<li>Capacit\u00e9 : 14,75 oz \/ 430 ml<\/li>\n<li>Bo\u00eete blanche 6pk<\/li>\n<\/ul>\n<p><img decoding=\"async\" src=\"https:\/\/gocuisivin.com\/gleengag\/2022\/03\/Icon-w_-Text_Made-in-Germany_1.jpg\" alt=\"\" width=\"100\" height=\"100\" \/><img decoding=\"async\" src=\"https:\/\/gocuisivin.com\/gleengag\/2022\/03\/Icon-w_-Text_Lead-Free-Crystal_1-scaled-e1647696159460.jpg\" alt=\"\" width=\"100\" height=\"100\" \/><img decoding=\"async\" src=\"https:\/\/gocuisivin.com\/gleengag\/2022\/03\/Icon-w_-Text_Dishwasher-Safe_1-scaled-e1647696229552.jpg\" alt=\"\" width=\"100\" height=\"100\" \/><\/p>\n","protected":false},"featured_media":16607,"comment_status":"open","ping_status":"closed","template":"","meta":[],"pwb-brand":[1664],"product_brand":[],"product_cat":[525,1557],"product_tag":[1119,291,281,1120,118],"class_list":{"0":"post-22664","1":"product","2":"type-product","3":"status-publish","4":"has-post-thumbnail","6":"pwb-brand-cuisivin-fr","7":"product_cat-cocktail-fr","8":"product_cat-verrerie","9":"product_tag-430-ml-fr-2","10":"product_tag-cocktail-fr","11":"product_tag-cuisivin-fr","12":"product_tag-verre-a-rumba","13":"product_tag-verrerie","15":"first","16":"instock","17":"taxable","18":"shipping-taxable","19":"purchasable","20":"product-type-simple"},"brands":[{"id":1664,"name":"Cuisivin","slug":"cuisivin-fr"}],"_links":{"self":[{"href":"https:\/\/gocuisivin.com\/fr\/wp-json\/wp\/v2\/product\/22664","targetHints":{"allow":["GET"]}}],"collection":[{"href":"https:\/\/gocuisivin.com\/fr\/wp-json\/wp\/v2\/product"}],"about":[{"href":"https:\/\/gocuisivin.com\/fr\/wp-json\/wp\/v2\/types\/product"}],"replies":[{"embeddable":true,"href":"https:\/\/gocuisivin.com\/fr\/wp-json\/wp\/v2\/comments?post=22664"}],"version-history":[{"count":1,"href":"https:\/\/gocuisivin.com\/fr\/wp-json\/wp\/v2\/product\/22664\/revisions"}],"predecessor-version":[{"id":24369,"href":"https:\/\/gocuisivin.com\/fr\/wp-json\/wp\/v2\/product\/22664\/revisions\/24369"}],"wp:featuredmedia":[{"embeddable":true,"href":"https:\/\/gocuisivin.com\/fr\/wp-json\/wp\/v2\/media\/16607"}],"wp:attachment":[{"href":"https:\/\/gocuisivin.com\/fr\/wp-json\/wp\/v2\/media?parent=22664"}],"wp:term":[{"taxonomy":"pwb-brand","embeddable":true,"href":"https:\/\/gocuisivin.com\/fr\/wp-json\/wp\/v2\/pwb-brand?post=22664"},{"taxonomy":"product_brand","embeddable":true,"href":"https:\/\/gocuisivin.com\/fr\/wp-json\/wp\/v2\/product_brand?post=22664"},{"taxonomy":"product_cat","embeddable":true,"href":"https:\/\/gocuisivin.com\/fr\/wp-json\/wp\/v2\/product_cat?post=22664"},{"taxonomy":"product_tag","embeddable":true,"href":"https:\/\/gocuisivin.com\/fr\/wp-json\/wp\/v2\/product_tag?post=22664"}],"curies":[{"name":"wp","href":"https:\/\/api.w.org\/{rel}","templated":true}]}}