{"id":22663,"date":"2022-03-10T07:11:26","date_gmt":"2022-03-10T07:11:26","guid":{"rendered":"https:\/\/gocuisivin.com\/product\/echantillonneur-de-biere-cuisivin-metropolitan-paquet-de-6\/"},"modified":"2023-01-19T15:16:19","modified_gmt":"2023-01-19T15:16:19","slug":"echantillonneur-de-biere-cuisivin-metropolitan-paquet-de-6","status":"publish","type":"product","link":"https:\/\/gocuisivin.com\/fr\/product\/echantillonneur-de-biere-cuisivin-metropolitan-paquet-de-6\/","title":{"rendered":"\u00c9chantillonneur de bi\u00e8re Cuisivin Metropolitan &#8211; Paquet de 6"},"content":{"rendered":"<p>Savourez une vari\u00e9t\u00e9 de bi\u00e8res ou de cidres dans ce verre d&#8217;inspiration Pilsner de 7 oz de la collection Masterbrew. Le style intemporel convient pour mettre en valeur les nuances d&#8217;une large vari\u00e9t\u00e9 de bi\u00e8res.<\/p>\n","protected":false},"excerpt":{"rendered":"<p>&nbsp;<\/p>\n<ul>\n<li>Mini design de verre \u00e0 bi\u00e8re id\u00e9al pour \u00e9chantillonner\/d\u00e9guster de la bi\u00e8re et du cidre<\/li>\n<li>Con\u00e7u avec des lignes \u00e9pur\u00e9es pour un look classique<\/li>\n<li>Durable et robuste<\/li>\n<li>Capacit\u00e9 : 7 oz \/ 200 ml<\/li>\n<li>Lave-vaisselle<\/li>\n<li>Bo\u00eete marron 6pk<\/li>\n<\/ul>\n<p><img decoding=\"async\" src=\"https:\/\/gocuisivin.com\/gleengag\/2022\/03\/Icon-w_-Text_Dishwasher-Safe_1-scaled-e1647696229552.jpg\" alt=\"\" width=\"100\" height=\"100\" \/><\/p>\n","protected":false},"featured_media":16490,"comment_status":"open","ping_status":"closed","template":"","meta":[],"pwb-brand":[1664,1672],"product_brand":[],"product_cat":[1574,1557],"product_tag":[1157,279,281,1156,1155,282,118],"class_list":{"0":"post-22663","1":"product","2":"type-product","3":"status-publish","4":"has-post-thumbnail","6":"pwb-brand-cuisivin-fr","7":"pwb-brand-masterbrew-fr","8":"product_cat-biere","9":"product_cat-verrerie","10":"product_tag-200-ml-fr","11":"product_tag-biere","12":"product_tag-cuisivin-fr","13":"product_tag-echantillonneur-de-biere","14":"product_tag-echantillonneur-de-biere-metropolitaine","15":"product_tag-masterbrew-fr","16":"product_tag-verrerie","18":"first","19":"instock","20":"taxable","21":"shipping-taxable","22":"purchasable","23":"product-type-simple"},"brands":[{"id":1664,"name":"Cuisivin","slug":"cuisivin-fr"},{"id":1672,"name":"Masterbrew","slug":"masterbrew-fr"}],"_links":{"self":[{"href":"https:\/\/gocuisivin.com\/fr\/wp-json\/wp\/v2\/product\/22663","targetHints":{"allow":["GET"]}}],"collection":[{"href":"https:\/\/gocuisivin.com\/fr\/wp-json\/wp\/v2\/product"}],"about":[{"href":"https:\/\/gocuisivin.com\/fr\/wp-json\/wp\/v2\/types\/product"}],"replies":[{"embeddable":true,"href":"https:\/\/gocuisivin.com\/fr\/wp-json\/wp\/v2\/comments?post=22663"}],"version-history":[{"count":1,"href":"https:\/\/gocuisivin.com\/fr\/wp-json\/wp\/v2\/product\/22663\/revisions"}],"predecessor-version":[{"id":24354,"href":"https:\/\/gocuisivin.com\/fr\/wp-json\/wp\/v2\/product\/22663\/revisions\/24354"}],"wp:featuredmedia":[{"embeddable":true,"href":"https:\/\/gocuisivin.com\/fr\/wp-json\/wp\/v2\/media\/16490"}],"wp:attachment":[{"href":"https:\/\/gocuisivin.com\/fr\/wp-json\/wp\/v2\/media?parent=22663"}],"wp:term":[{"taxonomy":"pwb-brand","embeddable":true,"href":"https:\/\/gocuisivin.com\/fr\/wp-json\/wp\/v2\/pwb-brand?post=22663"},{"taxonomy":"product_brand","embeddable":true,"href":"https:\/\/gocuisivin.com\/fr\/wp-json\/wp\/v2\/product_brand?post=22663"},{"taxonomy":"product_cat","embeddable":true,"href":"https:\/\/gocuisivin.com\/fr\/wp-json\/wp\/v2\/product_cat?post=22663"},{"taxonomy":"product_tag","embeddable":true,"href":"https:\/\/gocuisivin.com\/fr\/wp-json\/wp\/v2\/product_tag?post=22663"}],"curies":[{"name":"wp","href":"https:\/\/api.w.org\/{rel}","templated":true}]}}