{"id":22662,"date":"2022-03-10T07:30:19","date_gmt":"2022-03-10T07:30:19","guid":{"rendered":"https:\/\/gocuisivin.com\/product\/seau-a-champagne-bicolore-cuisivin-vinolife\/"},"modified":"2023-01-19T15:10:31","modified_gmt":"2023-01-19T15:10:31","slug":"seau-a-champagne-bicolore-cuisivin-vinolife","status":"publish","type":"product","link":"https:\/\/gocuisivin.com\/fr\/product\/seau-a-champagne-bicolore-cuisivin-vinolife\/","title":{"rendered":"Seau \u00e0 champagne bicolore Cuisivin VinoLife"},"content":{"rendered":"<p>Servez votre vin et votre champagne avec style dans le seau \u00e0 champagne VinoLife. Fabriqu\u00e9 en acier inoxydable de haute qualit\u00e9, il pr\u00e9sente un design bicolore distingu\u00e9 et des poign\u00e9es annulaires attrayantes. Chic et \u00e9l\u00e9gant, un ajout parfait \u00e0 n&#8217;importe quel bar et d\u00e9cor.<\/p>\n","protected":false},"excerpt":{"rendered":"<p>&nbsp;<\/p>\n<ul>\n<li>Seau \u00e0 champagne en acier inoxydable massif<\/li>\n<li>Finition bicolore<\/li>\n<li>Anneau manipul\u00e9<\/li>\n<li>Convient \u00e0 deux bouteilles de 750 ml<\/li>\n<li>Design chic parfait pour n&#8217;importe quel d\u00e9cor<\/li>\n<li>Hauteur : 8,2&#8243; \/ 225,6 mm<\/li>\n<\/ul>\n<p><img decoding=\"async\" src=\"https:\/\/gocuisivin.com\/gleengag\/2022\/03\/Icon-w_-Text_Stainless-Steele_1.jpg\" alt=\"\" width=\"100\" height=\"100\" \/><img decoding=\"async\" src=\"https:\/\/gocuisivin.com\/gleengag\/2022\/03\/Icon-w_-Text_Handwash_1.jpg\" alt=\"\" width=\"100\" height=\"100\" \/><\/p>\n","protected":false},"featured_media":16321,"comment_status":"open","ping_status":"closed","template":"","meta":[],"pwb-brand":[1664,1680],"product_brand":[],"product_cat":[1565,968],"product_tag":[1002,1045,281,990,1192],"class_list":{"0":"post-22662","1":"product","2":"type-product","3":"status-publish","4":"has-post-thumbnail","6":"pwb-brand-cuisivin-fr","7":"pwb-brand-vinolife-fr","8":"product_cat-accessoires-pour-le-vin-et-le-bar","9":"product_cat-barware-fr","10":"product_tag-accessoires-pour-le-vin-et-le-bar","11":"product_tag-barware-fr","12":"product_tag-cuisivin-fr","13":"product_tag-seau-a-champagne","14":"product_tag-vinolife-fr","16":"first","17":"instock","18":"taxable","19":"shipping-taxable","20":"purchasable","21":"product-type-simple"},"brands":[{"id":1664,"name":"Cuisivin","slug":"cuisivin-fr"},{"id":1680,"name":"VinoLife","slug":"vinolife-fr"}],"_links":{"self":[{"href":"https:\/\/gocuisivin.com\/fr\/wp-json\/wp\/v2\/product\/22662","targetHints":{"allow":["GET"]}}],"collection":[{"href":"https:\/\/gocuisivin.com\/fr\/wp-json\/wp\/v2\/product"}],"about":[{"href":"https:\/\/gocuisivin.com\/fr\/wp-json\/wp\/v2\/types\/product"}],"replies":[{"embeddable":true,"href":"https:\/\/gocuisivin.com\/fr\/wp-json\/wp\/v2\/comments?post=22662"}],"version-history":[{"count":1,"href":"https:\/\/gocuisivin.com\/fr\/wp-json\/wp\/v2\/product\/22662\/revisions"}],"predecessor-version":[{"id":24349,"href":"https:\/\/gocuisivin.com\/fr\/wp-json\/wp\/v2\/product\/22662\/revisions\/24349"}],"wp:featuredmedia":[{"embeddable":true,"href":"https:\/\/gocuisivin.com\/fr\/wp-json\/wp\/v2\/media\/16321"}],"wp:attachment":[{"href":"https:\/\/gocuisivin.com\/fr\/wp-json\/wp\/v2\/media?parent=22662"}],"wp:term":[{"taxonomy":"pwb-brand","embeddable":true,"href":"https:\/\/gocuisivin.com\/fr\/wp-json\/wp\/v2\/pwb-brand?post=22662"},{"taxonomy":"product_brand","embeddable":true,"href":"https:\/\/gocuisivin.com\/fr\/wp-json\/wp\/v2\/product_brand?post=22662"},{"taxonomy":"product_cat","embeddable":true,"href":"https:\/\/gocuisivin.com\/fr\/wp-json\/wp\/v2\/product_cat?post=22662"},{"taxonomy":"product_tag","embeddable":true,"href":"https:\/\/gocuisivin.com\/fr\/wp-json\/wp\/v2\/product_tag?post=22662"}],"curies":[{"name":"wp","href":"https:\/\/api.w.org\/{rel}","templated":true}]}}