{"id":22660,"date":"2022-03-10T06:54:31","date_gmt":"2022-03-10T06:54:31","guid":{"rendered":"https:\/\/gocuisivin.com\/product\/verre-a-martini-cuisivin-paquet-de-6\/"},"modified":"2023-01-19T15:24:46","modified_gmt":"2023-01-19T15:24:46","slug":"verre-a-martini-cuisivin-paquet-de-6","status":"publish","type":"product","link":"https:\/\/gocuisivin.com\/fr\/product\/verre-a-martini-cuisivin-paquet-de-6\/","title":{"rendered":"Verre \u00e0 Martini Cuisivin &#8211; Paquet de 6"},"content":{"rendered":"<p>D\u00e9gustez des martinis et des cocktails avec style &#8211; c&#8217;est un classique ! Fabriqu\u00e9 en cristal fin sans plomb, c&#8217;est la forme parfaite pour siroter. Fabriqu\u00e9 avec une tige tir\u00e9e, ce verre a une durabilit\u00e9 exceptionnelle, tout en ayant un bord tr\u00e8s fin.<\/p>\n","protected":false},"excerpt":{"rendered":"<p>&nbsp;<\/p>\n<ul>\n<li>Verre \u00e0 Martini traditionnel parfait pour les cocktails<\/li>\n<li>Conique et finement bord\u00e9 pour une d\u00e9gustation plus facile<\/li>\n<li>Cristal sans plomb allemand<\/li>\n<li>Capacit\u00e9 : 8,75 oz \/ 250 ml<\/li>\n<li>bo\u00eete blanche<\/li>\n<\/ul>\n<p><img decoding=\"async\" src=\"https:\/\/gocuisivin.com\/gleengag\/2022\/03\/Icon-w_-Text_Made-in-Germany_1.jpg\" alt=\"\" width=\"100\" height=\"100\" \/><img decoding=\"async\" src=\"https:\/\/gocuisivin.com\/gleengag\/2022\/03\/Icon-w_-Text_Lead-Free-Crystal_1-scaled-e1647696159460.jpg\" alt=\"\" width=\"100\" height=\"100\" \/><img decoding=\"async\" src=\"https:\/\/gocuisivin.com\/gleengag\/2022\/03\/Icon-w_-Text_Fine-Rim_1-scaled-e1647696201810.jpg\" alt=\"\" width=\"100\" height=\"100\" \/><img loading=\"lazy\" decoding=\"async\" src=\"https:\/\/gocuisivin.com\/gleengag\/2022\/03\/Icon-w_-Text_Dishwasher-Safe_1-scaled-e1647696229552.jpg\" alt=\"\" width=\"100\" height=\"100\" \/><\/p>\n","protected":false},"featured_media":16613,"comment_status":"open","ping_status":"closed","template":"","meta":[],"pwb-brand":[1664],"product_brand":[],"product_cat":[525,1557],"product_tag":[1117,291,281,1116,118],"class_list":{"0":"post-22660","1":"product","2":"type-product","3":"status-publish","4":"has-post-thumbnail","6":"pwb-brand-cuisivin-fr","7":"product_cat-cocktail-fr","8":"product_cat-verrerie","9":"product_tag-250-ml-fr","10":"product_tag-cocktail-fr","11":"product_tag-cuisivin-fr","12":"product_tag-verre-a-martini","13":"product_tag-verrerie","15":"first","16":"instock","17":"taxable","18":"shipping-taxable","19":"purchasable","20":"product-type-simple"},"brands":[{"id":1664,"name":"Cuisivin","slug":"cuisivin-fr"}],"_links":{"self":[{"href":"https:\/\/gocuisivin.com\/fr\/wp-json\/wp\/v2\/product\/22660","targetHints":{"allow":["GET"]}}],"collection":[{"href":"https:\/\/gocuisivin.com\/fr\/wp-json\/wp\/v2\/product"}],"about":[{"href":"https:\/\/gocuisivin.com\/fr\/wp-json\/wp\/v2\/types\/product"}],"replies":[{"embeddable":true,"href":"https:\/\/gocuisivin.com\/fr\/wp-json\/wp\/v2\/comments?post=22660"}],"version-history":[{"count":1,"href":"https:\/\/gocuisivin.com\/fr\/wp-json\/wp\/v2\/product\/22660\/revisions"}],"predecessor-version":[{"id":24364,"href":"https:\/\/gocuisivin.com\/fr\/wp-json\/wp\/v2\/product\/22660\/revisions\/24364"}],"wp:featuredmedia":[{"embeddable":true,"href":"https:\/\/gocuisivin.com\/fr\/wp-json\/wp\/v2\/media\/16613"}],"wp:attachment":[{"href":"https:\/\/gocuisivin.com\/fr\/wp-json\/wp\/v2\/media?parent=22660"}],"wp:term":[{"taxonomy":"pwb-brand","embeddable":true,"href":"https:\/\/gocuisivin.com\/fr\/wp-json\/wp\/v2\/pwb-brand?post=22660"},{"taxonomy":"product_brand","embeddable":true,"href":"https:\/\/gocuisivin.com\/fr\/wp-json\/wp\/v2\/product_brand?post=22660"},{"taxonomy":"product_cat","embeddable":true,"href":"https:\/\/gocuisivin.com\/fr\/wp-json\/wp\/v2\/product_cat?post=22660"},{"taxonomy":"product_tag","embeddable":true,"href":"https:\/\/gocuisivin.com\/fr\/wp-json\/wp\/v2\/product_tag?post=22660"}],"curies":[{"name":"wp","href":"https:\/\/api.w.org\/{rel}","templated":true}]}}