{"id":22656,"date":"2022-03-10T07:30:22","date_gmt":"2022-03-10T07:30:22","guid":{"rendered":"https:\/\/gocuisivin.com\/product\/verre-a-malt-cuisivin-vinolife-avec-rebord\/"},"modified":"2023-01-19T15:00:39","modified_gmt":"2023-01-19T15:00:39","slug":"verre-a-malt-cuisivin-vinolife-avec-rebord","status":"publish","type":"product","link":"https:\/\/gocuisivin.com\/fr\/product\/verre-a-malt-cuisivin-vinolife-avec-rebord\/","title":{"rendered":"Verre \u00e0 malt Cuisivin VinoLife avec rebord"},"content":{"rendered":"<p>M\u00e9langez vos cocktails pr\u00e9f\u00e9r\u00e9s avec ce shaker de bar en acier inoxydable pratique. Fabriqu\u00e9 en acier inoxydable solide avec une finition miroir. Un outil fonctionnel et \u00e9l\u00e9gant pour chaque mixologue. Ne comprend pas le verre.<\/p>\n","protected":false},"excerpt":{"rendered":"<p>&nbsp;<\/p>\n<ul>\n<li>M\u00e9langez vos cocktails pr\u00e9f\u00e9r\u00e9s avec ce shaker de bar en acier inoxydable pratique<\/li>\n<li>Parfait pour m\u00e9langer et remuer<\/li>\n<li>Acier inoxydable solide<\/li>\n<li>Finition miroir<\/li>\n<li>Ne comprend pas le verre<\/li>\n<li>Hauteur\u00a0:\u00a07&#8243; \/ 177,8\u00a0mm\u00a0; Capacit\u00e9\u00a0: 28 oz \/ 828,05\u00a0ml<\/li>\n<\/ul>\n<p><img decoding=\"async\" src=\"https:\/\/gocuisivin.com\/gleengag\/2022\/03\/Icon-w_-Text_Stainless-Steele_1.jpg\" alt=\"\" width=\"100\" height=\"100\" \/><img decoding=\"async\" src=\"https:\/\/gocuisivin.com\/gleengag\/2022\/03\/Icon-w_-Text_Dishwasher-Safe_1-scaled-e1647696229552.jpg\" alt=\"\" width=\"100\" height=\"100\" \/><\/p>\n","protected":false},"featured_media":16434,"comment_status":"open","ping_status":"closed","template":"","meta":[],"pwb-brand":[1664,1680],"product_brand":[],"product_cat":[1565,968],"product_tag":[1002,1045,281,1193,1192],"class_list":{"0":"post-22656","1":"product","2":"type-product","3":"status-publish","4":"has-post-thumbnail","6":"pwb-brand-cuisivin-fr","7":"pwb-brand-vinolife-fr","8":"product_cat-accessoires-pour-le-vin-et-le-bar","9":"product_cat-barware-fr","10":"product_tag-accessoires-pour-le-vin-et-le-bar","11":"product_tag-barware-fr","12":"product_tag-cuisivin-fr","13":"product_tag-verre-a-malt-avec-rebord","14":"product_tag-vinolife-fr","16":"first","17":"instock","18":"taxable","19":"shipping-taxable","20":"purchasable","21":"product-type-simple"},"brands":[{"id":1664,"name":"Cuisivin","slug":"cuisivin-fr"},{"id":1680,"name":"VinoLife","slug":"vinolife-fr"}],"_links":{"self":[{"href":"https:\/\/gocuisivin.com\/fr\/wp-json\/wp\/v2\/product\/22656","targetHints":{"allow":["GET"]}}],"collection":[{"href":"https:\/\/gocuisivin.com\/fr\/wp-json\/wp\/v2\/product"}],"about":[{"href":"https:\/\/gocuisivin.com\/fr\/wp-json\/wp\/v2\/types\/product"}],"replies":[{"embeddable":true,"href":"https:\/\/gocuisivin.com\/fr\/wp-json\/wp\/v2\/comments?post=22656"}],"version-history":[{"count":1,"href":"https:\/\/gocuisivin.com\/fr\/wp-json\/wp\/v2\/product\/22656\/revisions"}],"predecessor-version":[{"id":24339,"href":"https:\/\/gocuisivin.com\/fr\/wp-json\/wp\/v2\/product\/22656\/revisions\/24339"}],"wp:featuredmedia":[{"embeddable":true,"href":"https:\/\/gocuisivin.com\/fr\/wp-json\/wp\/v2\/media\/16434"}],"wp:attachment":[{"href":"https:\/\/gocuisivin.com\/fr\/wp-json\/wp\/v2\/media?parent=22656"}],"wp:term":[{"taxonomy":"pwb-brand","embeddable":true,"href":"https:\/\/gocuisivin.com\/fr\/wp-json\/wp\/v2\/pwb-brand?post=22656"},{"taxonomy":"product_brand","embeddable":true,"href":"https:\/\/gocuisivin.com\/fr\/wp-json\/wp\/v2\/product_brand?post=22656"},{"taxonomy":"product_cat","embeddable":true,"href":"https:\/\/gocuisivin.com\/fr\/wp-json\/wp\/v2\/product_cat?post=22656"},{"taxonomy":"product_tag","embeddable":true,"href":"https:\/\/gocuisivin.com\/fr\/wp-json\/wp\/v2\/product_tag?post=22656"}],"curies":[{"name":"wp","href":"https:\/\/api.w.org\/{rel}","templated":true}]}}