{"id":22655,"date":"2022-03-10T06:54:31","date_gmt":"2022-03-10T06:54:31","guid":{"rendered":"https:\/\/gocuisivin.com\/product\/shaker-a-cocktail-cuisivin-bel-air\/"},"modified":"2023-01-19T15:24:17","modified_gmt":"2023-01-19T15:24:17","slug":"shaker-a-cocktail-cuisivin-bel-air","status":"publish","type":"product","link":"https:\/\/gocuisivin.com\/fr\/product\/shaker-a-cocktail-cuisivin-bel-air\/","title":{"rendered":"Shaker \u00e0 cocktail Cuisivin Bel-Air"},"content":{"rendered":"<p>Secouez votre cocktail pr\u00e9f\u00e9r\u00e9 avec style ! Le shaker \u00e0 cocktail Bel-Air est dot\u00e9 d&#8217;un shaker 3 pi\u00e8ces de style r\u00e9tro avec une fen\u00eatre en silicone transparent qui vous permet de mesurer clairement les ingr\u00e9dients pour votre cocktail parfait\u00a0! Le shaker en acier inoxydable de 14 oz a une fen\u00eatre en silicone sans danger pour les aliments et \u00e9tanche. Coffret cadeau \u2013 parfait pour offrir en cadeau !<\/p>\n","protected":false},"excerpt":{"rendered":"<p>&nbsp;<\/p>\n<ul>\n<li>Shaker \u00e0 cocktail 3 pi\u00e8ces de style r\u00e9tro avec fen\u00eatre de mesure en silicone int\u00e9gr\u00e9e<\/li>\n<li>Mesurez clairement les ingr\u00e9dients pour votre cocktail parfait !<\/li>\n<li>Construction solide en acier inoxydable avec fen\u00eatre de mesure en silicone int\u00e9gr\u00e9e (en ml et oz). Finition chrom\u00e9e.<\/li>\n<li>3 pi\u00e8ces : shaker, passoire et bouchon<\/li>\n<li>Capacit\u00e9 : 14 oz \/ 414 ml<\/li>\n<li>Coffret cadeau &#8211; parfait pour offrir en cadeau<\/li>\n<\/ul>\n<p><img decoding=\"async\" src=\"https:\/\/gocuisivin.com\/gleengag\/2022\/03\/Icon-w_-Text_Stainless-Steele_1.jpg\" alt=\"\" width=\"100\" height=\"100\" \/><img decoding=\"async\" src=\"https:\/\/gocuisivin.com\/gleengag\/2022\/03\/Icon-w_-Text_Dishwasher-Safe_1-scaled-e1647696229552.jpg\" alt=\"\" width=\"100\" height=\"100\" \/><\/p>\n","protected":false},"featured_media":16630,"comment_status":"open","ping_status":"closed","template":"","meta":[],"pwb-brand":[1663,1664],"product_brand":[],"product_cat":[1565,968],"product_tag":[1002,1045,1004,281,1108,1074],"class_list":{"0":"post-22655","1":"product","2":"type-product","3":"status-publish","4":"has-post-thumbnail","6":"pwb-brand-bel-air-fr","7":"pwb-brand-cuisivin-fr","8":"product_cat-accessoires-pour-le-vin-et-le-bar","9":"product_cat-barware-fr","10":"product_tag-accessoires-pour-le-vin-et-le-bar","11":"product_tag-barware-fr","12":"product_tag-bel-air-fr","13":"product_tag-cuisivin-fr","14":"product_tag-mesure","15":"product_tag-shaker-a-cocktails","17":"first","18":"instock","19":"taxable","20":"shipping-taxable","21":"purchasable","22":"product-type-simple"},"brands":[{"id":1663,"name":"Bel-Air","slug":"bel-air-fr"},{"id":1664,"name":"Cuisivin","slug":"cuisivin-fr"}],"_links":{"self":[{"href":"https:\/\/gocuisivin.com\/fr\/wp-json\/wp\/v2\/product\/22655","targetHints":{"allow":["GET"]}}],"collection":[{"href":"https:\/\/gocuisivin.com\/fr\/wp-json\/wp\/v2\/product"}],"about":[{"href":"https:\/\/gocuisivin.com\/fr\/wp-json\/wp\/v2\/types\/product"}],"replies":[{"embeddable":true,"href":"https:\/\/gocuisivin.com\/fr\/wp-json\/wp\/v2\/comments?post=22655"}],"version-history":[{"count":1,"href":"https:\/\/gocuisivin.com\/fr\/wp-json\/wp\/v2\/product\/22655\/revisions"}],"predecessor-version":[{"id":24363,"href":"https:\/\/gocuisivin.com\/fr\/wp-json\/wp\/v2\/product\/22655\/revisions\/24363"}],"wp:featuredmedia":[{"embeddable":true,"href":"https:\/\/gocuisivin.com\/fr\/wp-json\/wp\/v2\/media\/16630"}],"wp:attachment":[{"href":"https:\/\/gocuisivin.com\/fr\/wp-json\/wp\/v2\/media?parent=22655"}],"wp:term":[{"taxonomy":"pwb-brand","embeddable":true,"href":"https:\/\/gocuisivin.com\/fr\/wp-json\/wp\/v2\/pwb-brand?post=22655"},{"taxonomy":"product_brand","embeddable":true,"href":"https:\/\/gocuisivin.com\/fr\/wp-json\/wp\/v2\/product_brand?post=22655"},{"taxonomy":"product_cat","embeddable":true,"href":"https:\/\/gocuisivin.com\/fr\/wp-json\/wp\/v2\/product_cat?post=22655"},{"taxonomy":"product_tag","embeddable":true,"href":"https:\/\/gocuisivin.com\/fr\/wp-json\/wp\/v2\/product_tag?post=22655"}],"curies":[{"name":"wp","href":"https:\/\/api.w.org\/{rel}","templated":true}]}}