{"id":22654,"date":"2022-03-10T06:54:29","date_gmt":"2022-03-10T06:54:29","guid":{"rendered":"https:\/\/gocuisivin.com\/product\/ensemble-cadeau-cuisivin-brandy-snifter\/"},"modified":"2023-01-18T15:04:14","modified_gmt":"2023-01-18T15:04:14","slug":"ensemble-cadeau-cuisivin-brandy-snifter","status":"publish","type":"product","link":"https:\/\/gocuisivin.com\/fr\/product\/ensemble-cadeau-cuisivin-brandy-snifter\/","title":{"rendered":"Ensemble-cadeau Cuisivin Brandy Snifter"},"content":{"rendered":"<p>L&#8217;ensemble cadeau comprend 2 verres et 2 couvercles aromatiques &#8211; le cadeau parfait pour tout amateur de Brandy ! Fabriqu\u00e9 \u00e0 l&#8217;aide de techniques de fabrication de verre innovantes, le grand bol rond du Brandy Cuisivin est effil\u00e9 en un haut \u00e9troit aidant \u00e0 mettre en valeur les ar\u00f4mes. Le verre est id\u00e9al pour le tourbillonnement et le nez &#8211; parfait pour le brandy, le cognac et d&#8217;autres boissons spiritueuses. Cristal sans plomb de fabrication allemande avec une tige tir\u00e9e &#8211; ce verre est vraiment un premier choix ! Le couvercle Cuisivin Aroma est con\u00e7u pour sceller l&#8217;ar\u00f4me de votre vin ou de votre spiritueux pendant qu&#8217;il repose. Le couvercle tremp\u00e9 est convexe et repose facilement sur la bouche. Le couvercle peut \u00e9galement servir \u00e0 \u00e9loigner les insectes tout en profitant de l&#8217;ext\u00e9rieur.<\/p>\n","protected":false},"excerpt":{"rendered":"<p>&nbsp;<\/p>\n<ul>\n<li>Sp\u00e9cialement con\u00e7u pour le brandy, le cognac et d&#8217;autres liqueurs<\/li>\n<li>Grand bol rond \u00e0 bouche effil\u00e9e et \u00e9troite mettant en valeur les ar\u00f4mes<\/li>\n<li>Comprend un couvercle d&#8217;ar\u00f4me, con\u00e7u pour sceller l&#8217;ar\u00f4me de votre vin ou de votre spiritueux pendant qu&#8217;il repose<\/li>\n<li>Cristal sans plomb allemand<\/li>\n<li>Capacit\u00e9 : 21 oz \/ 620 ml<\/li>\n<li>Le tube cadeau comprend 2 verres et 2 couvercles d&#8217;ar\u00f4me<\/li>\n<\/ul>\n<p><img decoding=\"async\" src=\"https:\/\/gocuisivin.com\/gleengag\/2022\/03\/Icon-w_-Text_Made-in-Germany_1.jpg\" alt=\"\" width=\"100\" height=\"100\" \/><img decoding=\"async\" src=\"https:\/\/gocuisivin.com\/gleengag\/2022\/03\/Icon-w_-Text_Lead-Free-Crystal_1-scaled-e1647696159460.jpg\" alt=\"\" width=\"100\" height=\"100\" \/><img decoding=\"async\" src=\"https:\/\/gocuisivin.com\/gleengag\/2022\/03\/Icon-w_-Text_Pulled-Stem-for-Durability_1.jpg\" alt=\"\" width=\"100\" height=\"100\" \/><img loading=\"lazy\" decoding=\"async\" src=\"https:\/\/gocuisivin.com\/gleengag\/2022\/03\/Icon-w_-Text_Fine-Rim_1-scaled-e1647696201810.jpg\" alt=\"\" width=\"100\" height=\"100\" \/><img loading=\"lazy\" decoding=\"async\" src=\"https:\/\/gocuisivin.com\/gleengag\/2022\/03\/Icon-w_-Text_Dishwasher-Safe_1-scaled-e1647696229552.jpg\" alt=\"\" width=\"100\" height=\"100\" \/><\/p>\n","protected":false},"featured_media":16529,"comment_status":"open","ping_status":"closed","template":"","meta":[],"pwb-brand":[1664],"product_brand":[],"product_cat":[1557,1558,1559],"product_tag":[1137,1138,134,281,1139,118,116,527],"class_list":{"0":"post-22654","1":"product","2":"type-product","3":"status-publish","4":"has-post-thumbnail","6":"pwb-brand-cuisivin-fr","7":"product_cat-verrerie","8":"product_cat-vin","9":"product_cat-whisky-spiritueux","10":"product_tag-620-ml-fr","11":"product_tag-brandy-fr","12":"product_tag-brandy-snifter-fr","13":"product_tag-cuisivin-fr","14":"product_tag-ensemble-de-renifleur","15":"product_tag-verrerie","16":"product_tag-vin","17":"product_tag-whisky-spiritueux-fr","19":"first","20":"instock","21":"taxable","22":"shipping-taxable","23":"purchasable","24":"product-type-simple"},"brands":[{"id":1664,"name":"Cuisivin","slug":"cuisivin-fr"}],"_links":{"self":[{"href":"https:\/\/gocuisivin.com\/fr\/wp-json\/wp\/v2\/product\/22654","targetHints":{"allow":["GET"]}}],"collection":[{"href":"https:\/\/gocuisivin.com\/fr\/wp-json\/wp\/v2\/product"}],"about":[{"href":"https:\/\/gocuisivin.com\/fr\/wp-json\/wp\/v2\/types\/product"}],"replies":[{"embeddable":true,"href":"https:\/\/gocuisivin.com\/fr\/wp-json\/wp\/v2\/comments?post=22654"}],"version-history":[{"count":1,"href":"https:\/\/gocuisivin.com\/fr\/wp-json\/wp\/v2\/product\/22654\/revisions"}],"predecessor-version":[{"id":24111,"href":"https:\/\/gocuisivin.com\/fr\/wp-json\/wp\/v2\/product\/22654\/revisions\/24111"}],"wp:featuredmedia":[{"embeddable":true,"href":"https:\/\/gocuisivin.com\/fr\/wp-json\/wp\/v2\/media\/16529"}],"wp:attachment":[{"href":"https:\/\/gocuisivin.com\/fr\/wp-json\/wp\/v2\/media?parent=22654"}],"wp:term":[{"taxonomy":"pwb-brand","embeddable":true,"href":"https:\/\/gocuisivin.com\/fr\/wp-json\/wp\/v2\/pwb-brand?post=22654"},{"taxonomy":"product_brand","embeddable":true,"href":"https:\/\/gocuisivin.com\/fr\/wp-json\/wp\/v2\/product_brand?post=22654"},{"taxonomy":"product_cat","embeddable":true,"href":"https:\/\/gocuisivin.com\/fr\/wp-json\/wp\/v2\/product_cat?post=22654"},{"taxonomy":"product_tag","embeddable":true,"href":"https:\/\/gocuisivin.com\/fr\/wp-json\/wp\/v2\/product_tag?post=22654"}],"curies":[{"name":"wp","href":"https:\/\/api.w.org\/{rel}","templated":true}]}}