{"id":22653,"date":"2022-03-10T06:54:30","date_gmt":"2022-03-10T06:54:30","guid":{"rendered":"https:\/\/gocuisivin.com\/product\/verre-a-whisky-cuisivin-glendale\/"},"modified":"2023-01-19T15:27:26","modified_gmt":"2023-01-19T15:27:26","slug":"verre-a-whisky-cuisivin-glendale","status":"publish","type":"product","link":"https:\/\/gocuisivin.com\/fr\/product\/verre-a-whisky-cuisivin-glendale\/","title":{"rendered":"Verre \u00e0 whisky Cuisivin Glendale"},"content":{"rendered":"<p>Le verre \u00e0 whisky Glendale est fabriqu\u00e9 \u00e0 partir de cristal sans plomb de fabrication allemande. Le verre \u00e0 pied court en forme de tulipe pr\u00e9sente parfaitement les subtiles complexit\u00e9s et nuances de n&#8217;importe quel whisky &#8211; des bourbons Single Barrel, des single malts et des scotchs aux whiskies irlandais. La forme du bol est con\u00e7ue pour que des tourbillons subtils lib\u00e8rent des ar\u00f4mes complexes, et la conicit\u00e9 de la bouche est parfaitement con\u00e7ue pour le nez.<\/p>\n","protected":false},"excerpt":{"rendered":"<p>&nbsp;<\/p>\n<ul>\n<li>Sp\u00e9cialement con\u00e7u pour flairer le whisky fin, le scotch et les single malts<\/li>\n<li>La forme tulipe met en avant les ar\u00f4mes et les complexit\u00e9s<\/li>\n<li>Tige courte pour emp\u00eacher le transfert de chaleur de la main<\/li>\n<li>Cristal sans plomb allemand<\/li>\n<li>Capacit\u00e9 : 6,5 oz \/ 190 ml<\/li>\n<li>Coffret cadeau couleur individuel<\/li>\n<\/ul>\n<p><img decoding=\"async\" src=\"https:\/\/gocuisivin.com\/gleengag\/2022\/03\/Icon-w_-Text_Made-in-Germany_1.jpg\" alt=\"\" width=\"100\" height=\"100\" \/><img decoding=\"async\" src=\"https:\/\/gocuisivin.com\/gleengag\/2022\/03\/Icon-w_-Text_Lead-Free-Crystal_1-scaled-e1647696159460.jpg\" alt=\"\" width=\"100\" height=\"100\" \/><img decoding=\"async\" src=\"https:\/\/gocuisivin.com\/gleengag\/2022\/03\/Icon-w_-Text_Fine-Rim_1-scaled-e1647696201810.jpg\" alt=\"\" width=\"100\" height=\"100\" \/><img loading=\"lazy\" decoding=\"async\" src=\"https:\/\/gocuisivin.com\/gleengag\/2022\/03\/Icon-w_-Text_Pulled-Stem-for-Durability_1.jpg\" alt=\"\" width=\"100\" height=\"100\" \/><img loading=\"lazy\" decoding=\"async\" src=\"https:\/\/gocuisivin.com\/gleengag\/2022\/03\/Icon-w_-Text_Dishwasher-Safe_1-scaled-e1647696229552.jpg\" alt=\"\" width=\"100\" height=\"100\" \/><\/p>\n","protected":false},"featured_media":16563,"comment_status":"open","ping_status":"closed","template":"","meta":[],"pwb-brand":[1664],"product_brand":[],"product_cat":[1557,1559],"product_tag":[1126,281,1088,290,118,527],"class_list":{"0":"post-22653","1":"product","2":"type-product","3":"status-publish","4":"has-post-thumbnail","6":"pwb-brand-cuisivin-fr","7":"product_cat-verrerie","8":"product_cat-whisky-spiritueux","9":"product_tag-190-ml-fr","10":"product_tag-cuisivin-fr","11":"product_tag-glendale-fr","12":"product_tag-verre-a-whisky","13":"product_tag-verrerie","14":"product_tag-whisky-spiritueux-fr","16":"first","17":"instock","18":"taxable","19":"shipping-taxable","20":"purchasable","21":"product-type-simple"},"brands":[{"id":1664,"name":"Cuisivin","slug":"cuisivin-fr"}],"_links":{"self":[{"href":"https:\/\/gocuisivin.com\/fr\/wp-json\/wp\/v2\/product\/22653","targetHints":{"allow":["GET"]}}],"collection":[{"href":"https:\/\/gocuisivin.com\/fr\/wp-json\/wp\/v2\/product"}],"about":[{"href":"https:\/\/gocuisivin.com\/fr\/wp-json\/wp\/v2\/types\/product"}],"replies":[{"embeddable":true,"href":"https:\/\/gocuisivin.com\/fr\/wp-json\/wp\/v2\/comments?post=22653"}],"version-history":[{"count":1,"href":"https:\/\/gocuisivin.com\/fr\/wp-json\/wp\/v2\/product\/22653\/revisions"}],"predecessor-version":[{"id":24368,"href":"https:\/\/gocuisivin.com\/fr\/wp-json\/wp\/v2\/product\/22653\/revisions\/24368"}],"wp:featuredmedia":[{"embeddable":true,"href":"https:\/\/gocuisivin.com\/fr\/wp-json\/wp\/v2\/media\/16563"}],"wp:attachment":[{"href":"https:\/\/gocuisivin.com\/fr\/wp-json\/wp\/v2\/media?parent=22653"}],"wp:term":[{"taxonomy":"pwb-brand","embeddable":true,"href":"https:\/\/gocuisivin.com\/fr\/wp-json\/wp\/v2\/pwb-brand?post=22653"},{"taxonomy":"product_brand","embeddable":true,"href":"https:\/\/gocuisivin.com\/fr\/wp-json\/wp\/v2\/product_brand?post=22653"},{"taxonomy":"product_cat","embeddable":true,"href":"https:\/\/gocuisivin.com\/fr\/wp-json\/wp\/v2\/product_cat?post=22653"},{"taxonomy":"product_tag","embeddable":true,"href":"https:\/\/gocuisivin.com\/fr\/wp-json\/wp\/v2\/product_tag?post=22653"}],"curies":[{"name":"wp","href":"https:\/\/api.w.org\/{rel}","templated":true}]}}