{"id":22652,"date":"2022-03-10T07:11:25","date_gmt":"2022-03-10T07:11:25","guid":{"rendered":"https:\/\/gocuisivin.com\/product\/verre-a-biere-ambre-conique-masterbrew-cuisivin-paquet-de-6\/"},"modified":"2023-01-19T15:18:20","modified_gmt":"2023-01-19T15:18:20","slug":"verre-a-biere-ambre-conique-masterbrew-cuisivin-paquet-de-6","status":"publish","type":"product","link":"https:\/\/gocuisivin.com\/fr\/product\/verre-a-biere-ambre-conique-masterbrew-cuisivin-paquet-de-6\/","title":{"rendered":"Verre \u00e0 bi\u00e8re ambr\u00e9 conique Masterbrew Cuisivin &#8211; Paquet de 6"},"content":{"rendered":"<p>Le verre \u00e0 bi\u00e8re conique ambr\u00e9 est le verre \u00e0 bi\u00e8re et \u00e0 cidre tout usage parfait. La courbure du verre est con\u00e7ue pour mettre en valeur la saveur d&#8217;une grande vari\u00e9t\u00e9 de bi\u00e8res. La forme est \u00e9galement adapt\u00e9e \u00e0 l&#8217;empilage et la capacit\u00e9 de 15 oz est parfaite pour siroter un verre avec votre repas.<\/p>\n","protected":false},"excerpt":{"rendered":"<p>&nbsp;<\/p>\n<ul>\n<li>Design classique, adapt\u00e9 \u00e0 un large \u00e9ventail de styles de bi\u00e8re<\/li>\n<li>Empilable<\/li>\n<li>Durable et robuste<\/li>\n<li>Capacit\u00e9 : 15 oz \/ 440 ml<\/li>\n<li>Lave-vaisselle<\/li>\n<li>Bo\u00eete marron 6pk<\/li>\n<\/ul>\n<p><img decoding=\"async\" src=\"https:\/\/gocuisivin.com\/gleengag\/2022\/03\/Icon-w_-Text_Dishwasher-Safe_1-scaled-e1647696229552.jpg\" alt=\"\" width=\"100\" height=\"100\" \/><img decoding=\"async\" src=\"https:\/\/gocuisivin.com\/gleengag\/2022\/03\/Icon-w_-Text_Stackable_1.jpg\" alt=\"\" width=\"100\" height=\"100\" \/><\/p>\n","protected":false},"featured_media":16473,"comment_status":"open","ping_status":"closed","template":"","meta":[],"pwb-brand":[1664,1672],"product_brand":[],"product_cat":[1574,1557],"product_tag":[1169,1168,279,281,282,1170,284,118],"class_list":{"0":"post-22652","1":"product","2":"type-product","3":"status-publish","4":"has-post-thumbnail","6":"pwb-brand-cuisivin-fr","7":"pwb-brand-masterbrew-fr","8":"product_cat-biere","9":"product_cat-verrerie","10":"product_tag-440-ml-fr","11":"product_tag-ambre-conique","12":"product_tag-biere","13":"product_tag-cuisivin-fr","14":"product_tag-masterbrew-fr","15":"product_tag-verre-ambre-conique","16":"product_tag-verre-de-biere","17":"product_tag-verrerie","19":"first","20":"instock","21":"taxable","22":"shipping-taxable","23":"purchasable","24":"product-type-simple"},"brands":[{"id":1664,"name":"Cuisivin","slug":"cuisivin-fr"},{"id":1672,"name":"Masterbrew","slug":"masterbrew-fr"}],"_links":{"self":[{"href":"https:\/\/gocuisivin.com\/fr\/wp-json\/wp\/v2\/product\/22652","targetHints":{"allow":["GET"]}}],"collection":[{"href":"https:\/\/gocuisivin.com\/fr\/wp-json\/wp\/v2\/product"}],"about":[{"href":"https:\/\/gocuisivin.com\/fr\/wp-json\/wp\/v2\/types\/product"}],"replies":[{"embeddable":true,"href":"https:\/\/gocuisivin.com\/fr\/wp-json\/wp\/v2\/comments?post=22652"}],"version-history":[{"count":1,"href":"https:\/\/gocuisivin.com\/fr\/wp-json\/wp\/v2\/product\/22652\/revisions"}],"predecessor-version":[{"id":24356,"href":"https:\/\/gocuisivin.com\/fr\/wp-json\/wp\/v2\/product\/22652\/revisions\/24356"}],"wp:featuredmedia":[{"embeddable":true,"href":"https:\/\/gocuisivin.com\/fr\/wp-json\/wp\/v2\/media\/16473"}],"wp:attachment":[{"href":"https:\/\/gocuisivin.com\/fr\/wp-json\/wp\/v2\/media?parent=22652"}],"wp:term":[{"taxonomy":"pwb-brand","embeddable":true,"href":"https:\/\/gocuisivin.com\/fr\/wp-json\/wp\/v2\/pwb-brand?post=22652"},{"taxonomy":"product_brand","embeddable":true,"href":"https:\/\/gocuisivin.com\/fr\/wp-json\/wp\/v2\/product_brand?post=22652"},{"taxonomy":"product_cat","embeddable":true,"href":"https:\/\/gocuisivin.com\/fr\/wp-json\/wp\/v2\/product_cat?post=22652"},{"taxonomy":"product_tag","embeddable":true,"href":"https:\/\/gocuisivin.com\/fr\/wp-json\/wp\/v2\/product_tag?post=22652"}],"curies":[{"name":"wp","href":"https:\/\/api.w.org\/{rel}","templated":true}]}}