{"id":22646,"date":"2022-03-10T07:30:21","date_gmt":"2022-03-10T07:30:21","guid":{"rendered":"https:\/\/gocuisivin.com\/product\/refroidisseur-a-vin-a-double-paroi-vinolife-de-cuisivin\/"},"modified":"2023-01-19T15:04:24","modified_gmt":"2023-01-19T15:04:24","slug":"refroidisseur-a-vin-a-double-paroi-vinolife-de-cuisivin","status":"publish","type":"product","link":"https:\/\/gocuisivin.com\/fr\/product\/refroidisseur-a-vin-a-double-paroi-vinolife-de-cuisivin\/","title":{"rendered":"Refroidisseur \u00e0 vin \u00e0 double paroi VinoLife de Cuisivin"},"content":{"rendered":"<p>Gardez votre bouteille de vin ou de champagne pr\u00e9f\u00e9r\u00e9e au frais et pr\u00eate \u00e0 servir dans cet \u00e9l\u00e9gant refroidisseur \u00e0 double paroi. Design classique, parfait pour n&#8217;importe quel bar \u00e0 la maison. L&#8217;isolation \u00e0 double paroi offre une excellente r\u00e9tention de la temp\u00e9rature, maintient le vin ou le champagne au frais \u00e0 une temp\u00e9rature de service souhaitable et emp\u00eache la condensation sur la paroi ext\u00e9rieure. Lavage \u00e0 la main avec un nettoyant non abrasif. Essuyez avec un chiffon propre et sec. Coffret cadeau &#8211; parfait pour offrir en cadeau.<\/p>\n","protected":false},"excerpt":{"rendered":"<p>&nbsp;<\/p>\n<ul>\n<li>Construction \u00e0 double paroi<\/li>\n<li>Acier inoxydable de haute qualit\u00e9<\/li>\n<li>Garde les bouteilles r\u00e9frig\u00e9r\u00e9es au frais plus longtemps<\/li>\n<li>Design intemporel, parfait pour n&#8217;importe quel d\u00e9cor<\/li>\n<li>Giftboxed &#8211; parfait pour offrir en cadeau<\/li>\n<li>Hauteur\u00a0:\u00a07&#8243; \/ 177.8\u00a0mm<\/li>\n<\/ul>\n<p><img decoding=\"async\" src=\"https:\/\/gocuisivin.com\/gleengag\/2022\/03\/Icon-w_-Text_Stainless-Steele_1.jpg\" alt=\"\" width=\"100\" height=\"100\" \/><img decoding=\"async\" src=\"https:\/\/gocuisivin.com\/gleengag\/2022\/03\/Icon-w_-Text_Handwash_1.jpg\" alt=\"\" width=\"100\" height=\"100\" \/><\/p>\n","protected":false},"featured_media":16377,"comment_status":"open","ping_status":"closed","template":"","meta":[],"pwb-brand":[1664,1680],"product_brand":[],"product_cat":[1565,968],"product_tag":[1002,1045,281,1196,1192],"class_list":{"0":"post-22646","1":"product","2":"type-product","3":"status-publish","4":"has-post-thumbnail","6":"pwb-brand-cuisivin-fr","7":"pwb-brand-vinolife-fr","8":"product_cat-accessoires-pour-le-vin-et-le-bar","9":"product_cat-barware-fr","10":"product_tag-accessoires-pour-le-vin-et-le-bar","11":"product_tag-barware-fr","12":"product_tag-cuisivin-fr","13":"product_tag-refroidisseur-de-vin","14":"product_tag-vinolife-fr","16":"first","17":"instock","18":"taxable","19":"shipping-taxable","20":"purchasable","21":"product-type-simple"},"brands":[{"id":1664,"name":"Cuisivin","slug":"cuisivin-fr"},{"id":1680,"name":"VinoLife","slug":"vinolife-fr"}],"_links":{"self":[{"href":"https:\/\/gocuisivin.com\/fr\/wp-json\/wp\/v2\/product\/22646","targetHints":{"allow":["GET"]}}],"collection":[{"href":"https:\/\/gocuisivin.com\/fr\/wp-json\/wp\/v2\/product"}],"about":[{"href":"https:\/\/gocuisivin.com\/fr\/wp-json\/wp\/v2\/types\/product"}],"replies":[{"embeddable":true,"href":"https:\/\/gocuisivin.com\/fr\/wp-json\/wp\/v2\/comments?post=22646"}],"version-history":[{"count":1,"href":"https:\/\/gocuisivin.com\/fr\/wp-json\/wp\/v2\/product\/22646\/revisions"}],"predecessor-version":[{"id":24342,"href":"https:\/\/gocuisivin.com\/fr\/wp-json\/wp\/v2\/product\/22646\/revisions\/24342"}],"wp:featuredmedia":[{"embeddable":true,"href":"https:\/\/gocuisivin.com\/fr\/wp-json\/wp\/v2\/media\/16377"}],"wp:attachment":[{"href":"https:\/\/gocuisivin.com\/fr\/wp-json\/wp\/v2\/media?parent=22646"}],"wp:term":[{"taxonomy":"pwb-brand","embeddable":true,"href":"https:\/\/gocuisivin.com\/fr\/wp-json\/wp\/v2\/pwb-brand?post=22646"},{"taxonomy":"product_brand","embeddable":true,"href":"https:\/\/gocuisivin.com\/fr\/wp-json\/wp\/v2\/product_brand?post=22646"},{"taxonomy":"product_cat","embeddable":true,"href":"https:\/\/gocuisivin.com\/fr\/wp-json\/wp\/v2\/product_cat?post=22646"},{"taxonomy":"product_tag","embeddable":true,"href":"https:\/\/gocuisivin.com\/fr\/wp-json\/wp\/v2\/product_tag?post=22646"}],"curies":[{"name":"wp","href":"https:\/\/api.w.org\/{rel}","templated":true}]}}