{"id":22645,"date":"2022-03-10T07:30:18","date_gmt":"2022-03-10T07:30:18","guid":{"rendered":"https:\/\/gocuisivin.com\/product\/verre-a-whisky-velour-trees-cuisivin-paquet-de-6\/"},"modified":"2023-01-19T15:14:31","modified_gmt":"2023-01-19T15:14:31","slug":"verre-a-whisky-velour-trees-cuisivin-paquet-de-6","status":"publish","type":"product","link":"https:\/\/gocuisivin.com\/fr\/product\/verre-a-whisky-velour-trees-cuisivin-paquet-de-6\/","title":{"rendered":"Verre \u00e0 Whisky Velour Trees Cuisivin &#8211; Paquet de 6"},"content":{"rendered":"<p>Bienvenue dans l&#8217;exp\u00e9rience Velour ! Cette nouvelle application exclusive ajoute une finition douce et velout\u00e9e \u00e0 la verrerie sp\u00e9cialis\u00e9e. Fabriqu\u00e9 au Canada, chaque article de la collection Velour d\u00e9gage une chaleur luxueuse et une sensation de confort. L&#8217;application durable et lavable au lave-vaisselle rehausse l&#8217;apparence et la sensation des verres. Fabriqu\u00e9 \u00e0 la main au Canada, ce verre \u00e0 whisky de sp\u00e9cialit\u00e9 pr\u00e9sente un motif de for\u00eat sans fin. Impression enveloppante de beaux arbres \u00e0 feuilles persistantes. Couleur : noir<\/p>\n","protected":false},"excerpt":{"rendered":"<p>&nbsp;<\/p>\n<ul>\n<li>Imprim\u00e9 enveloppant en velours. Toucher velout\u00e9 et doux. Regard unique.<\/li>\n<li>Fournit une merveilleuse finition tactile qui procure chaleur et confort lors de la tenue du verre. Absorbe la condensation.<\/li>\n<li>Motif unique de for\u00eat sans fin<\/li>\n<li>Imprim\u00e9 enveloppant d&#8217;arbres \u00e0 feuilles persistantes. Couleur : noir<\/li>\n<li>Cristal sans plomb de haute qualit\u00e9<\/li>\n<li>Capacit\u00e9 : 10,8 oz \/ 320 ml<\/li>\n<\/ul>\n<p><img decoding=\"async\" src=\"https:\/\/gocuisivin.com\/gleengag\/2022\/03\/Icon-w_-Text_Made-in-Canada_1.jpg\" alt=\"\" width=\"100\" height=\"100\" \/><img decoding=\"async\" src=\"https:\/\/gocuisivin.com\/gleengag\/2022\/03\/Icon-w_-Text_Handmade_1.jpg\" alt=\"\" width=\"100\" height=\"100\" \/><img decoding=\"async\" src=\"https:\/\/gocuisivin.com\/gleengag\/2022\/03\/Icon-w_-Text_Soft-Touch_1.jpg\" alt=\"\" width=\"100\" height=\"100\" \/><img loading=\"lazy\" decoding=\"async\" src=\"https:\/\/gocuisivin.com\/gleengag\/2022\/03\/Icon-w_-Text_Unique-Tactile-Finish-_-Warm-and-Comfortable_1.jpg\" alt=\"\" width=\"100\" height=\"100\" \/><img loading=\"lazy\" decoding=\"async\" src=\"https:\/\/gocuisivin.com\/gleengag\/2022\/03\/Icon-w_-Text_Lead-Free-Crystal_1-scaled-e1647696159460.jpg\" alt=\"\" width=\"100\" height=\"100\" \/><img loading=\"lazy\" decoding=\"async\" src=\"https:\/\/gocuisivin.com\/gleengag\/2022\/03\/Icon-w_-Text_Dishwasher-Safe_1-scaled-e1647696229552.jpg\" alt=\"\" width=\"100\" height=\"100\" \/><\/p>\n","protected":false},"featured_media":16282,"comment_status":"open","ping_status":"closed","template":"","meta":[],"pwb-brand":[1664,1677],"product_brand":[],"product_cat":[1595,1557,1559],"product_tag":[1229,1208,281,1008,1010,1009,290,118,527],"class_list":{"0":"post-22645","1":"product","2":"type-product","3":"status-publish","4":"has-post-thumbnail","6":"pwb-brand-cuisivin-fr","7":"pwb-brand-velour-fr","8":"product_cat-decore","9":"product_cat-verrerie","10":"product_cat-whisky-spiritueux","11":"product_tag-320-ml","12":"product_tag-arbres-de-velours","13":"product_tag-cuisivin-fr","14":"product_tag-decore","15":"product_tag-impression-enveloppante","16":"product_tag-velours","17":"product_tag-verre-a-whisky","18":"product_tag-verrerie","19":"product_tag-whisky-spiritueux-fr","21":"first","22":"outofstock","23":"taxable","24":"shipping-taxable","25":"purchasable","26":"product-type-simple"},"brands":[{"id":1664,"name":"Cuisivin","slug":"cuisivin-fr"},{"id":1677,"name":"Velour","slug":"velour-fr"}],"_links":{"self":[{"href":"https:\/\/gocuisivin.com\/fr\/wp-json\/wp\/v2\/product\/22645","targetHints":{"allow":["GET"]}}],"collection":[{"href":"https:\/\/gocuisivin.com\/fr\/wp-json\/wp\/v2\/product"}],"about":[{"href":"https:\/\/gocuisivin.com\/fr\/wp-json\/wp\/v2\/types\/product"}],"replies":[{"embeddable":true,"href":"https:\/\/gocuisivin.com\/fr\/wp-json\/wp\/v2\/comments?post=22645"}],"version-history":[{"count":1,"href":"https:\/\/gocuisivin.com\/fr\/wp-json\/wp\/v2\/product\/22645\/revisions"}],"predecessor-version":[{"id":24352,"href":"https:\/\/gocuisivin.com\/fr\/wp-json\/wp\/v2\/product\/22645\/revisions\/24352"}],"wp:featuredmedia":[{"embeddable":true,"href":"https:\/\/gocuisivin.com\/fr\/wp-json\/wp\/v2\/media\/16282"}],"wp:attachment":[{"href":"https:\/\/gocuisivin.com\/fr\/wp-json\/wp\/v2\/media?parent=22645"}],"wp:term":[{"taxonomy":"pwb-brand","embeddable":true,"href":"https:\/\/gocuisivin.com\/fr\/wp-json\/wp\/v2\/pwb-brand?post=22645"},{"taxonomy":"product_brand","embeddable":true,"href":"https:\/\/gocuisivin.com\/fr\/wp-json\/wp\/v2\/product_brand?post=22645"},{"taxonomy":"product_cat","embeddable":true,"href":"https:\/\/gocuisivin.com\/fr\/wp-json\/wp\/v2\/product_cat?post=22645"},{"taxonomy":"product_tag","embeddable":true,"href":"https:\/\/gocuisivin.com\/fr\/wp-json\/wp\/v2\/product_tag?post=22645"}],"curies":[{"name":"wp","href":"https:\/\/api.w.org\/{rel}","templated":true}]}}