{"id":22639,"date":"2022-03-10T07:30:21","date_gmt":"2022-03-10T07:30:21","guid":{"rendered":"https:\/\/gocuisivin.com\/product\/verre-a-vin-a-tige-en-velours-noir-cuisivin-paquet-de-2\/"},"modified":"2023-01-19T15:02:03","modified_gmt":"2023-01-19T15:02:03","slug":"verre-a-vin-a-tige-en-velours-noir-cuisivin-paquet-de-2","status":"publish","type":"product","link":"https:\/\/gocuisivin.com\/fr\/product\/verre-a-vin-a-tige-en-velours-noir-cuisivin-paquet-de-2\/","title":{"rendered":"Verre \u00e0 vin \u00e0 tige en velours noir Cuisivin &#8211; Paquet de 2"},"content":{"rendered":"<p>Bienvenue dans l&#8217;exp\u00e9rience Velour ! Cette nouvelle application exclusive ajoute une finition douce et velout\u00e9e \u00e0 un assortiment de verrerie de sp\u00e9cialit\u00e9 et d&#8217;articles de table. Fabriqu\u00e9 au Canada, chaque article de la collection Velour d\u00e9gage une chaleur luxueuse et une sensation de confort. L&#8217;application durable et lavable au lave-vaisselle rehausse l&#8217;apparence et la sensation des verres. Ce verre \u00e0 vin exquis est dot\u00e9 d&#8217;une tige envelopp\u00e9e de velours &#8211; la quintessence du luxe. Le verre en cristal sans plomb de haute qualit\u00e9 est rehauss\u00e9 d&#8217;une merveilleuse sensation tactile sur la tige.<\/p>\n","protected":false},"excerpt":{"rendered":"<p>&nbsp;<\/p>\n<ul>\n<li>Tige et pied envelopp\u00e9s de velours. Toucher velout\u00e9 et doux. Regard unique.<\/li>\n<li>Fournit une merveilleuse finition tactile &#8211; la quintessence du luxe<\/li>\n<li>Tige en velours noir sophistiqu\u00e9<\/li>\n<li>Parfait pour le rouge et le vin<\/li>\n<li>Cristal sans plomb de haute qualit\u00e9, bord fin<\/li>\n<li>Capacit\u00e9 : 15,25 oz \/ 450 ml<\/li>\n<\/ul>\n<p><img decoding=\"async\" src=\"https:\/\/gocuisivin.com\/gleengag\/2022\/03\/Icon-w_-Text_Made-in-Canada_1.jpg\" alt=\"\" width=\"100\" height=\"100\" \/><img decoding=\"async\" src=\"https:\/\/gocuisivin.com\/gleengag\/2022\/03\/Icon-w_-Text_Handmade_1.jpg\" alt=\"\" width=\"100\" height=\"100\" \/><img decoding=\"async\" src=\"https:\/\/gocuisivin.com\/gleengag\/2022\/03\/Icon-w_-Text_Soft-Touch_1.jpg\" alt=\"\" width=\"100\" height=\"100\" \/><img loading=\"lazy\" decoding=\"async\" src=\"https:\/\/gocuisivin.com\/gleengag\/2022\/03\/Icon-w_-Text_Unique-Tactile-Finish-_-Warm-and-Comfortable_1.jpg\" alt=\"\" width=\"100\" height=\"100\" \/><img loading=\"lazy\" decoding=\"async\" src=\"https:\/\/gocuisivin.com\/gleengag\/2022\/03\/Icon-w_-Text_Lead-Free-Crystal_1-scaled-e1647696159460.jpg\" alt=\"\" width=\"100\" height=\"100\" \/><img loading=\"lazy\" decoding=\"async\" src=\"https:\/\/gocuisivin.com\/gleengag\/2022\/03\/Icon-w_-Text_Dishwasher-Safe_1-scaled-e1647696229552.jpg\" alt=\"\" width=\"100\" height=\"100\" \/><\/p>\n","protected":false},"featured_media":16369,"comment_status":"open","ping_status":"closed","template":"","meta":[],"pwb-brand":[1664,1677],"product_brand":[],"product_cat":[1595,1557,1558],"product_tag":[1197,281,1008,1198,1201,1009,1202,115,118,116],"class_list":{"0":"post-22639","1":"product","2":"type-product","3":"status-publish","4":"has-post-thumbnail","6":"pwb-brand-cuisivin-fr","7":"pwb-brand-velour-fr","8":"product_cat-decore","9":"product_cat-verrerie","10":"product_cat-vin","11":"product_tag-450-ml-fr","12":"product_tag-cuisivin-fr","13":"product_tag-decore","14":"product_tag-tige-enveloppee","15":"product_tag-tige-noire","16":"product_tag-velours","17":"product_tag-velours-noir-tige","18":"product_tag-verre-de-vin","19":"product_tag-verrerie","20":"product_tag-vin","22":"first","23":"instock","24":"taxable","25":"shipping-taxable","26":"purchasable","27":"product-type-simple"},"brands":[{"id":1664,"name":"Cuisivin","slug":"cuisivin-fr"},{"id":1677,"name":"Velour","slug":"velour-fr"}],"_links":{"self":[{"href":"https:\/\/gocuisivin.com\/fr\/wp-json\/wp\/v2\/product\/22639","targetHints":{"allow":["GET"]}}],"collection":[{"href":"https:\/\/gocuisivin.com\/fr\/wp-json\/wp\/v2\/product"}],"about":[{"href":"https:\/\/gocuisivin.com\/fr\/wp-json\/wp\/v2\/types\/product"}],"replies":[{"embeddable":true,"href":"https:\/\/gocuisivin.com\/fr\/wp-json\/wp\/v2\/comments?post=22639"}],"version-history":[{"count":1,"href":"https:\/\/gocuisivin.com\/fr\/wp-json\/wp\/v2\/product\/22639\/revisions"}],"predecessor-version":[{"id":24341,"href":"https:\/\/gocuisivin.com\/fr\/wp-json\/wp\/v2\/product\/22639\/revisions\/24341"}],"wp:featuredmedia":[{"embeddable":true,"href":"https:\/\/gocuisivin.com\/fr\/wp-json\/wp\/v2\/media\/16369"}],"wp:attachment":[{"href":"https:\/\/gocuisivin.com\/fr\/wp-json\/wp\/v2\/media?parent=22639"}],"wp:term":[{"taxonomy":"pwb-brand","embeddable":true,"href":"https:\/\/gocuisivin.com\/fr\/wp-json\/wp\/v2\/pwb-brand?post=22639"},{"taxonomy":"product_brand","embeddable":true,"href":"https:\/\/gocuisivin.com\/fr\/wp-json\/wp\/v2\/product_brand?post=22639"},{"taxonomy":"product_cat","embeddable":true,"href":"https:\/\/gocuisivin.com\/fr\/wp-json\/wp\/v2\/product_cat?post=22639"},{"taxonomy":"product_tag","embeddable":true,"href":"https:\/\/gocuisivin.com\/fr\/wp-json\/wp\/v2\/product_tag?post=22639"}],"curies":[{"name":"wp","href":"https:\/\/api.w.org\/{rel}","templated":true}]}}