{"id":22638,"date":"2022-03-10T07:30:20","date_gmt":"2022-03-10T07:30:20","guid":{"rendered":"https:\/\/gocuisivin.com\/product\/tasse-en-porcelaine-ours-polaire-en-velours-cuisivin\/"},"modified":"2023-01-19T15:07:32","modified_gmt":"2023-01-19T15:07:32","slug":"tasse-en-porcelaine-ours-polaire-en-velours-cuisivin","status":"publish","type":"product","link":"https:\/\/gocuisivin.com\/fr\/product\/tasse-en-porcelaine-ours-polaire-en-velours-cuisivin\/","title":{"rendered":"Tasse en porcelaine Ours polaire en velours Cuisivin"},"content":{"rendered":"<p>Bienvenue dans l&#8217;exp\u00e9rience Velour ! Cette nouvelle application exclusive ajoute une finition douce et velout\u00e9e \u00e0 la verrerie sp\u00e9cialis\u00e9e. Fabriqu\u00e9 au Canada, chaque article de la collection Velour d\u00e9gage une chaleur luxueuse et une sensation de confort. L&#8217;application durable, lavable au lave-vaisselle et au micro-ondes rehausse l&#8217;apparence et la sensation des verres. La tasse en porcelaine de haute qualit\u00e9, \u00e0 double cuisson et r\u00e9sistante aux \u00e9clats, pr\u00e9sente un magnifique motif d&#8217;ours polaire. La tasse sans poign\u00e9e vous permet d&#8217;enrouler vos mains autour de la tasse et de profiter pleinement de l&#8217;exp\u00e9rience Velour\u00a0!<\/p>\n","protected":false},"excerpt":{"rendered":"<p>&nbsp;<\/p>\n<ul>\n<li>Imprim\u00e9 enveloppant en velours. Toucher velout\u00e9 et doux. Regard unique.<\/li>\n<li>Fournit une merveilleuse finition tactile qui procure chaleur et confort lors de la tenue du verre.<\/li>\n<li>Magnifique imprim\u00e9 enveloppant ours polaire. Couleur : gris<\/li>\n<li>Enroulez vos mains autour de la tasse et profitez de l&#8217;exp\u00e9rience Velour compl\u00e8te !<\/li>\n<li>Mug en porcelaine de haute qualit\u00e9, sans cadmium, \u00e0 double cuisson et r\u00e9sistant aux \u00e9clats<\/li>\n<li>Capacit\u00e9 : 11,8 oz \/ 350 ml<\/li>\n<\/ul>\n<p><img decoding=\"async\" src=\"https:\/\/gocuisivin.com\/gleengag\/2022\/03\/Icon-w_-Text_Made-in-Canada_1.jpg\" alt=\"\" width=\"100\" height=\"100\" \/><img decoding=\"async\" src=\"https:\/\/gocuisivin.com\/gleengag\/2022\/03\/Icon-w_-Text_Handmade_1.jpg\" alt=\"\" width=\"100\" height=\"100\" \/><img decoding=\"async\" src=\"https:\/\/gocuisivin.com\/gleengag\/2022\/03\/Icon-w_-Text_Soft-Touch_1.jpg\" alt=\"\" width=\"100\" height=\"100\" \/><img loading=\"lazy\" decoding=\"async\" src=\"https:\/\/gocuisivin.com\/gleengag\/2022\/03\/Icon-w_-Text_Chip-Resistant-Porcelain_1.jpg\" alt=\"\" width=\"100\" height=\"100\" \/><img loading=\"lazy\" decoding=\"async\" src=\"https:\/\/gocuisivin.com\/gleengag\/2022\/03\/Icon-w_-Text_Microwave-Safe_1.jpg\" alt=\"\" width=\"100\" height=\"100\" \/><img loading=\"lazy\" decoding=\"async\" src=\"https:\/\/gocuisivin.com\/gleengag\/2022\/03\/Icon-w_-Text_Dishwasher-Safe_1-scaled-e1647696229552.jpg\" alt=\"\" width=\"100\" height=\"100\" \/><\/p>\n","protected":false},"featured_media":16334,"comment_status":"open","ping_status":"closed","template":"","meta":[],"pwb-brand":[1664,1677],"product_brand":[],"product_cat":[1598,1595],"product_tag":[1011,1187,1007,281,1008,1010,1214,1216,1215,1012,1186,1009],"class_list":{"0":"post-22638","1":"product","2":"type-product","3":"status-publish","4":"has-post-thumbnail","6":"pwb-brand-cuisivin-fr","7":"pwb-brand-velour-fr","8":"product_cat-cafe-the","9":"product_cat-decore","10":"product_tag-350-ml-fr","11":"product_tag-agresser","12":"product_tag-cafe-the","13":"product_tag-cuisivin-fr","14":"product_tag-decore","15":"product_tag-impression-enveloppante","16":"product_tag-imprime-ours-polaire","17":"product_tag-ours-polaire","18":"product_tag-ours-polaire-en-velours","19":"product_tag-porcelaine","20":"product_tag-tasse-en-porcelaine","21":"product_tag-velours","23":"first","24":"outofstock","25":"taxable","26":"shipping-taxable","27":"purchasable","28":"product-type-simple"},"brands":[{"id":1664,"name":"Cuisivin","slug":"cuisivin-fr"},{"id":1677,"name":"Velour","slug":"velour-fr"}],"_links":{"self":[{"href":"https:\/\/gocuisivin.com\/fr\/wp-json\/wp\/v2\/product\/22638","targetHints":{"allow":["GET"]}}],"collection":[{"href":"https:\/\/gocuisivin.com\/fr\/wp-json\/wp\/v2\/product"}],"about":[{"href":"https:\/\/gocuisivin.com\/fr\/wp-json\/wp\/v2\/types\/product"}],"replies":[{"embeddable":true,"href":"https:\/\/gocuisivin.com\/fr\/wp-json\/wp\/v2\/comments?post=22638"}],"version-history":[{"count":1,"href":"https:\/\/gocuisivin.com\/fr\/wp-json\/wp\/v2\/product\/22638\/revisions"}],"predecessor-version":[{"id":24345,"href":"https:\/\/gocuisivin.com\/fr\/wp-json\/wp\/v2\/product\/22638\/revisions\/24345"}],"wp:featuredmedia":[{"embeddable":true,"href":"https:\/\/gocuisivin.com\/fr\/wp-json\/wp\/v2\/media\/16334"}],"wp:attachment":[{"href":"https:\/\/gocuisivin.com\/fr\/wp-json\/wp\/v2\/media?parent=22638"}],"wp:term":[{"taxonomy":"pwb-brand","embeddable":true,"href":"https:\/\/gocuisivin.com\/fr\/wp-json\/wp\/v2\/pwb-brand?post=22638"},{"taxonomy":"product_brand","embeddable":true,"href":"https:\/\/gocuisivin.com\/fr\/wp-json\/wp\/v2\/product_brand?post=22638"},{"taxonomy":"product_cat","embeddable":true,"href":"https:\/\/gocuisivin.com\/fr\/wp-json\/wp\/v2\/product_cat?post=22638"},{"taxonomy":"product_tag","embeddable":true,"href":"https:\/\/gocuisivin.com\/fr\/wp-json\/wp\/v2\/product_tag?post=22638"}],"curies":[{"name":"wp","href":"https:\/\/api.w.org\/{rel}","templated":true}]}}