{"id":22637,"date":"2022-03-10T07:48:41","date_gmt":"2022-03-10T07:48:41","guid":{"rendered":"https:\/\/gocuisivin.com\/product\/bouchon-a-vin-souple-cuisivin-paquet-de-2\/"},"modified":"2023-01-19T14:57:40","modified_gmt":"2023-01-19T14:57:40","slug":"bouchon-a-vin-souple-cuisivin-paquet-de-2","status":"publish","type":"product","link":"https:\/\/gocuisivin.com\/fr\/product\/bouchon-a-vin-souple-cuisivin-paquet-de-2\/","title":{"rendered":"Bouchon \u00e0 vin souple Cuisivin &#8211; Paquet de 2"},"content":{"rendered":"<p>Le bouchon \u00e0 vin SoftSeal est un moyen simple et \u00e9l\u00e9gant de conserver le vin. Facile \u00e0 utiliser : il suffit d&#8217;appuyer et de verrouiller avec une petite torsion ! Il pr\u00e9sente une \u00e9l\u00e9gante finition noire douce au toucher et un ajustement \u00e9tanche sur les bouteilles de vin standard. La conception \u00e0 profil bas le rend pratique pour le stockage des bouteilles; soit horizontalement, soit verticalement. Coffret cadeau &#8211; fait un excellent cadeau pour les amateurs de vin !<\/p>\n","protected":false},"excerpt":{"rendered":"<p>&nbsp;<\/p>\n<ul>\n<li>Conserve \u00e0 vin \u00e9l\u00e9gant et facile \u00e0 utiliser<\/li>\n<li>Facile \u00e0 utiliser : poussez-le vers le bas et verrouillez-le avec juste une petite torsion !<\/li>\n<li>Design \u00e9l\u00e9gant au toucher doux<\/li>\n<li>\u00c9tanche sur les bouteilles de vin standard<\/li>\n<li>Profil bas &#8211; stockage facile au r\u00e9frig\u00e9rateur pour les bouteilles<\/li>\n<li>Coffret cadeau &#8211; fait un excellent cadeau pour les amateurs de vin !<\/li>\n<\/ul>\n<p><img decoding=\"async\" src=\"https:\/\/gocuisivin.com\/gleengag\/2022\/03\/Icon-w_-Text_Handwash_1.jpg\" alt=\"\" width=\"100\" height=\"100\" \/><\/p>\n","protected":false},"featured_media":29244,"comment_status":"open","ping_status":"closed","template":"","meta":[],"pwb-brand":[1664],"product_brand":[],"product_cat":[1565,979],"product_tag":[1002,1305,1279,281,1292],"class_list":{"0":"post-22637","1":"product","2":"type-product","3":"status-publish","4":"has-post-thumbnail","6":"pwb-brand-cuisivin-fr","7":"product_cat-accessoires-pour-le-vin-et-le-bar","8":"product_cat-bouchons-vin-champagne","9":"product_tag-accessoires-pour-le-vin-et-le-bar","10":"product_tag-bouchon-de-vin","11":"product_tag-bouchons-vin-champagne","12":"product_tag-cuisivin-fr","13":"product_tag-joint-souple","15":"first","16":"instock","17":"taxable","18":"shipping-taxable","19":"purchasable","20":"product-type-simple"},"brands":[{"id":1664,"name":"Cuisivin","slug":"cuisivin-fr"}],"_links":{"self":[{"href":"https:\/\/gocuisivin.com\/fr\/wp-json\/wp\/v2\/product\/22637","targetHints":{"allow":["GET"]}}],"collection":[{"href":"https:\/\/gocuisivin.com\/fr\/wp-json\/wp\/v2\/product"}],"about":[{"href":"https:\/\/gocuisivin.com\/fr\/wp-json\/wp\/v2\/types\/product"}],"replies":[{"embeddable":true,"href":"https:\/\/gocuisivin.com\/fr\/wp-json\/wp\/v2\/comments?post=22637"}],"version-history":[{"count":1,"href":"https:\/\/gocuisivin.com\/fr\/wp-json\/wp\/v2\/product\/22637\/revisions"}],"predecessor-version":[{"id":24336,"href":"https:\/\/gocuisivin.com\/fr\/wp-json\/wp\/v2\/product\/22637\/revisions\/24336"}],"wp:featuredmedia":[{"embeddable":true,"href":"https:\/\/gocuisivin.com\/fr\/wp-json\/wp\/v2\/media\/29244"}],"wp:attachment":[{"href":"https:\/\/gocuisivin.com\/fr\/wp-json\/wp\/v2\/media?parent=22637"}],"wp:term":[{"taxonomy":"pwb-brand","embeddable":true,"href":"https:\/\/gocuisivin.com\/fr\/wp-json\/wp\/v2\/pwb-brand?post=22637"},{"taxonomy":"product_brand","embeddable":true,"href":"https:\/\/gocuisivin.com\/fr\/wp-json\/wp\/v2\/product_brand?post=22637"},{"taxonomy":"product_cat","embeddable":true,"href":"https:\/\/gocuisivin.com\/fr\/wp-json\/wp\/v2\/product_cat?post=22637"},{"taxonomy":"product_tag","embeddable":true,"href":"https:\/\/gocuisivin.com\/fr\/wp-json\/wp\/v2\/product_tag?post=22637"}],"curies":[{"name":"wp","href":"https:\/\/api.w.org\/{rel}","templated":true}]}}